{"id":7858,"date":"2024-10-24T01:08:18","date_gmt":"2024-10-23T23:08:18","guid":{"rendered":"http:\/\/billigtrikots.com\/?post_type=product&#038;p=7858"},"modified":"2024-10-24T01:10:32","modified_gmt":"2024-10-23T23:10:32","slug":"kinder-fc-barcelona-2022-2023-drittes-fussballtrikot-weiss-kurzarm-kurze-hosen","status":"publish","type":"product","link":"https:\/\/www.billigtrikotde.com\/hr\/kinder-fc-barcelona-2022-2023-drittes-fussballtrikot-weiss-kurzarm-kurze-hosen\/","title":{"rendered":"Dje\u010dji FC Barcelona 2022-2023 tre\u0107e nogometno dres bijeli kratkih rukava + kratke hla\u010de"},"content":{"rendered":"<p>Das Nike Barcelona 2022-2023 drittes Fu\u00dfballtrikot hat ein bemerkenswertes Design. Es kombiniert eine hellgraue Grundfarbe mit einem Blaugrana-Kreuz auf der Vorderseite.<\/p>\n<p>Slu\u017ebena boja tre\u0107eg dresa Nike FC Barcelona 2022-2023 opisana je kao \u201enebesko siva\u201c i izazvala je odre\u0111ene zabrinutosti u novom vodstvu jer je previ\u0161e sli\u010dna bijeloj boji Real Madrida.<\/p>\n<p>Me\u0111utim, Barcelona je ve\u0107 izme\u0111u 1998. i 2001. imala vrlo sli\u010dan srebrni gostuju\u0107i dres. Taj dres je prije 20 godina bio kombiniran s plavim hla\u010dama.<\/p>\n<p>Kri\u017e u sredini simbolizira kri\u017e svetog Jurja (Kri\u017e Svetog Jurja), koji je dio grba kluba.<\/p>\n<p>Dieses Trikot erinnert daran, dass es im Jahr 2022 30 Jahre her ist, dass die Generalitat dem FC Barcelona das Creu de Sant Jordi verliehen hat.<\/p>\n<p>Savjeti za ispis: Ako ime i broj na slici to\u010dno odgovaraju va\u0161im \u017eeljama, ne morate ih ponovno unositi. Ako ne, unesite \u017eeljeno ime i broj.<\/p>\n<p>Savjeti za pranje: Preporu\u010duje se ru\u010dno pranje nogometnih dresova. Ako \u017eelite koristiti perilicu, sjetite se okrenuti dresove naopako prije pranja. Napunite perilicu hladnom vodom i koristite program za osjetljive tkanine kako biste bolje za\u0161titili boje.<\/p>","protected":false},"excerpt":{"rendered":"<p>Nike Barcelona 2022-2023 tre\u0107i nogometni dres ima upe\u010datljiv dizajn. Kombinira svijetlosivu osnovnu boju s plavo-grimiznim kri\u017eem na prednjoj strani. Slu\u017ebena boja tre\u0107eg dresa Nike FC Barcelona 2022-2023 opisana je kao \u201enebeskoplava\u201c i izazvala je odre\u0111ene zabrinutosti u novom vodstvu jer je vrlo sli\u010dna bijeloj boji, boji Real Madrida [...]<\/p>","protected":false},"featured_media":7898,"comment_status":"open","ping_status":"closed","template":"","meta":[],"product_brand":[],"product_cat":[146],"product_tag":[260,147,20,33,35,21,22,23,24,94],"class_list":{"0":"post-7858","1":"product","2":"type-product","3":"status-publish","4":"has-post-thumbnail","6":"product_cat-barcelona-kindertrikot","7":"product_tag-barcelona-ausweichtrikot","8":"product_tag-barcelona-trikotsatz-fuer-kinder","9":"product_tag-coole-fussballtrikots","10":"product_tag-fc-barcelona-trikots","11":"product_tag-fussball-torwarttrikots","12":"product_tag-fussballtrikot-fuer-herren","13":"product_tag-fussballtrikot-guenstig-kaufen","14":"product_tag-fussballtrikot-kurzarm","15":"product_tag-guenstiges-fussballtrikot","16":"product_tag-kinder-fussball-trikotsatz","18":"first","19":"instock","20":"shipping-taxable","21":"purchasable","22":"product-type-variable"},"_links":{"self":[{"href":"https:\/\/www.billigtrikotde.com\/hr\/wp-json\/wp\/v2\/product\/7858","targetHints":{"allow":["GET"]}}],"collection":[{"href":"https:\/\/www.billigtrikotde.com\/hr\/wp-json\/wp\/v2\/product"}],"about":[{"href":"https:\/\/www.billigtrikotde.com\/hr\/wp-json\/wp\/v2\/types\/product"}],"replies":[{"embeddable":true,"href":"https:\/\/www.billigtrikotde.com\/hr\/wp-json\/wp\/v2\/comments?post=7858"}],"wp:featuredmedia":[{"embeddable":true,"href":"https:\/\/www.billigtrikotde.com\/hr\/wp-json\/wp\/v2\/media\/7898"}],"wp:attachment":[{"href":"https:\/\/www.billigtrikotde.com\/hr\/wp-json\/wp\/v2\/media?parent=7858"}],"wp:term":[{"taxonomy":"product_brand","embeddable":true,"href":"https:\/\/www.billigtrikotde.com\/hr\/wp-json\/wp\/v2\/product_brand?post=7858"},{"taxonomy":"product_cat","embeddable":true,"href":"https:\/\/www.billigtrikotde.com\/hr\/wp-json\/wp\/v2\/product_cat?post=7858"},{"taxonomy":"product_tag","embeddable":true,"href":"https:\/\/www.billigtrikotde.com\/hr\/wp-json\/wp\/v2\/product_tag?post=7858"}],"curies":[{"name":"wp","href":"https:\/\/api.w.org\/{rel}","templated":true}]}}