{"id":7824,"date":"2024-10-24T01:06:33","date_gmt":"2024-10-23T23:06:33","guid":{"rendered":"http:\/\/billigtrikots.com\/?post_type=product&#038;p=7824"},"modified":"2024-10-24T01:08:46","modified_gmt":"2024-10-23T23:08:46","slug":"fc-barcelona-2022-23-auswaertstrikot-goldene-away-shirt-fuer-herren-memphis-9","status":"publish","type":"product","link":"https:\/\/www.billigtrikotde.com\/hr\/fc-barcelona-2022-23-auswaertstrikot-goldene-away-shirt-fuer-herren-memphis-9\/","title":{"rendered":"FC Barcelona 2022-23 gostuju\u0107i dres zlatni Away shirt za mu\u0161karce MEMPHIS 9"},"content":{"rendered":"<p>FC Barcelona 22-23 gostuju\u0107i dres ima zlatnu osnovnu boju koja izaziva sje\u0107anja na rane 2000-e godine. Svi logotipi su u tamnoplavoj boji.<\/p>\n<p>Boja i dizajn rukava novog dresa su aluzija na zlatne medalje koje sporta\u0161i dobivaju na Olimpijskim igrama, 30 godina nakon \u0161to su Olimpijske igre 1992. odr\u017eane u Barceloni. Igre su otvorene 25. srpnja 1992. godine. Osim toga, boje pet olimpijskih prstenova mogu se vidjeti na man\u017eetnama rukava i na \u0161tucnama.<\/p>\n<p>Diskretni uzorak koji prikazuje kartu grada Barcelone upotpunjuje izgled. Rije\u010d je o tisku gradskog plana na kojem su, uz ostale ulice, prikazane i mre\u017ee ku\u0107nih blokova u \u010detvrti L\u2019Eixample i na Aveniji Diagonal.<\/p>\n<p>Savjeti za ispis: Ako ime i broj na slici to\u010dno odgovaraju va\u0161im \u017eeljama, ne morate ih ponovno unositi. Ako ne, unesite \u017eeljeno ime i broj.<\/p>\n<p>Savjeti za pranje: Preporu\u010duje se ru\u010dno pranje nogometnih dresova. Ako \u017eelite koristiti perilicu, sjetite se okrenuti dresove naopako prije pranja. Napunite perilicu hladnom vodom i koristite program za osjetljive tkanine kako biste bolje za\u0161titili boje.<\/p>","protected":false},"excerpt":{"rendered":"<p>Gostuju\u0107i dres FC Barcelona 22-23 ima zlatnu osnovnu boju koja priziva sje\u0107anja na rane 2000-e godine. Svi logotipi su u tamnoplavoj boji. Boja i dizajn rukava novog dresa aludiraju na zlatne medalje koje su sporta\u0161i dobili na Olimpijskim igrama, 30 godina nakon \u0161to su Olimpijske igre 1992. odr\u017eane u Barceloni. [...]<\/p>","protected":false},"featured_media":7863,"comment_status":"open","ping_status":"closed","template":"","meta":[],"product_brand":[],"product_cat":[31],"product_tag":[20,346,33,21,22,23,24,345],"class_list":{"0":"post-7824","1":"product","2":"type-product","3":"status-publish","4":"has-post-thumbnail","6":"product_cat-fc-barcelona","7":"product_tag-coole-fussballtrikots","8":"product_tag-fc-barcelona-2022-23-trikot","9":"product_tag-fc-barcelona-trikots","10":"product_tag-fussballtrikot-fuer-herren","11":"product_tag-fussballtrikot-guenstig-kaufen","12":"product_tag-fussballtrikot-kurzarm","13":"product_tag-guenstiges-fussballtrikot","14":"product_tag-neuen-fc-barcelona-trikots","16":"first","17":"instock","18":"shipping-taxable","19":"purchasable","20":"product-type-variable"},"_links":{"self":[{"href":"https:\/\/www.billigtrikotde.com\/hr\/wp-json\/wp\/v2\/product\/7824","targetHints":{"allow":["GET"]}}],"collection":[{"href":"https:\/\/www.billigtrikotde.com\/hr\/wp-json\/wp\/v2\/product"}],"about":[{"href":"https:\/\/www.billigtrikotde.com\/hr\/wp-json\/wp\/v2\/types\/product"}],"replies":[{"embeddable":true,"href":"https:\/\/www.billigtrikotde.com\/hr\/wp-json\/wp\/v2\/comments?post=7824"}],"wp:featuredmedia":[{"embeddable":true,"href":"https:\/\/www.billigtrikotde.com\/hr\/wp-json\/wp\/v2\/media\/7863"}],"wp:attachment":[{"href":"https:\/\/www.billigtrikotde.com\/hr\/wp-json\/wp\/v2\/media?parent=7824"}],"wp:term":[{"taxonomy":"product_brand","embeddable":true,"href":"https:\/\/www.billigtrikotde.com\/hr\/wp-json\/wp\/v2\/product_brand?post=7824"},{"taxonomy":"product_cat","embeddable":true,"href":"https:\/\/www.billigtrikotde.com\/hr\/wp-json\/wp\/v2\/product_cat?post=7824"},{"taxonomy":"product_tag","embeddable":true,"href":"https:\/\/www.billigtrikotde.com\/hr\/wp-json\/wp\/v2\/product_tag?post=7824"}],"curies":[{"name":"wp","href":"https:\/\/api.w.org\/{rel}","templated":true}]}}