{"id":7704,"date":"2024-10-24T01:00:48","date_gmt":"2024-10-23T23:00:48","guid":{"rendered":"http:\/\/billigtrikots.com\/?post_type=product&#038;p=7704"},"modified":"2024-10-24T01:02:57","modified_gmt":"2024-10-23T23:02:57","slug":"herren-fc-barcelona-22-23-heimtrikot-dunkelblau-kurzarm-kurze-hosen","status":"publish","type":"product","link":"https:\/\/www.billigtrikotde.com\/hr\/herren-fc-barcelona-22-23-heimtrikot-dunkelblau-kurzarm-kurze-hosen\/","title":{"rendered":"Mu\u0161ki FC Barcelona 22\/23 doma\u0107i dres tamnoplava kratkih rukava + kratke hla\u010de"},"content":{"rendered":"<p>Otkrijte doma\u0107i dres Barcelone 2022\/2023. Ponosno nosite boje Blaugrane na terenu ili izvan njega.<\/p>\n<p>Fleksibilan i lagan dres s Nike Dri-Fit tehnologijom, odjevni predmet koji sprje\u010dava da vam znoj u\u0111e u igru ili trening. Ostanite suhi nakon svojih ubrzanja.<\/p>\n<p>Zamislite da vas gledatelji na Camp Nou navijaju nakon sjajne pogotka. Uzbudljivo, zar ne?<\/p>\n<p>Savjeti za ispis: Ako ime i broj na slici to\u010dno odgovaraju va\u0161im \u017eeljama, ne morate ih ponovno unositi. Ako ne, unesite \u017eeljeno ime i broj.<\/p>\n<p>Savjeti za pranje: Preporu\u010duje se ru\u010dno pranje nogometnih dresova. Ako \u017eelite koristiti perilicu, sjetite se okrenuti dresove naopako prije pranja. Napunite perilicu hladnom vodom i koristite program za osjetljive tkanine kako biste bolje za\u0161titili boje.<\/p>","protected":false},"excerpt":{"rendered":"<p>Otkrijte Bar\u00e7a 2022\/2023 doma\u0107i dres. Ponosno nosite boje Blaugrana na terenu ili van njega. Fleksibilan i lagan dres s Nike Dri-FIT tehnologijom, odjevni predmet koji sprje\u010dava da vam znoj u\u0111e u igru ili trening. Ostanite suhi nakon svojih ubrzanja. Zamislite da gledatelji na Camp Nou [\u2026]<\/p>","protected":false},"featured_media":7743,"comment_status":"open","ping_status":"closed","template":"","meta":[],"product_brand":[],"product_cat":[31],"product_tag":[32,20,33,21,22,23,24],"class_list":{"0":"post-7704","1":"product","2":"type-product","3":"status-publish","4":"has-post-thumbnail","6":"product_cat-fc-barcelona","7":"product_tag-barcelona-heimtrikot","8":"product_tag-coole-fussballtrikots","9":"product_tag-fc-barcelona-trikots","10":"product_tag-fussballtrikot-fuer-herren","11":"product_tag-fussballtrikot-guenstig-kaufen","12":"product_tag-fussballtrikot-kurzarm","13":"product_tag-guenstiges-fussballtrikot","15":"first","16":"instock","17":"shipping-taxable","18":"purchasable","19":"product-type-variable"},"_links":{"self":[{"href":"https:\/\/www.billigtrikotde.com\/hr\/wp-json\/wp\/v2\/product\/7704","targetHints":{"allow":["GET"]}}],"collection":[{"href":"https:\/\/www.billigtrikotde.com\/hr\/wp-json\/wp\/v2\/product"}],"about":[{"href":"https:\/\/www.billigtrikotde.com\/hr\/wp-json\/wp\/v2\/types\/product"}],"replies":[{"embeddable":true,"href":"https:\/\/www.billigtrikotde.com\/hr\/wp-json\/wp\/v2\/comments?post=7704"}],"wp:featuredmedia":[{"embeddable":true,"href":"https:\/\/www.billigtrikotde.com\/hr\/wp-json\/wp\/v2\/media\/7743"}],"wp:attachment":[{"href":"https:\/\/www.billigtrikotde.com\/hr\/wp-json\/wp\/v2\/media?parent=7704"}],"wp:term":[{"taxonomy":"product_brand","embeddable":true,"href":"https:\/\/www.billigtrikotde.com\/hr\/wp-json\/wp\/v2\/product_brand?post=7704"},{"taxonomy":"product_cat","embeddable":true,"href":"https:\/\/www.billigtrikotde.com\/hr\/wp-json\/wp\/v2\/product_cat?post=7704"},{"taxonomy":"product_tag","embeddable":true,"href":"https:\/\/www.billigtrikotde.com\/hr\/wp-json\/wp\/v2\/product_tag?post=7704"}],"curies":[{"name":"wp","href":"https:\/\/api.w.org\/{rel}","templated":true}]}}