{"id":762,"date":"2024-10-23T13:03:01","date_gmt":"2024-10-23T11:03:01","guid":{"rendered":"http:\/\/billigtrikots.com\/?post_type=product&#038;p=762"},"modified":"2024-10-23T13:04:59","modified_gmt":"2024-10-23T11:04:59","slug":"herren-trikot-away-blau-real-madrid-auswaertstrikot-2022-mit-aufdruck-gutierrez-35","status":"publish","type":"product","link":"https:\/\/www.billigtrikotde.com\/hr\/herren-trikot-away-blau-real-madrid-auswaertstrikot-2022-mit-aufdruck-gutierrez-35\/","title":{"rendered":"Mu\u0161ki dres Vanjski plavi Real Madrid gostuju\u0107i dres 2022 s natpisom Gutierrez 35"},"content":{"rendered":"<p>Poka\u017ei svoj timski ponos i podr\u017ei Real Madrid u sezoni 2021\/2022 u slu\u017ebenom adidas gostuju\u0107em dresu. Verzija za navija\u010de gostuju\u0107eg dresa za mu\u0161karce izgleda kao model koji nose profesionalci Real na terenu. Odr\u017eivi materijal Primegreen sastoji se od recikliranog poliestera i zahvaljuju\u0107i tehnologiji odvodnje vlage AEROREADY pru\u017ea ugodan osje\u0107aj suho\u0107e. Autenti\u010dni detalji tima poput grba kluba na prsima potvr\u0111uju tvoju povezanost s Kraljevima.<\/p>\n<p>Savjeti za ispis: Ako ime i broj na slici to\u010dno odgovaraju va\u0161im \u017eeljama, ne morate ih ponovno unositi. Ako ne, unesite \u017eeljeno ime i broj.<\/p>\n<p>Savjeti za pranje: Preporu\u010duje se ru\u010dno pranje nogometnih dresova. Ako \u017eelite koristiti perilicu, sjetite se okrenuti dresove naopako prije pranja. Napunite perilicu hladnom vodom i koristite program za osjetljive tkanine kako biste bolje za\u0161titili boje.<\/p>","protected":false},"excerpt":{"rendered":"<p>Poka\u017ei svoj timski ponos i podr\u017ei Real Madrid u sezoni 2021\/2022 u slu\u017ebenom adidas gostuju\u0107em dresu. Verzija navija\u010da gostuju\u0107eg dresa za mu\u0161karce izgleda kao model koji nose profesionalci Real na terenu. Odr\u017eivi materijal Primegreen sastoji se od recikliranog poliestera i zahvaljuju\u0107i tehnologiji odvodnje vlage AEROREADY pru\u017ea ugodan osje\u0107aj suho\u0107e. Autenti\u010dni detalji tima kao [\u2026]<\/p>","protected":false},"featured_media":796,"comment_status":"open","ping_status":"closed","template":"","meta":[],"product_brand":[],"product_cat":[45],"product_tag":[20,21,22,23,24,49,47],"class_list":{"0":"post-762","1":"product","2":"type-product","3":"status-publish","4":"has-post-thumbnail","6":"product_cat-real-madrid","7":"product_tag-coole-fussballtrikots","8":"product_tag-fussballtrikot-fuer-herren","9":"product_tag-fussballtrikot-guenstig-kaufen","10":"product_tag-fussballtrikot-kurzarm","11":"product_tag-guenstiges-fussballtrikot","12":"product_tag-real-madrid-auswaertstrikot","13":"product_tag-real-madrid-trikots","15":"first","16":"instock","17":"shipping-taxable","18":"purchasable","19":"product-type-variable"},"_links":{"self":[{"href":"https:\/\/www.billigtrikotde.com\/hr\/wp-json\/wp\/v2\/product\/762","targetHints":{"allow":["GET"]}}],"collection":[{"href":"https:\/\/www.billigtrikotde.com\/hr\/wp-json\/wp\/v2\/product"}],"about":[{"href":"https:\/\/www.billigtrikotde.com\/hr\/wp-json\/wp\/v2\/types\/product"}],"replies":[{"embeddable":true,"href":"https:\/\/www.billigtrikotde.com\/hr\/wp-json\/wp\/v2\/comments?post=762"}],"wp:featuredmedia":[{"embeddable":true,"href":"https:\/\/www.billigtrikotde.com\/hr\/wp-json\/wp\/v2\/media\/796"}],"wp:attachment":[{"href":"https:\/\/www.billigtrikotde.com\/hr\/wp-json\/wp\/v2\/media?parent=762"}],"wp:term":[{"taxonomy":"product_brand","embeddable":true,"href":"https:\/\/www.billigtrikotde.com\/hr\/wp-json\/wp\/v2\/product_brand?post=762"},{"taxonomy":"product_cat","embeddable":true,"href":"https:\/\/www.billigtrikotde.com\/hr\/wp-json\/wp\/v2\/product_cat?post=762"},{"taxonomy":"product_tag","embeddable":true,"href":"https:\/\/www.billigtrikotde.com\/hr\/wp-json\/wp\/v2\/product_tag?post=762"}],"curies":[{"name":"wp","href":"https:\/\/api.w.org\/{rel}","templated":true}]}}