{"id":7596,"date":"2024-10-23T18:36:45","date_gmt":"2024-10-23T16:36:45","guid":{"rendered":"http:\/\/billigtrikots.com\/?post_type=product&#038;p=7596"},"modified":"2024-10-23T18:39:24","modified_gmt":"2024-10-23T16:39:24","slug":"fc-barcelona-2022-23-ausweichtrikot-weiss-kurzarm-kurze-hosen-gavi-30","status":"publish","type":"product","link":"https:\/\/www.billigtrikotde.com\/hr\/fc-barcelona-2022-23-ausweichtrikot-weiss-kurzarm-kurze-hosen-gavi-30\/","title":{"rendered":"FC Barcelona 2022\/23 gostuju\u0107i dres bijeli kratkih rukava + kratke hla\u010de GAVI 30"},"content":{"rendered":"<p>Nike Barcelona 2022-2023 tre\u0107i nogometni dres ima upe\u010datljiv dizajn. Kombinira svijetlo sivu osnovnu boju s plavo-crvenim kri\u017eem na prednjoj strani.<\/p>\n<p>Slu\u017ebena boja tre\u0107eg dresa Nike FC Barcelona 2022-2023 opisana je kao \u201enebesko siva\u201c i izazvala je odre\u0111ene zabrinutosti u novom vodstvu jer je previ\u0161e sli\u010dna bijeloj boji Real Madrida.<\/p>\n<p>Me\u0111utim, Barcelona je ve\u0107 izme\u0111u 1998. i 2001. imala vrlo sli\u010dan srebrni gostuju\u0107i dres. Taj dres je prije 20 godina bio kombiniran s plavim hla\u010dama.<\/p>\n<p>Kri\u017e u sredini simbolizira kri\u017e svetog Jurja (Kri\u017e Svetog Jurja), koji je dio grba kluba.<\/p>\n<p>Ovaj dres podsje\u0107a na \u010dinjenicu da \u0107e 2022. godine biti 30 godina otkako je Generalitat dodijelila FC Barceloni Creu de Sant Jordi.<\/p>\n<p>Savjeti za ispis: Ako ime i broj na slici to\u010dno odgovaraju va\u0161im \u017eeljama, ne morate ih ponovno unositi. Ako ne, unesite \u017eeljeno ime i broj.<\/p>\n<p>Savjeti za pranje: Preporu\u010duje se ru\u010dno pranje nogometnih dresova. Ako \u017eelite koristiti perilicu, sjetite se okrenuti dresove naopako prije pranja. Napunite perilicu hladnom vodom i koristite program za osjetljive tkanine kako biste bolje za\u0161titili boje.<\/p>","protected":false},"excerpt":{"rendered":"<p>Nike Barcelona 2022-2023 tre\u0107i nogometni dres ima upe\u010datljiv dizajn. Kombinira svijetlosivu osnovnu boju s plavo-grimiznim kri\u017eem na prednjoj strani. Slu\u017ebena boja tre\u0107eg dresa Nike FC Barcelona 2022-2023 opisana je kao \u201enebeskoplava\u201c i izazvala je odre\u0111ene zabrinutosti u novom vodstvu jer je vrlo sli\u010dna bijeloj boji, boji Real Madrida [...]<\/p>","protected":false},"featured_media":7634,"comment_status":"open","ping_status":"closed","template":"","meta":[],"product_brand":[],"product_cat":[31],"product_tag":[20,37,33,21,22,23,24],"class_list":{"0":"post-7596","1":"product","2":"type-product","3":"status-publish","4":"has-post-thumbnail","6":"product_cat-fc-barcelona","7":"product_tag-coole-fussballtrikots","8":"product_tag-fc-barcelona-ausweichtrikot","9":"product_tag-fc-barcelona-trikots","10":"product_tag-fussballtrikot-fuer-herren","11":"product_tag-fussballtrikot-guenstig-kaufen","12":"product_tag-fussballtrikot-kurzarm","13":"product_tag-guenstiges-fussballtrikot","15":"first","16":"instock","17":"shipping-taxable","18":"purchasable","19":"product-type-variable"},"_links":{"self":[{"href":"https:\/\/www.billigtrikotde.com\/hr\/wp-json\/wp\/v2\/product\/7596","targetHints":{"allow":["GET"]}}],"collection":[{"href":"https:\/\/www.billigtrikotde.com\/hr\/wp-json\/wp\/v2\/product"}],"about":[{"href":"https:\/\/www.billigtrikotde.com\/hr\/wp-json\/wp\/v2\/types\/product"}],"replies":[{"embeddable":true,"href":"https:\/\/www.billigtrikotde.com\/hr\/wp-json\/wp\/v2\/comments?post=7596"}],"wp:featuredmedia":[{"embeddable":true,"href":"https:\/\/www.billigtrikotde.com\/hr\/wp-json\/wp\/v2\/media\/7634"}],"wp:attachment":[{"href":"https:\/\/www.billigtrikotde.com\/hr\/wp-json\/wp\/v2\/media?parent=7596"}],"wp:term":[{"taxonomy":"product_brand","embeddable":true,"href":"https:\/\/www.billigtrikotde.com\/hr\/wp-json\/wp\/v2\/product_brand?post=7596"},{"taxonomy":"product_cat","embeddable":true,"href":"https:\/\/www.billigtrikotde.com\/hr\/wp-json\/wp\/v2\/product_cat?post=7596"},{"taxonomy":"product_tag","embeddable":true,"href":"https:\/\/www.billigtrikotde.com\/hr\/wp-json\/wp\/v2\/product_tag?post=7596"}],"curies":[{"name":"wp","href":"https:\/\/api.w.org\/{rel}","templated":true}]}}