{"id":7484,"date":"2024-10-23T18:31:39","date_gmt":"2024-10-23T16:31:39","guid":{"rendered":"http:\/\/billigtrikots.com\/?post_type=product&#038;p=7484"},"modified":"2024-10-23T18:33:45","modified_gmt":"2024-10-23T16:33:45","slug":"shop-tottenham-hotspur-drittes-trikot-2022-23-blau-herren-fussballtrikots","status":"publish","type":"product","link":"https:\/\/www.billigtrikotde.com\/hr\/shop-tottenham-hotspur-drittes-trikot-2022-23-blau-herren-fussballtrikots\/","title":{"rendered":"Shop Tottenham Hotspur Tre\u0107i dres 2022\/23 plavi mu\u0161karci nogometni dresovi"},"content":{"rendered":"<p>Nova tre\u0107a majica Tottenham Hotspursa odlikuje se apstraktnim grafi\u010dkim printom koji pokriva cijelu prednju stranu i rukave, a vjerojatno i ve\u0107i dio, ako ne i cijelu stra\u017enju stranu. Logotipi su u cijelosti bijeli, uklju\u010duju\u0107i jednobojni prikaz Spursovog grba.<\/p>\n<p>Izgled Nike Tottenham 22-23 majice upotpunjuje crni okrugli ovratnik i man\u017eete na rukavima, koji su djelomi\u010dno crni, djelomi\u010dno tamno tirkizni. Po \u0161abloni, tre\u0107a majica Nike Tottenham Hotspur F.C. 2022-2023 je isti model kao i majica 22-23.<\/p>","protected":false},"excerpt":{"rendered":"<p>Novi tre\u0107i dres Tottenham Hotspursa odlikuje se apstraktnim grafi\u010dkim tiskom koji pokriva cijelu prednju stranu i rukave, a vjerojatno i veliki dio, ako ne i cijelu stra\u017enju stranu. Logotipi su u potpunosti bijeli, uklju\u010duju\u0107i jednobojni prikaz Spursovog grba. Izgled Nike Tottenham 22-23 dresa zaokru\u017euje se...<\/p>","protected":false},"featured_media":7516,"comment_status":"open","ping_status":"closed","template":"","meta":[],"product_brand":[],"product_cat":[178],"product_tag":[20,21,22,23,24,335,104],"class_list":{"0":"post-7484","1":"product","2":"type-product","3":"status-publish","4":"has-post-thumbnail","6":"product_cat-tottenham-hotspur","7":"product_tag-coole-fussballtrikots","8":"product_tag-fussballtrikot-fuer-herren","9":"product_tag-fussballtrikot-guenstig-kaufen","10":"product_tag-fussballtrikot-kurzarm","11":"product_tag-guenstiges-fussballtrikot","12":"product_tag-shop-tottenham-hotspur-trikot","13":"product_tag-tottenham-hotspur-trikots","15":"first","16":"instock","17":"shipping-taxable","18":"purchasable","19":"product-type-variable"},"_links":{"self":[{"href":"https:\/\/www.billigtrikotde.com\/hr\/wp-json\/wp\/v2\/product\/7484","targetHints":{"allow":["GET"]}}],"collection":[{"href":"https:\/\/www.billigtrikotde.com\/hr\/wp-json\/wp\/v2\/product"}],"about":[{"href":"https:\/\/www.billigtrikotde.com\/hr\/wp-json\/wp\/v2\/types\/product"}],"replies":[{"embeddable":true,"href":"https:\/\/www.billigtrikotde.com\/hr\/wp-json\/wp\/v2\/comments?post=7484"}],"wp:featuredmedia":[{"embeddable":true,"href":"https:\/\/www.billigtrikotde.com\/hr\/wp-json\/wp\/v2\/media\/7516"}],"wp:attachment":[{"href":"https:\/\/www.billigtrikotde.com\/hr\/wp-json\/wp\/v2\/media?parent=7484"}],"wp:term":[{"taxonomy":"product_brand","embeddable":true,"href":"https:\/\/www.billigtrikotde.com\/hr\/wp-json\/wp\/v2\/product_brand?post=7484"},{"taxonomy":"product_cat","embeddable":true,"href":"https:\/\/www.billigtrikotde.com\/hr\/wp-json\/wp\/v2\/product_cat?post=7484"},{"taxonomy":"product_tag","embeddable":true,"href":"https:\/\/www.billigtrikotde.com\/hr\/wp-json\/wp\/v2\/product_tag?post=7484"}],"curies":[{"name":"wp","href":"https:\/\/api.w.org\/{rel}","templated":true}]}}