{"id":7482,"date":"2024-10-23T18:31:37","date_gmt":"2024-10-23T16:31:37","guid":{"rendered":"http:\/\/billigtrikots.com\/?post_type=product&#038;p=7482"},"modified":"2024-10-23T18:33:13","modified_gmt":"2024-10-23T16:33:13","slug":"manchester-city-torwarttrikot-fuer-herren-2022-23-langarm-orange-trikotsatz-ederson-m-31","status":"publish","type":"product","link":"https:\/\/www.billigtrikotde.com\/hr\/manchester-city-torwarttrikot-fuer-herren-2022-23-langarm-orange-trikotsatz-ederson-m-31\/","title":{"rendered":"Manchester City golmanski dres za mu\u0161karce 2022\/23 dugi rukav naran\u010dasti komplet dresova EDERSON M.31"},"content":{"rendered":"<p>Manchester City doma\u0107i torbica za golmana za sezonu 22\/23 je apsolutni must-have za svaku mladu garderobu Cityzena. Ima okrugli izrez i jedinstvenu \u201ebrzu grafiku\u201c PUMA na prednjoj strani dresa. Ovaj dres za dje\u010dake i djevoj\u010dice s dugim rukavima i normalnim krojem daje ti isti kroj kao Ederson. Savjeti za tiskanje: Ako [\u2026]<\/p>\n<p>Savjeti za ispis: Ako ime i broj na slici to\u010dno odgovaraju va\u0161im \u017eeljama, ne morate ih ponovno unositi. Ako ne, unesite \u017eeljeno ime i broj.<\/p>\n<p>Savjeti za pranje: Preporu\u010duje se ru\u010dno pranje nogometnih dresova. Ako \u017eelite koristiti perilicu, sjetite se okrenuti dresove naopako prije pranja. Napunite perilicu hladnom vodom i koristite program za osjetljive tkanine kako biste bolje za\u0161titili boje.<\/p>","protected":false},"excerpt":{"rendered":"<p>Manchester City doma\u0107i torbica za golmana za sezonu 22\/23 je apsolutni must-have za svaku mladu garderobu Cityzena. Ima okrugli izrez i jedinstvenu \u201ebrzu grafiku\u201c PUMA na prednjoj strani dresa. Ovaj dres za dje\u010dake i djevoj\u010dice s dugim rukavima i normalnim krojem daje ti isti kroj kao Ederson. Savjeti za tiskanje: Ako [\u2026]<\/p>","protected":false},"featured_media":7515,"comment_status":"open","ping_status":"closed","template":"","meta":[],"product_brand":[],"product_cat":[82],"product_tag":[20,21,22,333,24,334,273,84],"class_list":{"0":"post-7482","1":"product","2":"type-product","3":"status-publish","4":"has-post-thumbnail","6":"product_cat-manchester-city","7":"product_tag-coole-fussballtrikots","8":"product_tag-fussballtrikot-fuer-herren","9":"product_tag-fussballtrikot-guenstig-kaufen","10":"product_tag-fussballtrikot-langaermeliges","11":"product_tag-guenstiges-fussballtrikot","12":"product_tag-manchester-city-torwarttrikot","13":"product_tag-manchester-city-trikot-22-23","14":"product_tag-manchester-city-trikots","16":"first","17":"instock","18":"shipping-taxable","19":"purchasable","20":"product-type-variable"},"_links":{"self":[{"href":"https:\/\/www.billigtrikotde.com\/hr\/wp-json\/wp\/v2\/product\/7482","targetHints":{"allow":["GET"]}}],"collection":[{"href":"https:\/\/www.billigtrikotde.com\/hr\/wp-json\/wp\/v2\/product"}],"about":[{"href":"https:\/\/www.billigtrikotde.com\/hr\/wp-json\/wp\/v2\/types\/product"}],"replies":[{"embeddable":true,"href":"https:\/\/www.billigtrikotde.com\/hr\/wp-json\/wp\/v2\/comments?post=7482"}],"wp:featuredmedia":[{"embeddable":true,"href":"https:\/\/www.billigtrikotde.com\/hr\/wp-json\/wp\/v2\/media\/7515"}],"wp:attachment":[{"href":"https:\/\/www.billigtrikotde.com\/hr\/wp-json\/wp\/v2\/media?parent=7482"}],"wp:term":[{"taxonomy":"product_brand","embeddable":true,"href":"https:\/\/www.billigtrikotde.com\/hr\/wp-json\/wp\/v2\/product_brand?post=7482"},{"taxonomy":"product_cat","embeddable":true,"href":"https:\/\/www.billigtrikotde.com\/hr\/wp-json\/wp\/v2\/product_cat?post=7482"},{"taxonomy":"product_tag","embeddable":true,"href":"https:\/\/www.billigtrikotde.com\/hr\/wp-json\/wp\/v2\/product_tag?post=7482"}],"curies":[{"name":"wp","href":"https:\/\/api.w.org\/{rel}","templated":true}]}}