{"id":746,"date":"2024-10-23T13:02:26","date_gmt":"2024-10-23T11:02:26","guid":{"rendered":"http:\/\/billigtrikots.com\/?post_type=product&#038;p=746"},"modified":"2024-10-23T13:04:28","modified_gmt":"2024-10-23T11:04:28","slug":"fussball-trikotsatz-real-madrid-ausweichtrikot-2021-22-gruen-mit-aufdruck-kroos-8","status":"publish","type":"product","link":"https:\/\/www.billigtrikotde.com\/hr\/fussball-trikotsatz-real-madrid-ausweichtrikot-2021-22-gruen-mit-aufdruck-kroos-8\/","title":{"rendered":"Fudbalski komplet dresova Real Madrid zamjenski dres 2021\/22 zelena s natpisom Kroos 8"},"content":{"rendered":"<p>Das Shirt von adidas in Gr\u00fcn l\u00e4sst dich die Farben deines Vereins tragen und allen zeigen, wof\u00fcr dein Herz schl\u00e4gt. Als echter Real Madrid-Fan brauchst du dieses Ausweich-Shirt, das die Spieler in der Primera Division tragen. Es ist atmungsaktiv, bequem und k\u00fchlend. Dieses Shirt ist optimal f\u00fcr dein Training und Spiel geeignet und darf in keiner Sporttasche fehlen. Es besticht optisch mit einem Vereinswappen auf der Brust.<\/p>\n<p>Savjeti za ispis: Ako ime i broj na slici to\u010dno odgovaraju va\u0161im \u017eeljama, ne morate ih ponovno unositi. Ako ne, unesite \u017eeljeno ime i broj.<\/p>\n<p>Savjeti za pranje: Preporu\u010duje se ru\u010dno pranje nogometnih dresova. Ako \u017eelite koristiti perilicu, sjetite se okrenuti dresove naopako prije pranja. Napunite perilicu hladnom vodom i koristite program za osjetljive tkanine kako biste bolje za\u0161titili boje.<\/p>","protected":false},"excerpt":{"rendered":"<p>Majica od adidas u zelenoj boji omogu\u0107ava ti da nosi\u0161 boje svog kluba i svima poka\u017ee\u0161 za \u0161to se tvoj srce bori. Kao pravi navija\u010d Real Madrida, treba ti ova zamjenska majica koju nose igra\u010di u La Ligi. Ona je prozra\u010dna, udobna i hladi. Ova majica je savr\u0161ena za tvoj trening i utakmicu i smije se koristiti u [\u2026]<\/p>","protected":false},"featured_media":784,"comment_status":"open","ping_status":"closed","template":"","meta":[],"product_brand":[],"product_cat":[45],"product_tag":[20,21,22,23,24,48,47],"class_list":{"0":"post-746","1":"product","2":"type-product","3":"status-publish","4":"has-post-thumbnail","6":"product_cat-real-madrid","7":"product_tag-coole-fussballtrikots","8":"product_tag-fussballtrikot-fuer-herren","9":"product_tag-fussballtrikot-guenstig-kaufen","10":"product_tag-fussballtrikot-kurzarm","11":"product_tag-guenstiges-fussballtrikot","12":"product_tag-real-madrid-ausweichtrikot","13":"product_tag-real-madrid-trikots","15":"first","16":"instock","17":"shipping-taxable","18":"purchasable","19":"product-type-variable"},"_links":{"self":[{"href":"https:\/\/www.billigtrikotde.com\/hr\/wp-json\/wp\/v2\/product\/746","targetHints":{"allow":["GET"]}}],"collection":[{"href":"https:\/\/www.billigtrikotde.com\/hr\/wp-json\/wp\/v2\/product"}],"about":[{"href":"https:\/\/www.billigtrikotde.com\/hr\/wp-json\/wp\/v2\/types\/product"}],"replies":[{"embeddable":true,"href":"https:\/\/www.billigtrikotde.com\/hr\/wp-json\/wp\/v2\/comments?post=746"}],"wp:featuredmedia":[{"embeddable":true,"href":"https:\/\/www.billigtrikotde.com\/hr\/wp-json\/wp\/v2\/media\/784"}],"wp:attachment":[{"href":"https:\/\/www.billigtrikotde.com\/hr\/wp-json\/wp\/v2\/media?parent=746"}],"wp:term":[{"taxonomy":"product_brand","embeddable":true,"href":"https:\/\/www.billigtrikotde.com\/hr\/wp-json\/wp\/v2\/product_brand?post=746"},{"taxonomy":"product_cat","embeddable":true,"href":"https:\/\/www.billigtrikotde.com\/hr\/wp-json\/wp\/v2\/product_cat?post=746"},{"taxonomy":"product_tag","embeddable":true,"href":"https:\/\/www.billigtrikotde.com\/hr\/wp-json\/wp\/v2\/product_tag?post=746"}],"curies":[{"name":"wp","href":"https:\/\/api.w.org\/{rel}","templated":true}]}}