{"id":7422,"date":"2024-10-23T18:28:42","date_gmt":"2024-10-23T16:28:42","guid":{"rendered":"http:\/\/billigtrikots.com\/?post_type=product&#038;p=7422"},"modified":"2024-10-23T18:30:22","modified_gmt":"2024-10-23T16:30:22","slug":"kinder-heimtrikot-argentinien-wm-2022-weiss-blau-kurzarm-kurze-hosen-di-maria-11","status":"publish","type":"product","link":"https:\/\/www.billigtrikotde.com\/hr\/kinder-heimtrikot-argentinien-wm-2022-weiss-blau-kurzarm-kurze-hosen-di-maria-11\/","title":{"rendered":"Dje\u010dji doma\u0107i dres Argentine Svjetsko prvenstvo 2022 bijelo plavi kratki rukav + kratke hla\u010de DI MARIA 11"},"content":{"rendered":"<p>Novi dres Argentine za 2022. uglavnom je bijel s crnim logotipima \u2013 uklju\u010duju\u0107i potpuno novi Adidasov logo, koji svoju nogometnu premijeru ima na dresovima za Svjetsko prvenstvo 2022.<\/p>\n<p>Pruge na novom dresu za Svjetsko prvenstvo 2022 Hrvatske su klasi\u010dne, ali samo na prednjoj strani. Pruge na stra\u017enjoj strani su zaista neobi\u010dne: umjesto da budu jednake \u0161irine, postoje dvije tanje nebeskoplave pruge u sredini i dvije \u0161ire na vanjskim stranama dresa. Te \u0161ire pruge su otprilike tri puta \u0161ire od pruga u sredini.<\/p>\n<p>Trebao bi izgledati kao zastava Argentine. Tako\u0111er, u skladu sa zastavom, na stra\u017enjoj strani ispod ovratnika nalazi se Sol de Mayo, argentinski nacionalni simbol.<\/p>\n<p>Crne hla\u010de i bijele \u010darape upotpunjuju dres Argentine 2022.<\/p>\n<p>Savjeti za ispis: Ako ime i broj na slici to\u010dno odgovaraju va\u0161im \u017eeljama, ne morate ih ponovno unositi. Ako ne, unesite \u017eeljeno ime i broj.<\/p>\n<p>Savjeti za pranje: Preporu\u010duje se ru\u010dno pranje nogometnih dresova. Ako \u017eelite koristiti perilicu, sjetite se okrenuti dresove naopako prije pranja. Napunite perilicu hladnom vodom i koristite program za osjetljive tkanine kako biste bolje za\u0161titili boje.<\/p>","protected":false},"excerpt":{"rendered":"<p>Novi dres Argentine za 2022. uglavnom je bijel s crnim logotipima \u2013 uklju\u010duju\u0107i potpuno novi Adidasov logo, koji svoju nogometnu premijeru ima na dresovima za Svjetsko prvenstvo 2022. Pruge na novom dresu Argentine za Svjetsko prvenstvo 2022. su klasi\u010dne, ali samo na prednjoj strani. Pruge na stra\u017enjoj strani su zaista neobi\u010dne: umjesto da budu jednako \u0161iroke, postoje [\u2026]<\/p>","protected":false},"featured_media":7455,"comment_status":"open","ping_status":"closed","template":"","meta":[],"product_brand":[],"product_cat":[325,91],"product_tag":[231,326,20,222,21,22,23,24,94],"class_list":{"0":"post-7422","1":"product","2":"type-product","3":"status-publish","4":"has-post-thumbnail","6":"product_cat-argentinien-trikots","7":"product_cat-kindertrikots","8":"product_tag-argentina-trikots","9":"product_tag-argentina-trikotsatz-fuer-kinder","10":"product_tag-coole-fussballtrikots","11":"product_tag-fussball-wm-2022-trikots","12":"product_tag-fussballtrikot-fuer-herren","13":"product_tag-fussballtrikot-guenstig-kaufen","14":"product_tag-fussballtrikot-kurzarm","15":"product_tag-guenstiges-fussballtrikot","16":"product_tag-kinder-fussball-trikotsatz","18":"first","19":"instock","20":"shipping-taxable","21":"purchasable","22":"product-type-variable"},"_links":{"self":[{"href":"https:\/\/www.billigtrikotde.com\/hr\/wp-json\/wp\/v2\/product\/7422","targetHints":{"allow":["GET"]}}],"collection":[{"href":"https:\/\/www.billigtrikotde.com\/hr\/wp-json\/wp\/v2\/product"}],"about":[{"href":"https:\/\/www.billigtrikotde.com\/hr\/wp-json\/wp\/v2\/types\/product"}],"replies":[{"embeddable":true,"href":"https:\/\/www.billigtrikotde.com\/hr\/wp-json\/wp\/v2\/comments?post=7422"}],"wp:featuredmedia":[{"embeddable":true,"href":"https:\/\/www.billigtrikotde.com\/hr\/wp-json\/wp\/v2\/media\/7455"}],"wp:attachment":[{"href":"https:\/\/www.billigtrikotde.com\/hr\/wp-json\/wp\/v2\/media?parent=7422"}],"wp:term":[{"taxonomy":"product_brand","embeddable":true,"href":"https:\/\/www.billigtrikotde.com\/hr\/wp-json\/wp\/v2\/product_brand?post=7422"},{"taxonomy":"product_cat","embeddable":true,"href":"https:\/\/www.billigtrikotde.com\/hr\/wp-json\/wp\/v2\/product_cat?post=7422"},{"taxonomy":"product_tag","embeddable":true,"href":"https:\/\/www.billigtrikotde.com\/hr\/wp-json\/wp\/v2\/product_tag?post=7422"}],"curies":[{"name":"wp","href":"https:\/\/api.w.org\/{rel}","templated":true}]}}