{"id":7390,"date":"2024-10-23T18:27:01","date_gmt":"2024-10-23T16:27:01","guid":{"rendered":"http:\/\/billigtrikots.com\/?post_type=product&#038;p=7390"},"modified":"2024-10-23T18:29:10","modified_gmt":"2024-10-23T16:29:10","slug":"kinder-heimtrikot-ac-mailand-2022-23-rot-schwarz-online-bestellen-ronaldinho-80","status":"publish","type":"product","link":"https:\/\/www.billigtrikotde.com\/hr\/kinder-heimtrikot-ac-mailand-2022-23-rot-schwarz-online-bestellen-ronaldinho-80\/","title":{"rendered":"Dje\u010dji doma\u0107i dres AC Milan 2022\/23 crveno crni online narud\u017eba RONALDINHO 80"},"content":{"rendered":"<p>Otkrijte novi Milan 2022\/2023 doma\u0107i dres. Ponosno nosite boje svog omiljenog kluba na terenu ili van njega.<\/p>\n<p>Fleksibilan i lagan dres s Puma DryCELL - tehnologijom, odjevni predmet koji sprje\u010dava ulazak znoja tijekom va\u0161e igre ili treninga. Ostanite suhi nakon va\u0161ih ubrzanja.<\/p>\n<p>Zamislite da vas navija\u010di San Sira bodre nakon sjajne pogotka.<\/p>\n<p>Dres je inspiriran dresom profesionalne mom\u010dadi tijekom utakmica.<\/p>\n<p>OSTANITE SUHI POD TISKOM<\/p>\n<p>Sastoji se od Puma DryCELL - tehnologije koja poma\u017ee u apsorpciji znoja. Tako ostajete suhi tijekom va\u0161ih napora.<\/p>\n<p>Savjeti za ispis: Ako ime i broj na slici to\u010dno odgovaraju va\u0161im \u017eeljama, ne morate ih ponovno unositi. Ako ne, unesite \u017eeljeno ime i broj.<\/p>\n<p>Savjeti za pranje: Preporu\u010duje se ru\u010dno pranje nogometnih dresova. Ako \u017eelite koristiti perilicu, sjetite se okrenuti dresove naopako prije pranja. Napunite perilicu hladnom vodom i koristite program za osjetljive tkanine kako biste bolje za\u0161titili boje.<\/p>","protected":false},"excerpt":{"rendered":"<p>Otkrijte novi Milan 2022\/2023 doma\u0107i dres. Ponosno nosite boje svog omiljenog kluba na terenu ili van njega. Fleksibilan i lagan dres s Puma DryCELL tehnologijom, odjevni predmet koji sprje\u010dava ulazak znoja tijekom va\u0161e igre ili treninga. Ostanite suhi nakon va\u0161ih ubrzanja. Zamislite navija\u010de San [...]<\/p>","protected":false},"featured_media":7429,"comment_status":"open","ping_status":"closed","template":"","meta":[],"product_brand":[],"product_cat":[92],"product_tag":[25,93,20,21,23,24,94],"class_list":{"0":"post-7390","1":"product","2":"type-product","3":"status-publish","4":"has-post-thumbnail","6":"product_cat-ac-mailand-kindertrikot","7":"product_tag-ac-milan-heimtrikot","8":"product_tag-ac-milan-trikotsatz-fuer-kinder","9":"product_tag-coole-fussballtrikots","10":"product_tag-fussballtrikot-fuer-herren","11":"product_tag-fussballtrikot-kurzarm","12":"product_tag-guenstiges-fussballtrikot","13":"product_tag-kinder-fussball-trikotsatz","15":"first","16":"instock","17":"shipping-taxable","18":"purchasable","19":"product-type-variable"},"_links":{"self":[{"href":"https:\/\/www.billigtrikotde.com\/hr\/wp-json\/wp\/v2\/product\/7390","targetHints":{"allow":["GET"]}}],"collection":[{"href":"https:\/\/www.billigtrikotde.com\/hr\/wp-json\/wp\/v2\/product"}],"about":[{"href":"https:\/\/www.billigtrikotde.com\/hr\/wp-json\/wp\/v2\/types\/product"}],"replies":[{"embeddable":true,"href":"https:\/\/www.billigtrikotde.com\/hr\/wp-json\/wp\/v2\/comments?post=7390"}],"wp:featuredmedia":[{"embeddable":true,"href":"https:\/\/www.billigtrikotde.com\/hr\/wp-json\/wp\/v2\/media\/7429"}],"wp:attachment":[{"href":"https:\/\/www.billigtrikotde.com\/hr\/wp-json\/wp\/v2\/media?parent=7390"}],"wp:term":[{"taxonomy":"product_brand","embeddable":true,"href":"https:\/\/www.billigtrikotde.com\/hr\/wp-json\/wp\/v2\/product_brand?post=7390"},{"taxonomy":"product_cat","embeddable":true,"href":"https:\/\/www.billigtrikotde.com\/hr\/wp-json\/wp\/v2\/product_cat?post=7390"},{"taxonomy":"product_tag","embeddable":true,"href":"https:\/\/www.billigtrikotde.com\/hr\/wp-json\/wp\/v2\/product_tag?post=7390"}],"curies":[{"name":"wp","href":"https:\/\/api.w.org\/{rel}","templated":true}]}}