{"id":7344,"date":"2024-10-23T18:24:46","date_gmt":"2024-10-23T16:24:46","guid":{"rendered":"http:\/\/billigtrikots.com\/?post_type=product&#038;p=7344"},"modified":"2024-10-23T18:26:53","modified_gmt":"2024-10-23T16:26:53","slug":"fussballtrikot-fuer-herren-leicester-city-2022-23-heimtrikot-blau-weiss-trikotsatz-maddison-10","status":"publish","type":"product","link":"https:\/\/www.billigtrikotde.com\/hr\/fussballtrikot-fuer-herren-leicester-city-2022-23-heimtrikot-blau-weiss-trikotsatz-maddison-10\/","title":{"rendered":"Nogometni dres za mu\u0161karce Leicester City 2022-23 doma\u0107i dres plavi bijeli set dresova MADDISON 10"},"content":{"rendered":"<p>Adidas Leicester City 2022-23 doma\u0107i dres dolazi u uobi\u010dajenoj plavoj nijansi kluba te ima jedinstvenu pozadinsku boju bez grafike. Kao i kod nekih drugih B mom\u010dadi Adidasa ove godine, koristi se standardna predlo\u017eak s bijelim ovratnikom. Adidasove trake na ramenima pojavljuju se u bijelo, ba\u0161 kao i logotipi sponzora. Grb Leicestera nalazi se u zlatno-plavoj nijansi, a Adidasov logo tako\u0111er je zlatne boje. Time Adidas nastavlja kori\u0161tenje zlata na svim Leicester dresovima koje su dosad proizveli.<\/p>\n<p>Savjeti za ispis: Ako ime i broj na slici to\u010dno odgovaraju va\u0161im \u017eeljama, ne morate ih ponovno unositi. Ako ne, unesite \u017eeljeno ime i broj.<\/p>\n<p>Savjeti za pranje: Preporu\u010duje se ru\u010dno pranje nogometnih dresova. Ako \u017eelite koristiti perilicu, sjetite se okrenuti dresove naopako prije pranja. Napunite perilicu hladnom vodom i koristite program za osjetljive tkanine kako biste bolje za\u0161titili boje.<\/p>","protected":false},"excerpt":{"rendered":"<p>Adidas Leicester City 2022-23 doma\u0107i dres dolazi u uobi\u010dajenoj plavoj boji kluba i ima jednobojnu pozadinu bez grafike. Kao i kod nekih drugih B-mom\u010dadi Adidas ove godine, koristi se standardni predlo\u017eak s bijelim ovratnikom. Adidasove pruge na ramenima pojavljuju se u bijeloj boji, ba\u0161 kao i logotipi sponzora. Grb Leicester [...]<\/p>","protected":false},"featured_media":7382,"comment_status":"open","ping_status":"closed","template":"","meta":[],"product_brand":[],"product_cat":[80],"product_tag":[20,21,22,23,54,24,323,324],"class_list":{"0":"post-7344","1":"product","2":"type-product","3":"status-publish","4":"has-post-thumbnail","6":"product_cat-leicester-city","7":"product_tag-coole-fussballtrikots","8":"product_tag-fussballtrikot-fuer-herren","9":"product_tag-fussballtrikot-guenstig-kaufen","10":"product_tag-fussballtrikot-kurzarm","11":"product_tag-fussballtrikot-set","12":"product_tag-guenstiges-fussballtrikot","13":"product_tag-leicester-city-2022-23-heimtrikot","14":"product_tag-leicester-city-heimtrikot","16":"first","17":"instock","18":"shipping-taxable","19":"purchasable","20":"product-type-variable"},"_links":{"self":[{"href":"https:\/\/www.billigtrikotde.com\/hr\/wp-json\/wp\/v2\/product\/7344","targetHints":{"allow":["GET"]}}],"collection":[{"href":"https:\/\/www.billigtrikotde.com\/hr\/wp-json\/wp\/v2\/product"}],"about":[{"href":"https:\/\/www.billigtrikotde.com\/hr\/wp-json\/wp\/v2\/types\/product"}],"replies":[{"embeddable":true,"href":"https:\/\/www.billigtrikotde.com\/hr\/wp-json\/wp\/v2\/comments?post=7344"}],"wp:featuredmedia":[{"embeddable":true,"href":"https:\/\/www.billigtrikotde.com\/hr\/wp-json\/wp\/v2\/media\/7382"}],"wp:attachment":[{"href":"https:\/\/www.billigtrikotde.com\/hr\/wp-json\/wp\/v2\/media?parent=7344"}],"wp:term":[{"taxonomy":"product_brand","embeddable":true,"href":"https:\/\/www.billigtrikotde.com\/hr\/wp-json\/wp\/v2\/product_brand?post=7344"},{"taxonomy":"product_cat","embeddable":true,"href":"https:\/\/www.billigtrikotde.com\/hr\/wp-json\/wp\/v2\/product_cat?post=7344"},{"taxonomy":"product_tag","embeddable":true,"href":"https:\/\/www.billigtrikotde.com\/hr\/wp-json\/wp\/v2\/product_tag?post=7344"}],"curies":[{"name":"wp","href":"https:\/\/api.w.org\/{rel}","templated":true}]}}