{"id":73,"date":"2024-10-23T12:04:07","date_gmt":"2024-10-23T10:04:07","guid":{"rendered":"http:\/\/billigtrikots.com\/?post_type=product&#038;p=73"},"modified":"2024-10-23T12:05:44","modified_gmt":"2024-10-23T10:05:44","slug":"ac-mailand-2021-22-herren-auswaerts-trikot-beige-rot-guenstig-online-kaufen","status":"publish","type":"product","link":"https:\/\/www.billigtrikotde.com\/hr\/ac-mailand-2021-22-herren-auswaerts-trikot-beige-rot-guenstig-online-kaufen\/","title":{"rendered":"AC Milan 2021\/22 Mu\u0161ki gostuju\u0107i dres be\u017e\/crvena povoljno online kupiti"},"content":{"rendered":"<p>AC Milan dres sastoji se od visokokvalitetnog, recikliranog poliestera, koji je vrlo nje\u017ean prema ko\u017ei i tako\u0111er impresionira svojom dugotrajno\u0161\u0107u i izdr\u017eljivo\u0161\u0107u. Proizveden od potpuno recikliranih materijala, dres mo\u017ee s punim u\u010dinkom promovirati svoju odr\u017eivost! Tako\u0111er koristi prozra\u010dni DryCELL funkcionalni materijal koji odmah prenosi vlagu s tijela na vanjsku stranu i time pru\u017ea hladan nosivi komfor.<\/p>\n<p>Ova replica verzija originalnog gostuju\u0107eg dresa je malo \u0161iri pa poziva na ugodno osje\u0107anje. Dokazane Raglan rukave tako\u0111er doprinose potpunoj slobodi pokreta.<\/p>\n<p>Savjeti za ispis: Ako ime i broj na slici to\u010dno odgovaraju va\u0161im \u017eeljama, ne morate ih ponovno unositi. Ako ne, unesite \u017eeljeno ime i broj.<\/p>\n<p>Savjeti za pranje: Preporu\u010duje se ru\u010dno pranje nogometnih dresova. Ako \u017eelite koristiti perilicu, sjetite se okrenuti dresove naopako prije pranja. Napunite perilicu hladnom vodom i koristite program za osjetljive tkanine kako biste bolje za\u0161titili boje.<\/p>","protected":false},"excerpt":{"rendered":"<p>AC Milan dres sastoji se od visokokvalitetnog, recikliranog poliestera, koji je vrlo nje\u017ean prema ko\u017ei i tako\u0111er impresionira svojom dugotrajno\u0161\u0107u i izdr\u017eljivo\u0161\u0107u. Proizveden od potpuno recikliranih materijala, dres mo\u017ee s punim u\u010dinkom promovirati svoju odr\u017eivost! Tako\u0111er koristi prozra\u010dni DryCELL funkcionalni materijal koji odmah prenosi vlagu s tijela na vanjsku stranu i time pru\u017ea hladan nosivi komfor.<\/p>","protected":false},"featured_media":104,"comment_status":"open","ping_status":"closed","template":"","meta":[],"product_brand":[],"product_cat":[15],"product_tag":[19,20,21,22,23,24],"class_list":{"0":"post-73","1":"product","2":"type-product","3":"status-publish","4":"has-post-thumbnail","6":"product_cat-unkategorisiert","7":"product_tag-ac-milan-auswaertstrikot","8":"product_tag-coole-fussballtrikots","9":"product_tag-fussballtrikot-fuer-herren","10":"product_tag-fussballtrikot-guenstig-kaufen","11":"product_tag-fussballtrikot-kurzarm","12":"product_tag-guenstiges-fussballtrikot","14":"first","15":"instock","16":"shipping-taxable","17":"purchasable","18":"product-type-variable"},"_links":{"self":[{"href":"https:\/\/www.billigtrikotde.com\/hr\/wp-json\/wp\/v2\/product\/73","targetHints":{"allow":["GET"]}}],"collection":[{"href":"https:\/\/www.billigtrikotde.com\/hr\/wp-json\/wp\/v2\/product"}],"about":[{"href":"https:\/\/www.billigtrikotde.com\/hr\/wp-json\/wp\/v2\/types\/product"}],"replies":[{"embeddable":true,"href":"https:\/\/www.billigtrikotde.com\/hr\/wp-json\/wp\/v2\/comments?post=73"}],"wp:featuredmedia":[{"embeddable":true,"href":"https:\/\/www.billigtrikotde.com\/hr\/wp-json\/wp\/v2\/media\/104"}],"wp:attachment":[{"href":"https:\/\/www.billigtrikotde.com\/hr\/wp-json\/wp\/v2\/media?parent=73"}],"wp:term":[{"taxonomy":"product_brand","embeddable":true,"href":"https:\/\/www.billigtrikotde.com\/hr\/wp-json\/wp\/v2\/product_brand?post=73"},{"taxonomy":"product_cat","embeddable":true,"href":"https:\/\/www.billigtrikotde.com\/hr\/wp-json\/wp\/v2\/product_cat?post=73"},{"taxonomy":"product_tag","embeddable":true,"href":"https:\/\/www.billigtrikotde.com\/hr\/wp-json\/wp\/v2\/product_tag?post=73"}],"curies":[{"name":"wp","href":"https:\/\/api.w.org\/{rel}","templated":true}]}}