{"id":7280,"date":"2024-10-23T18:21:51","date_gmt":"2024-10-23T16:21:51","guid":{"rendered":"http:\/\/billigtrikots.com\/?post_type=product&#038;p=7280"},"modified":"2024-10-23T18:24:01","modified_gmt":"2024-10-23T16:24:01","slug":"herren-castore-wolverhampton-wanderers-f-c-2022-23-heimtrikot-gelb-trikotsatz-bennett-5","status":"publish","type":"product","link":"https:\/\/www.billigtrikotde.com\/hr\/herren-castore-wolverhampton-wanderers-f-c-2022-23-heimtrikot-gelb-trikotsatz-bennett-5\/","title":{"rendered":"Mu\u0161ki Castore Wolverhampton Wanderers F.C. 2022-23 doma\u0107i dres \u017euti komplet s natpisom BENNETT 5"},"content":{"rendered":"<p>Ovaj Castore dres s starozlatnim dresovima i \u010darapama te crnim \u0161ortsevima ponovno je pa\u017eljivo uskla\u0111en s prepoznatljivom Pantone bojom kluba. Nakon detaljnog uskla\u0111ivanja boja i bojanja, ponovno je ostvareno pravo Wolves zlato, dok mat sjajni materijal na stra\u017enjoj strani opona\u0161a tok i pokret na terenu, a traka na vratu daje osobniji dojam. [...]<\/p>\n<p>Savjeti za ispis: Ako ime i broj na slici to\u010dno odgovaraju va\u0161im \u017eeljama, ne morate ih ponovno unositi. Ako ne, unesite \u017eeljeno ime i broj.<\/p>\n<p>Savjeti za pranje: Preporu\u010duje se ru\u010dno pranje nogometnih dresova. Ako \u017eelite koristiti perilicu, sjetite se okrenuti dresove naopako prije pranja. Napunite perilicu hladnom vodom i koristite program za osjetljive tkanine kako biste bolje za\u0161titili boje.<\/p>","protected":false},"excerpt":{"rendered":"<p>Ovaj Castore dres s starozlatnim dresovima i \u010darapama te crnim \u0161ortsevima ponovno je pa\u017eljivo uskla\u0111en s prepoznatljivom Pantone bojom kluba. Nakon detaljnog uskla\u0111ivanja boja i bojanja, ponovno je ostvareno pravo Wolves zlato, dok mat sjajni materijal na stra\u017enjoj strani opona\u0161a tok i pokret na terenu, a traka na vratu daje osobniji dojam. [...]<\/p>","protected":false},"featured_media":7312,"comment_status":"open","ping_status":"closed","template":"","meta":[],"product_brand":[],"product_cat":[69],"product_tag":[20,70,21,22,23,24,71],"class_list":{"0":"post-7280","1":"product","2":"type-product","3":"status-publish","4":"has-post-thumbnail","6":"product_cat-wolverhampton-wanderers","7":"product_tag-coole-fussballtrikots","8":"product_tag-castore-wolves-heimtrikot","9":"product_tag-fussballtrikot-fuer-herren","10":"product_tag-fussballtrikot-guenstig-kaufen","11":"product_tag-fussballtrikot-kurzarm","12":"product_tag-guenstiges-fussballtrikot","13":"product_tag-wolverhampton-wanderers-trikots","15":"first","16":"instock","17":"shipping-taxable","18":"purchasable","19":"product-type-variable"},"_links":{"self":[{"href":"https:\/\/www.billigtrikotde.com\/hr\/wp-json\/wp\/v2\/product\/7280","targetHints":{"allow":["GET"]}}],"collection":[{"href":"https:\/\/www.billigtrikotde.com\/hr\/wp-json\/wp\/v2\/product"}],"about":[{"href":"https:\/\/www.billigtrikotde.com\/hr\/wp-json\/wp\/v2\/types\/product"}],"replies":[{"embeddable":true,"href":"https:\/\/www.billigtrikotde.com\/hr\/wp-json\/wp\/v2\/comments?post=7280"}],"wp:featuredmedia":[{"embeddable":true,"href":"https:\/\/www.billigtrikotde.com\/hr\/wp-json\/wp\/v2\/media\/7312"}],"wp:attachment":[{"href":"https:\/\/www.billigtrikotde.com\/hr\/wp-json\/wp\/v2\/media?parent=7280"}],"wp:term":[{"taxonomy":"product_brand","embeddable":true,"href":"https:\/\/www.billigtrikotde.com\/hr\/wp-json\/wp\/v2\/product_brand?post=7280"},{"taxonomy":"product_cat","embeddable":true,"href":"https:\/\/www.billigtrikotde.com\/hr\/wp-json\/wp\/v2\/product_cat?post=7280"},{"taxonomy":"product_tag","embeddable":true,"href":"https:\/\/www.billigtrikotde.com\/hr\/wp-json\/wp\/v2\/product_tag?post=7280"}],"curies":[{"name":"wp","href":"https:\/\/api.w.org\/{rel}","templated":true}]}}