{"id":7268,"date":"2024-10-23T18:21:16","date_gmt":"2024-10-23T16:21:16","guid":{"rendered":"http:\/\/billigtrikots.com\/?post_type=product&#038;p=7268"},"modified":"2024-10-23T18:23:27","modified_gmt":"2024-10-23T16:23:27","slug":"neues-newcastle-united-22-23-heimtrikot-schwarzen-und-weissen-fuer-herren","status":"publish","type":"product","link":"https:\/\/www.billigtrikotde.com\/hr\/neues-newcastle-united-22-23-heimtrikot-schwarzen-und-weissen-fuer-herren\/","title":{"rendered":"Novi Newcastle United 22-23 doma\u0107i dres crne i bijele boje za mu\u0161karce"},"content":{"rendered":"<p>Castore Newcastle 2022-2023 dres uvodi klasi\u010dan izgled s tanjim crnim i bijelim prugama nego u aktualnoj sezoni, koje se nastavljaju na rukavima i navodno i na le\u0111ima. Ogrlica i man\u0161ete Castore Newcastle 22-23 doma\u0107eg dresa su bijeli s crnom linijom kroz sredinu, dok je Castore logo plavi.<\/p>\n<p>Savjeti za ispis: Ako ime i broj na slici to\u010dno odgovaraju va\u0161im \u017eeljama, ne morate ih ponovno unositi. Ako ne, unesite \u017eeljeno ime i broj.<\/p>\n<p>Savjeti za pranje: Preporu\u010duje se ru\u010dno pranje nogometnih dresova. Ako \u017eelite koristiti perilicu, sjetite se okrenuti dresove naopako prije pranja. Napunite perilicu hladnom vodom i koristite program za osjetljive tkanine kako biste bolje za\u0161titili boje.<\/p>","protected":false},"excerpt":{"rendered":"<p>Castore Newcastle 2022-2023 dres uvodi klasi\u010dan izgled s tanjim crnim i bijelim prugama nego u aktualnoj sezoni, koje se nastavljaju na rukavima i navodno i na le\u0111ima. Ogrlica i man\u0161ete Castore Newcastle 22-23 doma\u0107eg dresa su bijeli s crnom linijom kroz sredinu, dok je Castore logo plavi.<\/p>","protected":false},"featured_media":7300,"comment_status":"open","ping_status":"closed","template":"","meta":[],"product_brand":[],"product_cat":[313],"product_tag":[20,21,22,23,24,314,315],"class_list":{"0":"post-7268","1":"product","2":"type-product","3":"status-publish","4":"has-post-thumbnail","6":"product_cat-newcastle-united","7":"product_tag-coole-fussballtrikots","8":"product_tag-fussballtrikot-fuer-herren","9":"product_tag-fussballtrikot-guenstig-kaufen","10":"product_tag-fussballtrikot-kurzarm","11":"product_tag-guenstiges-fussballtrikot","12":"product_tag-newcastle-united-22-23-kit","13":"product_tag-newcastle-united-22-23-trikot","15":"first","16":"instock","17":"shipping-taxable","18":"purchasable","19":"product-type-variable"},"_links":{"self":[{"href":"https:\/\/www.billigtrikotde.com\/hr\/wp-json\/wp\/v2\/product\/7268","targetHints":{"allow":["GET"]}}],"collection":[{"href":"https:\/\/www.billigtrikotde.com\/hr\/wp-json\/wp\/v2\/product"}],"about":[{"href":"https:\/\/www.billigtrikotde.com\/hr\/wp-json\/wp\/v2\/types\/product"}],"replies":[{"embeddable":true,"href":"https:\/\/www.billigtrikotde.com\/hr\/wp-json\/wp\/v2\/comments?post=7268"}],"wp:featuredmedia":[{"embeddable":true,"href":"https:\/\/www.billigtrikotde.com\/hr\/wp-json\/wp\/v2\/media\/7300"}],"wp:attachment":[{"href":"https:\/\/www.billigtrikotde.com\/hr\/wp-json\/wp\/v2\/media?parent=7268"}],"wp:term":[{"taxonomy":"product_brand","embeddable":true,"href":"https:\/\/www.billigtrikotde.com\/hr\/wp-json\/wp\/v2\/product_brand?post=7268"},{"taxonomy":"product_cat","embeddable":true,"href":"https:\/\/www.billigtrikotde.com\/hr\/wp-json\/wp\/v2\/product_cat?post=7268"},{"taxonomy":"product_tag","embeddable":true,"href":"https:\/\/www.billigtrikotde.com\/hr\/wp-json\/wp\/v2\/product_tag?post=7268"}],"curies":[{"name":"wp","href":"https:\/\/api.w.org\/{rel}","templated":true}]}}