{"id":7258,"date":"2024-10-23T18:20:40","date_gmt":"2024-10-23T16:20:40","guid":{"rendered":"http:\/\/billigtrikots.com\/?post_type=product&#038;p=7258"},"modified":"2024-10-23T18:22:54","modified_gmt":"2024-10-23T16:22:54","slug":"neue-rb-leipzig-auswaertstrikot-fuer-2022-23-rot-guenstig-fussballtrikots-set","status":"publish","type":"product","link":"https:\/\/www.billigtrikotde.com\/hr\/neue-rb-leipzig-auswaertstrikot-fuer-2022-23-rot-guenstig-fussballtrikots-set\/","title":{"rendered":"Novi RB Leipzig gostuju\u0107i dres za 2022-23 crveni povoljni nogometni dres komplet"},"content":{"rendered":"<p>Nike RasenBallsport Leipzig 2022-2023 gostuju\u0107i dres kombinira dvije nijanse crvene boje i uglavnom je svijetlo crvene boje s uzorkom na prednjoj strani u tamnijoj nijansi. Ovratnik i man\u017eete Nike RasenBallsport Leipzig 2022-2023 gostuju\u0107eg dresa imaju istu tamniju crvenu boju, dok je Nike Swoosh u skladu s klupskim grbom bijele boje.<br \/>\nOvo je prvi put u Nike x Leipzig eri da je Nike proizveo prilago\u0111eni crveni dres za klub.<\/p>\n<p>Savjeti za ispis: Ako ime i broj na slici to\u010dno odgovaraju va\u0161im \u017eeljama, ne morate ih ponovno unositi. Ako ne, unesite \u017eeljeno ime i broj.<\/p>\n<p>Savjeti za pranje: Preporu\u010duje se ru\u010dno pranje nogometnih dresova. Ako \u017eelite koristiti perilicu, sjetite se okrenuti dresove naopako prije pranja. Napunite perilicu hladnom vodom i koristite program za osjetljive tkanine kako biste bolje za\u0161titili boje.<\/p>","protected":false},"excerpt":{"rendered":"<p>Nike RasenBallsport Leipzig 2022-2023 gostuju\u0107i dres kombinira dvije nijanse crvene boje i uglavnom je svijetlo crvene boje s uzorkom na prednjoj strani u tamnijoj nijansi. Ovratnik i man\u017eete Nike RasenBallsport Leipzig 2022-2023 gostuju\u0107eg dresa imaju istu tamniju crvenu boju, dok je Nike Swoosh u skladu s klupskim grbom bijele boje.<\/p>","protected":false},"featured_media":7297,"comment_status":"open","ping_status":"closed","template":"","meta":[],"product_brand":[],"product_cat":[185],"product_tag":[20,21,22,23,24,186,312,187],"class_list":{"0":"post-7258","1":"product","2":"type-product","3":"status-publish","4":"has-post-thumbnail","6":"product_cat-rb-leipzig","7":"product_tag-coole-fussballtrikots","8":"product_tag-fussballtrikot-fuer-herren","9":"product_tag-fussballtrikot-guenstig-kaufen","10":"product_tag-fussballtrikot-kurzarm","11":"product_tag-guenstiges-fussballtrikot","12":"product_tag-rb-leipzig-auswaertstrikot","13":"product_tag-rb-leipzig-auswaertstrikot-2022-23","14":"product_tag-rb-leipzig-trikots","16":"first","17":"instock","18":"shipping-taxable","19":"purchasable","20":"product-type-variable"},"_links":{"self":[{"href":"https:\/\/www.billigtrikotde.com\/hr\/wp-json\/wp\/v2\/product\/7258","targetHints":{"allow":["GET"]}}],"collection":[{"href":"https:\/\/www.billigtrikotde.com\/hr\/wp-json\/wp\/v2\/product"}],"about":[{"href":"https:\/\/www.billigtrikotde.com\/hr\/wp-json\/wp\/v2\/types\/product"}],"replies":[{"embeddable":true,"href":"https:\/\/www.billigtrikotde.com\/hr\/wp-json\/wp\/v2\/comments?post=7258"}],"wp:featuredmedia":[{"embeddable":true,"href":"https:\/\/www.billigtrikotde.com\/hr\/wp-json\/wp\/v2\/media\/7297"}],"wp:attachment":[{"href":"https:\/\/www.billigtrikotde.com\/hr\/wp-json\/wp\/v2\/media?parent=7258"}],"wp:term":[{"taxonomy":"product_brand","embeddable":true,"href":"https:\/\/www.billigtrikotde.com\/hr\/wp-json\/wp\/v2\/product_brand?post=7258"},{"taxonomy":"product_cat","embeddable":true,"href":"https:\/\/www.billigtrikotde.com\/hr\/wp-json\/wp\/v2\/product_cat?post=7258"},{"taxonomy":"product_tag","embeddable":true,"href":"https:\/\/www.billigtrikotde.com\/hr\/wp-json\/wp\/v2\/product_tag?post=7258"}],"curies":[{"name":"wp","href":"https:\/\/api.w.org\/{rel}","templated":true}]}}