{"id":7224,"date":"2024-10-23T18:19:01","date_gmt":"2024-10-23T16:19:01","guid":{"rendered":"http:\/\/billigtrikots.com\/?post_type=product&#038;p=7224"},"modified":"2024-10-23T18:21:08","modified_gmt":"2024-10-23T16:21:08","slug":"neues-kinder-chelsea-fc-2022-23-heimtrikot-blau-trikotsatz-mit-aufdruck-werner-11","status":"publish","type":"product","link":"https:\/\/www.billigtrikotde.com\/hr\/neues-kinder-chelsea-fc-2022-23-heimtrikot-blau-trikotsatz-mit-aufdruck-werner-11\/","title":{"rendered":"Novi dje\u010dji Chelsea FC 2022\/23 Doma\u0107i dres Plavi Set dresova s natpisom WERNER 11"},"content":{"rendered":"<p>Kao i ostali dresovi iz na\u0161e kolekcije Stadium, i ovaj dres kombinira imitirane detalje dizajna s tehnologijom odvodnje znoja kako bi vam pru\u017eio spreman izgled za igru, inspiriran va\u0161im omiljenim timom. Ovaj proizvod je izra\u0111en od 100% recikliranih poliesterskih vlakana.<br \/>\nDres je u karakteristi\u010dnoj doma\u0107oj plavoj boji \u0161estostrukog prvaka engleske Premier lige i dvostrukog prvaka UEFA Lige prvaka. To je hommage legendarnom menad\u017eeru Chelseaja, Tedu Drakeu. Uklju\u010duje CFC-jev nadimak \u201eThe Blues\u201c na detaljima na gumbi\u0107u ko\u0161ulje. Drake je inicirao uvo\u0111enje nadimka umjesto ranijeg neformalnog imena kluba \u201eThe Pensioners\u201c. Chelsea mu\u0161ka mom\u010dad \u0107e predstaviti svoj doma\u0107i dres za sezonu 22\/23 tijekom nadolaze\u0107e turneje po Hrvatskoj. Bluesi \u0107e igrati protiv Club America, Charlotte FC i Arsenala, dok se pripremaju za svoju prvu sezonu pod vodstvom iz Hrvatske.<\/p>\n<p>Savjeti za ispis: Ako ime i broj na slici to\u010dno odgovaraju va\u0161im \u017eeljama, ne morate ih ponovno unositi. Ako ne, unesite \u017eeljeno ime i broj.<\/p>\n<p>Savjeti za pranje: Preporu\u010duje se ru\u010dno pranje nogometnih dresova. Ako \u017eelite koristiti perilicu, sjetite se okrenuti dresove naopako prije pranja. Napunite perilicu hladnom vodom i koristite program za osjetljive tkanine kako biste bolje za\u0161titili boje.<\/p>","protected":false},"excerpt":{"rendered":"<p>Wie andere Trikots aus unserer Stadium-Kollektion kombiniert auch dieses Trikot nachgebildete Designdetails mit schwei\u00dfableitender Technologie, um Ihnen einen spielbereiten Look zu verleihen, der von Ihrem Lieblingsteam inspiriert ist. Dieses Produkt besteht zu 100 % aus recycelten Polyesterfasern. Das Trikot ist im charakteristischen Heimblau des sechsfachen Gewinners der englischen Premier League und des zweifachen Gewinners der [\u2026]<\/p>","protected":false},"featured_media":7262,"comment_status":"open","ping_status":"closed","template":"","meta":[],"product_brand":[],"product_cat":[162],"product_tag":[20,311,164,73,163,21,22,23,24,94],"class_list":{"0":"post-7224","1":"product","2":"type-product","3":"status-publish","4":"has-post-thumbnail","6":"product_cat-chelsea-kindertrikot","7":"product_tag-coole-fussballtrikots","8":"product_tag-chelsea-fc-2022-23-kinder-trikot","9":"product_tag-chelsea-heimtrikot","10":"product_tag-chelsea-trikots","11":"product_tag-chelsea-trikotsatz-fuer-kinder","12":"product_tag-fussballtrikot-fuer-herren","13":"product_tag-fussballtrikot-guenstig-kaufen","14":"product_tag-fussballtrikot-kurzarm","15":"product_tag-guenstiges-fussballtrikot","16":"product_tag-kinder-fussball-trikotsatz","18":"first","19":"instock","20":"shipping-taxable","21":"purchasable","22":"product-type-variable"},"_links":{"self":[{"href":"https:\/\/www.billigtrikotde.com\/hr\/wp-json\/wp\/v2\/product\/7224","targetHints":{"allow":["GET"]}}],"collection":[{"href":"https:\/\/www.billigtrikotde.com\/hr\/wp-json\/wp\/v2\/product"}],"about":[{"href":"https:\/\/www.billigtrikotde.com\/hr\/wp-json\/wp\/v2\/types\/product"}],"replies":[{"embeddable":true,"href":"https:\/\/www.billigtrikotde.com\/hr\/wp-json\/wp\/v2\/comments?post=7224"}],"wp:featuredmedia":[{"embeddable":true,"href":"https:\/\/www.billigtrikotde.com\/hr\/wp-json\/wp\/v2\/media\/7262"}],"wp:attachment":[{"href":"https:\/\/www.billigtrikotde.com\/hr\/wp-json\/wp\/v2\/media?parent=7224"}],"wp:term":[{"taxonomy":"product_brand","embeddable":true,"href":"https:\/\/www.billigtrikotde.com\/hr\/wp-json\/wp\/v2\/product_brand?post=7224"},{"taxonomy":"product_cat","embeddable":true,"href":"https:\/\/www.billigtrikotde.com\/hr\/wp-json\/wp\/v2\/product_cat?post=7224"},{"taxonomy":"product_tag","embeddable":true,"href":"https:\/\/www.billigtrikotde.com\/hr\/wp-json\/wp\/v2\/product_tag?post=7224"}],"curies":[{"name":"wp","href":"https:\/\/api.w.org\/{rel}","templated":true}]}}