{"id":7182,"date":"2024-10-23T18:17:19","date_gmt":"2024-10-23T16:17:19","guid":{"rendered":"http:\/\/billigtrikots.com\/?post_type=product&#038;p=7182"},"modified":"2024-10-23T18:18:51","modified_gmt":"2024-10-23T16:18:51","slug":"fussballtrikots-guenstig-chelsea-fc-22-23-heimtrikot-blau-fuer-herren-trikotsatz-mendy-16","status":"publish","type":"product","link":"https:\/\/www.billigtrikotde.com\/hr\/fussballtrikots-guenstig-chelsea-fc-22-23-heimtrikot-blau-fuer-herren-trikotsatz-mendy-16\/","title":{"rendered":"Futbolski dresovi povoljno Chelsea FC 22-23 doma\u0107i dres plavi za mu\u0161karce komplet dresa MENDY 16"},"content":{"rendered":"<p>Nike Chelsea 22-23 dres slu\u017ebeno je predstavljen jutros. Glavna zna\u010dajka novog Chelsea doma\u0107eg dresa je bijeli ovratnik s tirkiznim ukrasnim trakama. Ovo je novi Nike Chelsea dres za 2022-23. Za razliku od Chelsea 21-22 dresa, Nike Chelsea FC 2022-23 dres je potpuno plav s bijelim\/tirkiznim Henley okovratnikom. Na bijelom ovratniku nalazi se tirkizni uzorak lava. Isti uzorak nalazi se i na Chelsea 22-23 pred utakmicu topu te na drugim dijelovima kolekcije.<\/p>\n<p>Savjeti za ispis: Ako ime i broj na slici to\u010dno odgovaraju va\u0161im \u017eeljama, ne morate ih ponovno unositi. Ako ne, unesite \u017eeljeno ime i broj.<\/p>\n<p>Savjeti za pranje: Preporu\u010duje se ru\u010dno pranje nogometnih dresova. Ako \u017eelite koristiti perilicu, sjetite se okrenuti dresove naopako prije pranja. Napunite perilicu hladnom vodom i koristite program za osjetljive tkanine kako biste bolje za\u0161titili boje.<\/p>","protected":false},"excerpt":{"rendered":"<p>Nike Chelsea 22-23 majica slu\u017ebeno je predstavljena jutros. Glavna zna\u010dajka nove doma\u0107e majice Chelsea je bijeli ovratnik s tirkiznim ukrasnim trakama. Ovo je nova Nike Chelsea majica za 2022-23. Za razliku od majice Chelsea 21-22, Nike Chelsea FC 2022-23 majica je potpuno plava s bijelim\/tirkiznim okovratnikom u stilu henleyja. Na bijelom okovratniku nalazi se tirkizni uzorak lava [\u2026]<\/p>","protected":false},"featured_media":7215,"comment_status":"open","ping_status":"closed","template":"","meta":[],"product_brand":[],"product_cat":[72],"product_tag":[20,308,309,310,73,21,24],"class_list":{"0":"post-7182","1":"product","2":"type-product","3":"status-publish","4":"has-post-thumbnail","6":"product_cat-chelsea","7":"product_tag-coole-fussballtrikots","8":"product_tag-chelsea-fc-22-23-trikot-deutschland","9":"product_tag-chelsea-fc-22-23-trikot-guenstig","10":"product_tag-chelsea-fc-22-23-trikot-kaufen","11":"product_tag-chelsea-trikots","12":"product_tag-fussballtrikot-fuer-herren","13":"product_tag-guenstiges-fussballtrikot","15":"first","16":"instock","17":"shipping-taxable","18":"purchasable","19":"product-type-variable"},"_links":{"self":[{"href":"https:\/\/www.billigtrikotde.com\/hr\/wp-json\/wp\/v2\/product\/7182","targetHints":{"allow":["GET"]}}],"collection":[{"href":"https:\/\/www.billigtrikotde.com\/hr\/wp-json\/wp\/v2\/product"}],"about":[{"href":"https:\/\/www.billigtrikotde.com\/hr\/wp-json\/wp\/v2\/types\/product"}],"replies":[{"embeddable":true,"href":"https:\/\/www.billigtrikotde.com\/hr\/wp-json\/wp\/v2\/comments?post=7182"}],"wp:featuredmedia":[{"embeddable":true,"href":"https:\/\/www.billigtrikotde.com\/hr\/wp-json\/wp\/v2\/media\/7215"}],"wp:attachment":[{"href":"https:\/\/www.billigtrikotde.com\/hr\/wp-json\/wp\/v2\/media?parent=7182"}],"wp:term":[{"taxonomy":"product_brand","embeddable":true,"href":"https:\/\/www.billigtrikotde.com\/hr\/wp-json\/wp\/v2\/product_brand?post=7182"},{"taxonomy":"product_cat","embeddable":true,"href":"https:\/\/www.billigtrikotde.com\/hr\/wp-json\/wp\/v2\/product_cat?post=7182"},{"taxonomy":"product_tag","embeddable":true,"href":"https:\/\/www.billigtrikotde.com\/hr\/wp-json\/wp\/v2\/product_tag?post=7182"}],"curies":[{"name":"wp","href":"https:\/\/api.w.org\/{rel}","templated":true}]}}