{"id":7160,"date":"2024-10-23T18:16:12","date_gmt":"2024-10-23T16:16:12","guid":{"rendered":"http:\/\/billigtrikots.com\/?post_type=product&#038;p=7160"},"modified":"2024-10-23T18:18:18","modified_gmt":"2024-10-23T16:18:18","slug":"senegal-heimtrikot-home-wm-2022-weiss-fuer-herren","status":"publish","type":"product","link":"https:\/\/www.billigtrikotde.com\/hr\/senegal-heimtrikot-home-wm-2022-weiss-fuer-herren\/","title":{"rendered":"Senegal doma\u0107i dres za Svjetsko prvenstvo 2022 bijeli za mu\u0161karce"},"content":{"rendered":"<p>Poka\u017ei pripadnost svom timu putem znojnomodnog modela u bijeloj boji. PUMA sportski top donosi istinsko odu\u0161evljenje. Kod ku\u0107e nosi se sportski top kao \u0161to ga igra\u010di nose na prvenstvu svijeta, \u0161to kod pravih navija\u010da Senegala izaziva apsolutno odu\u0161evljenje. Preporu\u010dujemo ovaj prozra\u010dan, znoj-skupljaju\u0107i, lagan i super udoban model s ugodnim osje\u0107ajem pri no\u0161enju. Vizualno se isti\u010de s logom saveza na prsima. S ovim sportskim dresom bit \u0107ete dobro opremljeni za svaku jedinu.<\/p>\n<p>Savjeti za ispis: Ako ime i broj na slici to\u010dno odgovaraju va\u0161im \u017eeljama, ne morate ih ponovno unositi. Ako ne, unesite \u017eeljeno ime i broj.<\/p>\n<p>Savjeti za pranje: Preporu\u010duje se ru\u010dno pranje nogometnih dresova. Ako \u017eelite koristiti perilicu, sjetite se okrenuti dresove naopako prije pranja. Napunite perilicu hladnom vodom i koristite program za osjetljive tkanine kako biste bolje za\u0161titili boje.<\/p>","protected":false},"excerpt":{"rendered":"<p>Zeige deine Zugeh\u00f6rigkeit zu deinem Team durch das schwei\u00dfableitende Modell in Wei\u00df. Das PUMA Sporttop sorgt f\u00fcr wahrhaftige Begeisterung. Das Heim-Sporttop, wie es die Spieler bei der Weltmeisterschaft tragen, sorgt bei echten Senegal-Anh\u00e4ngern f\u00fcr absolute Begeisterung. Wir empfehlen dieses atmungsaktive, schwei\u00dfableitende, leichte und super bequeme Modell mit dem angenehmen Tragegef\u00fchl. Es besticht optisch mit einem [&hellip;]<\/p>","protected":false},"featured_media":7192,"comment_status":"open","ping_status":"closed","template":"","meta":[],"product_brand":[],"product_cat":[15],"product_tag":[305,306,307],"class_list":{"0":"post-7160","1":"product","2":"type-product","3":"status-publish","4":"has-post-thumbnail","6":"product_cat-unkategorisiert","7":"product_tag-senegal-heimtrikot-home-wm-2022","8":"product_tag-senegal-trikot","9":"product_tag-senegal-trikot-fuer-herren","11":"first","12":"instock","13":"shipping-taxable","14":"purchasable","15":"product-type-variable"},"_links":{"self":[{"href":"https:\/\/www.billigtrikotde.com\/hr\/wp-json\/wp\/v2\/product\/7160","targetHints":{"allow":["GET"]}}],"collection":[{"href":"https:\/\/www.billigtrikotde.com\/hr\/wp-json\/wp\/v2\/product"}],"about":[{"href":"https:\/\/www.billigtrikotde.com\/hr\/wp-json\/wp\/v2\/types\/product"}],"replies":[{"embeddable":true,"href":"https:\/\/www.billigtrikotde.com\/hr\/wp-json\/wp\/v2\/comments?post=7160"}],"wp:featuredmedia":[{"embeddable":true,"href":"https:\/\/www.billigtrikotde.com\/hr\/wp-json\/wp\/v2\/media\/7192"}],"wp:attachment":[{"href":"https:\/\/www.billigtrikotde.com\/hr\/wp-json\/wp\/v2\/media?parent=7160"}],"wp:term":[{"taxonomy":"product_brand","embeddable":true,"href":"https:\/\/www.billigtrikotde.com\/hr\/wp-json\/wp\/v2\/product_brand?post=7160"},{"taxonomy":"product_cat","embeddable":true,"href":"https:\/\/www.billigtrikotde.com\/hr\/wp-json\/wp\/v2\/product_cat?post=7160"},{"taxonomy":"product_tag","embeddable":true,"href":"https:\/\/www.billigtrikotde.com\/hr\/wp-json\/wp\/v2\/product_tag?post=7160"}],"curies":[{"name":"wp","href":"https:\/\/api.w.org\/{rel}","templated":true}]}}