{"id":7152,"date":"2024-10-23T18:15:41","date_gmt":"2024-10-23T16:15:41","guid":{"rendered":"http:\/\/billigtrikots.com\/?post_type=product&#038;p=7152"},"modified":"2024-11-18T15:39:12","modified_gmt":"2024-11-18T14:39:12","slug":"promes-11-ajax-amsterdam-trikot-bob-marley-2020-2021-blau-fussballtrikot-fuer-herren","status":"publish","type":"product","link":"https:\/\/www.billigtrikotde.com\/hr\/promes-11-ajax-amsterdam-trikot-bob-marley-2020-2021-blau-fussballtrikot-fuer-herren\/","title":{"rendered":"PROMES 11 Ajax Amsterdam dres Bob Marley 2020-2021 plavi nogometni dres za mu\u0161karce"},"content":{"rendered":"<p>Das neue Retro angehauchte Design scheint bei den Anh\u00e4ngern gut anzukommen. Blaue Karo-Muster zieren das Jersey, die von einem helleren Blau schattiert werden.<\/p>\n<p>Savjeti za ispis: Ako ime i broj na slici to\u010dno odgovaraju va\u0161im \u017eeljama, ne morate ih ponovno unositi. Ako ne, unesite \u017eeljeno ime i broj.<\/p>\n<p>Savjeti za pranje: Preporu\u010duje se ru\u010dno pranje nogometnih dresova. Ako \u017eelite koristiti perilicu, sjetite se okrenuti dresove naopako prije pranja. Napunite perilicu hladnom vodom i koristite program za osjetljive tkanine kako biste bolje za\u0161titili boje.<\/p>","protected":false},"excerpt":{"rendered":"<p>Novi retro-ukra\u0161eni dizajn \u010dini se da dobro prolazi me\u0111u navija\u010dima. Plavi karirani uzorci krase dres, sjen\u010dani su prema svjetlijem plavom tonu. Upute za tiskanje: Ako ime i broj na slici to\u010dno odgovaraju va\u0161im \u017eeljama, ne morate ih ponovno unositi. Ako ne, trebali biste unijeti \u017eeljeno ime i broj [\u2026]<\/p>","protected":false},"featured_media":7190,"comment_status":"open","ping_status":"closed","template":"","meta":[],"product_brand":[],"product_cat":[299],"product_tag":[1372,300,301,20,21,22,23,24],"class_list":{"0":"post-7152","1":"product","2":"type-product","3":"status-publish","4":"has-post-thumbnail","6":"product_cat-afc-ajax","7":"product_tag-ajax-amsterdam-trikot","8":"product_tag-ajax-auswaertstrikot","9":"product_tag-ajax-trikots","10":"product_tag-coole-fussballtrikots","11":"product_tag-fussballtrikot-fuer-herren","12":"product_tag-fussballtrikot-guenstig-kaufen","13":"product_tag-fussballtrikot-kurzarm","14":"product_tag-guenstiges-fussballtrikot","16":"first","17":"instock","18":"shipping-taxable","19":"purchasable","20":"product-type-variable"},"_links":{"self":[{"href":"https:\/\/www.billigtrikotde.com\/hr\/wp-json\/wp\/v2\/product\/7152","targetHints":{"allow":["GET"]}}],"collection":[{"href":"https:\/\/www.billigtrikotde.com\/hr\/wp-json\/wp\/v2\/product"}],"about":[{"href":"https:\/\/www.billigtrikotde.com\/hr\/wp-json\/wp\/v2\/types\/product"}],"replies":[{"embeddable":true,"href":"https:\/\/www.billigtrikotde.com\/hr\/wp-json\/wp\/v2\/comments?post=7152"}],"wp:featuredmedia":[{"embeddable":true,"href":"https:\/\/www.billigtrikotde.com\/hr\/wp-json\/wp\/v2\/media\/7190"}],"wp:attachment":[{"href":"https:\/\/www.billigtrikotde.com\/hr\/wp-json\/wp\/v2\/media?parent=7152"}],"wp:term":[{"taxonomy":"product_brand","embeddable":true,"href":"https:\/\/www.billigtrikotde.com\/hr\/wp-json\/wp\/v2\/product_brand?post=7152"},{"taxonomy":"product_cat","embeddable":true,"href":"https:\/\/www.billigtrikotde.com\/hr\/wp-json\/wp\/v2\/product_cat?post=7152"},{"taxonomy":"product_tag","embeddable":true,"href":"https:\/\/www.billigtrikotde.com\/hr\/wp-json\/wp\/v2\/product_tag?post=7152"}],"curies":[{"name":"wp","href":"https:\/\/api.w.org\/{rel}","templated":true}]}}