{"id":7148,"date":"2024-10-23T18:15:38","date_gmt":"2024-10-23T16:15:38","guid":{"rendered":"http:\/\/billigtrikots.com\/?post_type=product&#038;p=7148"},"modified":"2024-11-18T15:54:50","modified_gmt":"2024-11-18T14:54:50","slug":"herren-fussball-ajax-amsterdam-trickot-2022-23-auswaertstrikot-navy-blau-online-kaufen","status":"publish","type":"product","link":"https:\/\/www.billigtrikotde.com\/hr\/herren-fussball-ajax-amsterdam-trickot-2022-23-auswaertstrikot-navy-blau-online-kaufen\/","title":{"rendered":"Mu\u0161ki Ajax Amsterdam dres 2022-23 gostuju\u0107i dres tamnoplavi online kupnja"},"content":{"rendered":"<p>Adidasovi i Ziggo logotipi na prednjoj strani novog Ajax 2022-2023 gostuju\u0107eg dresa su zlatno\u017euti, dok su tri pruge na ramena crvene. Sam logo Ajaxa podijeljen je izme\u0111u dviju boja \u2013 \u017euta za oznaku i crvena za zvjezdice.<\/p>\n<p>Dok je prednja strana Adidas Ajax 22-23 gostuju\u0107eg dresa jedne boje, ovratnik privla\u010di pa\u017enju geometrijskim pletenim uzorkom, tako\u0111er u crvenoj i \u017eutoj. I isti uzorak nalazi se i na man\u017eetnama rukava novog Ajax gostuju\u0107eg dresa.<\/p>\n<p>Poseban tag Jock s amsterdamskom zastavom u plavim tonovima nalazi se donje desno na Ajax 2022-2023 gostuju\u0107em dresu.<\/p>\n<p>Savjeti za ispis: Ako ime i broj na slici to\u010dno odgovaraju va\u0161im \u017eeljama, ne morate ih ponovno unositi. Ako ne, unesite \u017eeljeno ime i broj.<\/p>\n<p>Savjeti za pranje: Preporu\u010duje se ru\u010dno pranje nogometnih dresova. Ako \u017eelite koristiti perilicu, sjetite se okrenuti dresove naopako prije pranja. Napunite perilicu hladnom vodom i koristite program za osjetljive tkanine kako biste bolje za\u0161titili boje.<\/p>","protected":false},"excerpt":{"rendered":"<p>Logotipi Adidas i Ziggo na prednjoj strani novog Ajax 2022-2023 gostuju\u0107eg dresa su zlatno\u017euti, dok su tri pruge na ramenima crvene. Sam Ajaxov grb nalazi se izme\u0111u dviju boja \u2013 \u017eut za oznaku i crven za zvjezdice. Dok je prednja strana Adidas Ajax 22-23 gostuju\u0107eg dresa jednobojna, ovratnik se \u2026<\/p>","protected":false},"featured_media":7180,"comment_status":"open","ping_status":"closed","template":"","meta":[],"product_brand":[],"product_cat":[299],"product_tag":[1372,300,301,20,21,22,23,24],"class_list":{"0":"post-7148","1":"product","2":"type-product","3":"status-publish","4":"has-post-thumbnail","6":"product_cat-afc-ajax","7":"product_tag-ajax-amsterdam-trikot","8":"product_tag-ajax-auswaertstrikot","9":"product_tag-ajax-trikots","10":"product_tag-coole-fussballtrikots","11":"product_tag-fussballtrikot-fuer-herren","12":"product_tag-fussballtrikot-guenstig-kaufen","13":"product_tag-fussballtrikot-kurzarm","14":"product_tag-guenstiges-fussballtrikot","16":"first","17":"instock","18":"shipping-taxable","19":"purchasable","20":"product-type-variable"},"_links":{"self":[{"href":"https:\/\/www.billigtrikotde.com\/hr\/wp-json\/wp\/v2\/product\/7148","targetHints":{"allow":["GET"]}}],"collection":[{"href":"https:\/\/www.billigtrikotde.com\/hr\/wp-json\/wp\/v2\/product"}],"about":[{"href":"https:\/\/www.billigtrikotde.com\/hr\/wp-json\/wp\/v2\/types\/product"}],"replies":[{"embeddable":true,"href":"https:\/\/www.billigtrikotde.com\/hr\/wp-json\/wp\/v2\/comments?post=7148"}],"wp:featuredmedia":[{"embeddable":true,"href":"https:\/\/www.billigtrikotde.com\/hr\/wp-json\/wp\/v2\/media\/7180"}],"wp:attachment":[{"href":"https:\/\/www.billigtrikotde.com\/hr\/wp-json\/wp\/v2\/media?parent=7148"}],"wp:term":[{"taxonomy":"product_brand","embeddable":true,"href":"https:\/\/www.billigtrikotde.com\/hr\/wp-json\/wp\/v2\/product_brand?post=7148"},{"taxonomy":"product_cat","embeddable":true,"href":"https:\/\/www.billigtrikotde.com\/hr\/wp-json\/wp\/v2\/product_cat?post=7148"},{"taxonomy":"product_tag","embeddable":true,"href":"https:\/\/www.billigtrikotde.com\/hr\/wp-json\/wp\/v2\/product_tag?post=7148"}],"curies":[{"name":"wp","href":"https:\/\/api.w.org\/{rel}","templated":true}]}}