{"id":7092,"date":"2024-10-23T18:12:54","date_gmt":"2024-10-23T16:12:54","guid":{"rendered":"http:\/\/billigtrikots.com\/?post_type=product&#038;p=7092"},"modified":"2024-10-23T18:14:59","modified_gmt":"2024-10-23T16:14:59","slug":"herren-inter-mailand-22-23-auswaertstrikot-deutschland-weiss-kurzarm-kurze-hosen-asamoah-18","status":"publish","type":"product","link":"https:\/\/www.billigtrikotde.com\/hr\/herren-inter-mailand-22-23-auswaertstrikot-deutschland-weiss-kurzarm-kurze-hosen-asamoah-18\/","title":{"rendered":"MU\u0160KARCI Inter Mil\u00e1n 22-23 gostuju\u0107i dres Njema\u010dka bijela kratkih rukava + kratke hla\u010de ASAMOAH 18"},"content":{"rendered":"<p>Nike Inter 22-23 gostuju\u0107i dres kombinira bijelu osnovu s \u201eLight Aqua\u201c za sveobuhvatnu grafiku i crnu za logotipe marki i sponzora. Uklju\u010duje i grb Intera, koji je prebojen u tirkiznu i bijelu s crnom obrubom, u skladu s bojama cijelog dresa.<\/p>\n<p>Najupadljivija zna\u010dajka novog Inter 22-gostuju\u0107eg dresa je zasigurno grafika koja pri detaljnijem gledanju prikazuje zemljovid, na kojem su Italija i Milano prikazani odmah ispod klupskog grba. To je aluzija na povijest Intera kao kluba koji je oduvijek prihva\u0107ao i talijanske i inozemne igra\u010de bez ograni\u010denja. Inter 22-23 gostuju\u0107i dres bit \u0107e dostupan od po\u010detka rujna 2022.<\/p>\n<p>Nike Inter 22-23 gostuju\u0107i dres kombinira bijelu osnovu s \u201eLight Aqua\u201c za kontinuiranu grafiku i crnu za logotipe marki i sponzora.<\/p>\n<p>Savjeti za ispis: Ako ime i broj na slici to\u010dno odgovaraju va\u0161im \u017eeljama, ne morate ih ponovno unositi. Ako ne, unesite \u017eeljeno ime i broj.<\/p>\n<p>Savjeti za pranje: Preporu\u010duje se ru\u010dno pranje nogometnih dresova. Ako \u017eelite koristiti perilicu, sjetite se okrenuti dresove naopako prije pranja. Napunite perilicu hladnom vodom i koristite program za osjetljive tkanine kako biste bolje za\u0161titili boje.<\/p>","protected":false},"excerpt":{"rendered":"<p>Nike Inter 22-23 gostuju\u0107i dres kombinira bijelu osnovnu tkaninu s \u201eLight Aqua\u201c za sveobuhvatnu grafiku i crnu za logotipe marke i sponzora. Uklju\u010duje i grb Intera, koji je prebojen u tirkiznu i bijelu s crnom obrubom, u skladu s bojama cijelog dresa. Najupadljiviji element novog Inter 22-gostuju\u0107eg dresa je zasigurno grafika, koja [\u2026]<\/p>","protected":false},"featured_media":7130,"comment_status":"open","ping_status":"closed","template":"","meta":[],"product_brand":[],"product_cat":[77],"product_tag":[20,21,22,23,24,298,78],"class_list":{"0":"post-7092","1":"product","2":"type-product","3":"status-publish","4":"has-post-thumbnail","6":"product_cat-inter-milan","7":"product_tag-coole-fussballtrikots","8":"product_tag-fussballtrikot-fuer-herren","9":"product_tag-fussballtrikot-guenstig-kaufen","10":"product_tag-fussballtrikot-kurzarm","11":"product_tag-guenstiges-fussballtrikot","12":"product_tag-inter-mailand-22-23-auswaertstrikot","13":"product_tag-inter-milan-trikots","15":"first","16":"instock","17":"shipping-taxable","18":"purchasable","19":"product-type-variable"},"_links":{"self":[{"href":"https:\/\/www.billigtrikotde.com\/hr\/wp-json\/wp\/v2\/product\/7092","targetHints":{"allow":["GET"]}}],"collection":[{"href":"https:\/\/www.billigtrikotde.com\/hr\/wp-json\/wp\/v2\/product"}],"about":[{"href":"https:\/\/www.billigtrikotde.com\/hr\/wp-json\/wp\/v2\/types\/product"}],"replies":[{"embeddable":true,"href":"https:\/\/www.billigtrikotde.com\/hr\/wp-json\/wp\/v2\/comments?post=7092"}],"wp:featuredmedia":[{"embeddable":true,"href":"https:\/\/www.billigtrikotde.com\/hr\/wp-json\/wp\/v2\/media\/7130"}],"wp:attachment":[{"href":"https:\/\/www.billigtrikotde.com\/hr\/wp-json\/wp\/v2\/media?parent=7092"}],"wp:term":[{"taxonomy":"product_brand","embeddable":true,"href":"https:\/\/www.billigtrikotde.com\/hr\/wp-json\/wp\/v2\/product_brand?post=7092"},{"taxonomy":"product_cat","embeddable":true,"href":"https:\/\/www.billigtrikotde.com\/hr\/wp-json\/wp\/v2\/product_cat?post=7092"},{"taxonomy":"product_tag","embeddable":true,"href":"https:\/\/www.billigtrikotde.com\/hr\/wp-json\/wp\/v2\/product_tag?post=7092"}],"curies":[{"name":"wp","href":"https:\/\/api.w.org\/{rel}","templated":true}]}}