{"id":7032,"date":"2024-10-23T18:10:07","date_gmt":"2024-10-23T16:10:07","guid":{"rendered":"http:\/\/billigtrikots.com\/?post_type=product&#038;p=7032"},"modified":"2024-10-23T18:12:11","modified_gmt":"2024-10-23T16:12:11","slug":"herren-inter-mailand-2022-2023-heimtrikot-blau-fussball-trikot-outlet-j-zanetti-4","status":"publish","type":"product","link":"https:\/\/www.billigtrikotde.com\/hr\/herren-inter-mailand-2022-2023-heimtrikot-blau-fussball-trikot-outlet-j-zanetti-4\/","title":{"rendered":"Mu\u0161ki Inter Milan 2022-2023 doma\u0107i dres plavi nogometni dres Outlet J.ZANETTI 4"},"content":{"rendered":"<p>Na novom Nike Inter Mailand dresu 2022-2023 slu\u017ebena oznaka pobjednika Coppa Italia, Coccarda, je neobi\u010dno postavljena. U Italiji pobjednik nacionalnog kupa (Coppa Italia) ima pravo nositi \u201eCoccardu\u201c u sljede\u0107oj sezoni. Coccarda (rozet) je okrugla oznaka u poznatoj talijanskoj trobojci. Coccarda je postavljena u gornjem desnom kutu. Me\u0111utim, nije simetri\u010dno postavljena iznad Swoosha, ve\u0107 je pomaknuta. Sezona za neparnu poziciju je vjerojatno ona s modelom s rolkom. Napravili smo dvije korekcije za poziciju Coccarde. Jedna simetri\u010dno iznad Swoosha, a druga u sredini.<br \/>\nU slu\u017ebenim pravilima opreme Serie A nije propisano mjesto postavljanja Coccarde i Scudetta (oznake pobjednika Serie A). Mom\u010dadi smiju obje oznake postavljati bilo gdje na dresu, uklju\u010duju\u0107i i u sredini. Inter se mo\u017eda odlu\u010dio ne postavljati Coccardu u sredinu, kako bi izbjegao zbunjenost s Scudettom (oznakom pobjednika Serie A), koji se tradicionalno postavlja u sredinu. U godinama kada je Juventus osvojio i Serie A i Coppa Italia, jedna oznaka je bila postavljena iznad Adidas logotipa, a druga iznad grba.<\/p>\n<p>Savjeti za ispis: Ako ime i broj na slici to\u010dno odgovaraju va\u0161im \u017eeljama, ne morate ih ponovno unositi. Ako ne, unesite \u017eeljeno ime i broj.<\/p>\n<p>Savjeti za pranje: Preporu\u010duje se ru\u010dno pranje nogometnih dresova. Ako \u017eelite koristiti perilicu, sjetite se okrenuti dresove naopako prije pranja. Napunite perilicu hladnom vodom i koristite program za osjetljive tkanine kako biste bolje za\u0161titili boje.<\/p>","protected":false},"excerpt":{"rendered":"<p>Na novom Nike Inter Mailand dresu 2022-2023 nalazi se slu\u017ebena oznaka pobjednika Coppa Italia, Coccarda, neuobi\u010dajeno postavljena. U Italiji, pobjednik nacionalnog kupa (Coppa Italia) ima pravo nositi \u201eCoccardu\u201c u sljede\u0107oj sezoni. Coccarda (ru\u017ea) je okrugla oznaka u talijanskoj trobojci. Coccarda je postavljena u gornjem desnom kutu. Me\u0111utim, [...]<\/p>","protected":false},"featured_media":7070,"comment_status":"open","ping_status":"closed","template":"","meta":[],"product_brand":[],"product_cat":[77],"product_tag":[20,21,22,23,24,297,78],"class_list":{"0":"post-7032","1":"product","2":"type-product","3":"status-publish","4":"has-post-thumbnail","6":"product_cat-inter-milan","7":"product_tag-coole-fussballtrikots","8":"product_tag-fussballtrikot-fuer-herren","9":"product_tag-fussballtrikot-guenstig-kaufen","10":"product_tag-fussballtrikot-kurzarm","11":"product_tag-guenstiges-fussballtrikot","12":"product_tag-inter-mailand-heimtrikot","13":"product_tag-inter-milan-trikots","15":"first","16":"instock","17":"shipping-taxable","18":"purchasable","19":"product-type-variable"},"_links":{"self":[{"href":"https:\/\/www.billigtrikotde.com\/hr\/wp-json\/wp\/v2\/product\/7032","targetHints":{"allow":["GET"]}}],"collection":[{"href":"https:\/\/www.billigtrikotde.com\/hr\/wp-json\/wp\/v2\/product"}],"about":[{"href":"https:\/\/www.billigtrikotde.com\/hr\/wp-json\/wp\/v2\/types\/product"}],"replies":[{"embeddable":true,"href":"https:\/\/www.billigtrikotde.com\/hr\/wp-json\/wp\/v2\/comments?post=7032"}],"wp:featuredmedia":[{"embeddable":true,"href":"https:\/\/www.billigtrikotde.com\/hr\/wp-json\/wp\/v2\/media\/7070"}],"wp:attachment":[{"href":"https:\/\/www.billigtrikotde.com\/hr\/wp-json\/wp\/v2\/media?parent=7032"}],"wp:term":[{"taxonomy":"product_brand","embeddable":true,"href":"https:\/\/www.billigtrikotde.com\/hr\/wp-json\/wp\/v2\/product_brand?post=7032"},{"taxonomy":"product_cat","embeddable":true,"href":"https:\/\/www.billigtrikotde.com\/hr\/wp-json\/wp\/v2\/product_cat?post=7032"},{"taxonomy":"product_tag","embeddable":true,"href":"https:\/\/www.billigtrikotde.com\/hr\/wp-json\/wp\/v2\/product_tag?post=7032"}],"curies":[{"name":"wp","href":"https:\/\/api.w.org\/{rel}","templated":true}]}}