{"id":6922,"date":"2024-10-23T18:04:59","date_gmt":"2024-10-23T16:04:59","guid":{"rendered":"http:\/\/billigtrikots.com\/?post_type=product&#038;p=6922"},"modified":"2024-10-23T18:07:08","modified_gmt":"2024-10-23T16:07:08","slug":"herren-ac-milan-auswaertstrikot-2022-23-weiss-online-kaufen-mit-namen-kessie-79","status":"publish","type":"product","link":"https:\/\/www.billigtrikotde.com\/hr\/herren-ac-milan-auswaertstrikot-2022-23-weiss-online-kaufen-mit-namen-kessie-79\/","title":{"rendered":"Mu\u0161ki AC Milan gostuju\u0107i dres 2022\/23 bijeli online kupnja s imenom KESSIE 79"},"content":{"rendered":"<p>Das zweite Puma AC Mailand 2022-2023 Fu\u00dfballtrikot kombiniert eine wei\u00dfe Grundlage mit &#8222;tangoroten&#8220; Akzenten und Verzierungen und bringt damit die mit Abstand kultigste alternative Farbvariante des AC Mailand zur\u00fcck.<\/p>\n<p>Savjeti za ispis: Ako ime i broj na slici to\u010dno odgovaraju va\u0161im \u017eeljama, ne morate ih ponovno unositi. Ako ne, unesite \u017eeljeno ime i broj.<\/p>\n<p>Savjeti za pranje: Preporu\u010duje se ru\u010dno pranje nogometnih dresova. Ako \u017eelite koristiti perilicu, sjetite se okrenuti dresove naopako prije pranja. Napunite perilicu hladnom vodom i koristite program za osjetljive tkanine kako biste bolje za\u0161titili boje.<\/p>","protected":false},"excerpt":{"rendered":"<p>Drugi Puma dres AC Milan 2022-2023 kombinira bijelu osnovu s \u201etangorotima\u201c akcentima i ukrasima te na taj na\u010din vra\u0107a najkultniju alternativnu boju dresa AC Milana. Savjeti za ispis: Ako ime i broj na slici to\u010dno odgovaraju va\u0161im \u017eeljama, ne morate ih ponovno unositi. Ako ne, trebali biste [\u2026]<\/p>","protected":false},"featured_media":6961,"comment_status":"open","ping_status":"closed","template":"","meta":[],"product_brand":[],"product_cat":[15],"product_tag":[296,292,293,294,20,21,22,23],"class_list":{"0":"post-6922","1":"product","2":"type-product","3":"status-publish","4":"has-post-thumbnail","6":"product_cat-unkategorisiert","7":"product_tag-ac-milan-auswaertstrikot-2022-23-neues","8":"product_tag-ac-milan-neues-trikot-22-23","9":"product_tag-ac-milan-trikot-bestellen","10":"product_tag-alle-ac-mailand-trikots","11":"product_tag-coole-fussballtrikots","12":"product_tag-fussballtrikot-fuer-herren","13":"product_tag-fussballtrikot-guenstig-kaufen","14":"product_tag-fussballtrikot-kurzarm","16":"first","17":"instock","18":"shipping-taxable","19":"purchasable","20":"product-type-variable"},"_links":{"self":[{"href":"https:\/\/www.billigtrikotde.com\/hr\/wp-json\/wp\/v2\/product\/6922","targetHints":{"allow":["GET"]}}],"collection":[{"href":"https:\/\/www.billigtrikotde.com\/hr\/wp-json\/wp\/v2\/product"}],"about":[{"href":"https:\/\/www.billigtrikotde.com\/hr\/wp-json\/wp\/v2\/types\/product"}],"replies":[{"embeddable":true,"href":"https:\/\/www.billigtrikotde.com\/hr\/wp-json\/wp\/v2\/comments?post=6922"}],"wp:featuredmedia":[{"embeddable":true,"href":"https:\/\/www.billigtrikotde.com\/hr\/wp-json\/wp\/v2\/media\/6961"}],"wp:attachment":[{"href":"https:\/\/www.billigtrikotde.com\/hr\/wp-json\/wp\/v2\/media?parent=6922"}],"wp:term":[{"taxonomy":"product_brand","embeddable":true,"href":"https:\/\/www.billigtrikotde.com\/hr\/wp-json\/wp\/v2\/product_brand?post=6922"},{"taxonomy":"product_cat","embeddable":true,"href":"https:\/\/www.billigtrikotde.com\/hr\/wp-json\/wp\/v2\/product_cat?post=6922"},{"taxonomy":"product_tag","embeddable":true,"href":"https:\/\/www.billigtrikotde.com\/hr\/wp-json\/wp\/v2\/product_tag?post=6922"}],"curies":[{"name":"wp","href":"https:\/\/api.w.org\/{rel}","templated":true}]}}