{"id":6900,"date":"2024-10-23T18:03:52","date_gmt":"2024-10-23T16:03:52","guid":{"rendered":"http:\/\/billigtrikots.com\/?post_type=product&#038;p=6900"},"modified":"2024-10-23T18:05:59","modified_gmt":"2024-10-23T16:05:59","slug":"ac-milan-heimtrikot-2022-23-schwarz-rot-trikotsatz-fuer-herren-bestellen-mit-aufdruck-musacchio-22","status":"publish","type":"product","link":"https:\/\/www.billigtrikotde.com\/hr\/ac-milan-heimtrikot-2022-23-schwarz-rot-trikotsatz-fuer-herren-bestellen-mit-aufdruck-musacchio-22\/","title":{"rendered":"AC Milan doma\u0107a majica 2022\/23 crno crveni komplet za mu\u0161karce naru\u010diti s natpisom MUSACCHIO 22"},"content":{"rendered":"<p>Puma Milan 2022-23 nogometna majica kombinira Puma crnu i Tango crvenu. To su iste boje kao i pro\u0161le sezone, samo \u0161to je crna sada primarna boja, a crvena sekundarna.<\/p>\n<p>Savjeti za ispis: Ako ime i broj na slici to\u010dno odgovaraju va\u0161im \u017eeljama, ne morate ih ponovno unositi. Ako ne, unesite \u017eeljeno ime i broj.<\/p>\n<p>Savjeti za pranje: Preporu\u010duje se ru\u010dno pranje nogometnih dresova. Ako \u017eelite koristiti perilicu, sjetite se okrenuti dresove naopako prije pranja. Napunite perilicu hladnom vodom i koristite program za osjetljive tkanine kako biste bolje za\u0161titili boje.<\/p>","protected":false},"excerpt":{"rendered":"<p>Puma Milan 2022-23 nogometni dres kombinira Puma crnu i Tango crvenu. To su iste boje kao i pro\u0161le sezone, samo \u0161to je crna sada primarna boja, a crvena sekundarna. Savjeti za tiskanje: Ako ime i broj na slici to\u010dno odgovaraju va\u0161im \u017eeljama, ne morate ih ponovno unositi. Ako [\u2026]<\/p>","protected":false},"featured_media":6938,"comment_status":"open","ping_status":"closed","template":"","meta":[],"product_brand":[],"product_cat":[15],"product_tag":[295,292,293,294,20,21,22,23],"class_list":{"0":"post-6900","1":"product","2":"type-product","3":"status-publish","4":"has-post-thumbnail","6":"product_cat-unkategorisiert","7":"product_tag-ac-milan-heimtrikot-2022-23-neues","8":"product_tag-ac-milan-neues-trikot-22-23","9":"product_tag-ac-milan-trikot-bestellen","10":"product_tag-alle-ac-mailand-trikots","11":"product_tag-coole-fussballtrikots","12":"product_tag-fussballtrikot-fuer-herren","13":"product_tag-fussballtrikot-guenstig-kaufen","14":"product_tag-fussballtrikot-kurzarm","16":"first","17":"instock","18":"shipping-taxable","19":"purchasable","20":"product-type-variable"},"_links":{"self":[{"href":"https:\/\/www.billigtrikotde.com\/hr\/wp-json\/wp\/v2\/product\/6900","targetHints":{"allow":["GET"]}}],"collection":[{"href":"https:\/\/www.billigtrikotde.com\/hr\/wp-json\/wp\/v2\/product"}],"about":[{"href":"https:\/\/www.billigtrikotde.com\/hr\/wp-json\/wp\/v2\/types\/product"}],"replies":[{"embeddable":true,"href":"https:\/\/www.billigtrikotde.com\/hr\/wp-json\/wp\/v2\/comments?post=6900"}],"wp:featuredmedia":[{"embeddable":true,"href":"https:\/\/www.billigtrikotde.com\/hr\/wp-json\/wp\/v2\/media\/6938"}],"wp:attachment":[{"href":"https:\/\/www.billigtrikotde.com\/hr\/wp-json\/wp\/v2\/media?parent=6900"}],"wp:term":[{"taxonomy":"product_brand","embeddable":true,"href":"https:\/\/www.billigtrikotde.com\/hr\/wp-json\/wp\/v2\/product_brand?post=6900"},{"taxonomy":"product_cat","embeddable":true,"href":"https:\/\/www.billigtrikotde.com\/hr\/wp-json\/wp\/v2\/product_cat?post=6900"},{"taxonomy":"product_tag","embeddable":true,"href":"https:\/\/www.billigtrikotde.com\/hr\/wp-json\/wp\/v2\/product_tag?post=6900"}],"curies":[{"name":"wp","href":"https:\/\/api.w.org\/{rel}","templated":true}]}}