{"id":6838,"date":"2024-10-23T18:00:56","date_gmt":"2024-10-23T16:00:56","guid":{"rendered":"http:\/\/billigtrikots.com\/?post_type=product&#038;p=6838"},"modified":"2024-10-23T18:03:08","modified_gmt":"2024-10-23T16:03:08","slug":"herren-real-madrid-2022-2023-auswaertstrikots-deutschland-kurzarm-fuer-draussen-asensio-11","status":"publish","type":"product","link":"https:\/\/www.billigtrikotde.com\/hr\/herren-real-madrid-2022-2023-auswaertstrikots-deutschland-kurzarm-fuer-draussen-asensio-11\/","title":{"rendered":"Mu\u0161karci Real Madrid 2022-2023 gostuju\u0107e majice Njema\u010dka kratkih rukava za vani ASENSIO 11"},"content":{"rendered":"<p>Real Madrid CF 22-23 gostuju\u0107i dres je \u201eSvijetlo ljubi\u010dasta\u201c. Svijetlo ljubi\u010dasta je ista ljubi\u010dasta boja koja se koristi i za dres Real Madrid 22-23. Sama boja je prili\u010dno blijeda, svijetla ljubi\u010dasta. Otkrijte gostuju\u0107i dres Real Madrid 2022\/2023. Ponosno nosite boje Merenga na terenu ili na otvorenom. Fleksibilan i lagan dres s Adidas Aeroready tehnologijom, odjevni predmet koji sprje\u010dava da se znoj probije u va\u0161e igranje ili trening. Ostanite suhi nakon ubrzanja.<\/p>\n<p>Savjeti za ispis: Ako ime i broj na slici to\u010dno odgovaraju va\u0161im \u017eeljama, ne morate ih ponovno unositi. Ako ne, unesite \u017eeljeno ime i broj.<\/p>\n<p>Savjeti za pranje: Preporu\u010duje se ru\u010dno pranje nogometnih dresova. Ako \u017eelite koristiti perilicu, sjetite se okrenuti dresove naopako prije pranja. Napunite perilicu hladnom vodom i koristite program za osjetljive tkanine kako biste bolje za\u0161titili boje.<\/p>","protected":false},"excerpt":{"rendered":"<p>Real Madrid CF 22-23 gostuju\u0107i dres je \u201eSvijetlo ljubi\u010dasta\u201c. Svijetlo ljubi\u010dasta je ista ljubi\u010dasta boja koja se koristi i za dres Real Madrid 22-23. Sama boja je prili\u010dno blijeda, svijetla ljubi\u010dasta. Otkrijte gostuju\u0107i dres Real Madrid 2022\/2023. Ponosno nosite boje Merenga na terenu ili na otvorenom. Fleksibilan i lagan [\u2026]<\/p>","protected":false},"featured_media":6877,"comment_status":"open","ping_status":"closed","template":"","meta":[],"product_brand":[],"product_cat":[45],"product_tag":[20,38,21,228,24,291,271,267,47,268],"class_list":{"0":"post-6838","1":"product","2":"type-product","3":"status-publish","4":"has-post-thumbnail","6":"product_cat-real-madrid","7":"product_tag-coole-fussballtrikots","8":"product_tag-fussball-trikot-langarm","9":"product_tag-fussballtrikot-fuer-herren","10":"product_tag-guenstige-fussballtrikot","11":"product_tag-guenstiges-fussballtrikot","12":"product_tag-real-madrid-2022-2023-auswaertstrikots","13":"product_tag-real-madrid-trikot-herren-guenstig","14":"product_tag-real-madrid-trikot-langarm-herren","15":"product_tag-real-madrid-trikots","16":"product_tag-real-madrid-trikots-22-23","18":"first","19":"instock","20":"shipping-taxable","21":"purchasable","22":"product-type-variable"},"_links":{"self":[{"href":"https:\/\/www.billigtrikotde.com\/hr\/wp-json\/wp\/v2\/product\/6838","targetHints":{"allow":["GET"]}}],"collection":[{"href":"https:\/\/www.billigtrikotde.com\/hr\/wp-json\/wp\/v2\/product"}],"about":[{"href":"https:\/\/www.billigtrikotde.com\/hr\/wp-json\/wp\/v2\/types\/product"}],"replies":[{"embeddable":true,"href":"https:\/\/www.billigtrikotde.com\/hr\/wp-json\/wp\/v2\/comments?post=6838"}],"wp:featuredmedia":[{"embeddable":true,"href":"https:\/\/www.billigtrikotde.com\/hr\/wp-json\/wp\/v2\/media\/6877"}],"wp:attachment":[{"href":"https:\/\/www.billigtrikotde.com\/hr\/wp-json\/wp\/v2\/media?parent=6838"}],"wp:term":[{"taxonomy":"product_brand","embeddable":true,"href":"https:\/\/www.billigtrikotde.com\/hr\/wp-json\/wp\/v2\/product_brand?post=6838"},{"taxonomy":"product_cat","embeddable":true,"href":"https:\/\/www.billigtrikotde.com\/hr\/wp-json\/wp\/v2\/product_cat?post=6838"},{"taxonomy":"product_tag","embeddable":true,"href":"https:\/\/www.billigtrikotde.com\/hr\/wp-json\/wp\/v2\/product_tag?post=6838"}],"curies":[{"name":"wp","href":"https:\/\/api.w.org\/{rel}","templated":true}]}}