{"id":683,"date":"2024-10-23T12:59:45","date_gmt":"2024-10-23T10:59:45","guid":{"rendered":"http:\/\/billigtrikots.com\/?post_type=product&#038;p=683"},"modified":"2024-10-23T13:01:18","modified_gmt":"2024-10-23T11:01:18","slug":"paris-st-germain-21-22-stadium-auswaertstrikot-weiss-trikotsatz-mit-aufdruck-draxler-23","status":"publish","type":"product","link":"https:\/\/www.billigtrikotde.com\/hr\/paris-st-germain-21-22-stadium-auswaertstrikot-weiss-trikotsatz-mit-aufdruck-draxler-23\/","title":{"rendered":"Paris St. Germain 21\/22 stadion gostuju\u0107i dres bijeli komplet s natpisom Draxler 23"},"content":{"rendered":"<p>Poka\u017ei svoju pripadnost svom timu putem laganog modela u bijeloj boji. S sportskom majicom iz ku\u0107e Nike zaista ne mo\u017eete pogrije\u0161iti. Kao pravi navija\u010d Paris Saint-Germain, trebate ovu sportsku majicu. Udoban, prozra\u010dan, odvodni od znoja i lagan model uvjerljivo \u0107e vas odu\u0161eviti. Ovo je majica koja \u0107e zasigurno impresionirati s grbom kluba na prsima. S ovom sportskom majicom bit \u0107ete spremni za svaku trening sesiju.<\/p>\n<p>Savjeti za ispis: Ako ime i broj na slici to\u010dno odgovaraju va\u0161im \u017eeljama, ne morate ih ponovno unositi. Ako ne, unesite \u017eeljeno ime i broj.<\/p>\n<p>Savjeti za pranje: Preporu\u010duje se ru\u010dno pranje nogometnih dresova. Ako \u017eelite koristiti perilicu, sjetite se okrenuti dresove naopako prije pranja. Napunite perilicu hladnom vodom i koristite program za osjetljive tkanine kako biste bolje za\u0161titili boje.<\/p>","protected":false},"excerpt":{"rendered":"<p>Poka\u017ei svoju pripadnost svom timu putem laganog modela u bijeloj boji. S sportskom majicom iz ku\u0107e Nike zaista ne mo\u017eete pogrije\u0161iti. Kao pravi navija\u010d Paris Saint-Germain, trebate ovu sportsku majicu. Udoban, prozra\u010dan, upijaju\u0107i znoj i lagan model uvjerava na svim razinama. Ovo je majica koja se isti\u010de zahvaljuju\u0107i grbu kluba na prsima [...]<\/p>","protected":false},"featured_media":714,"comment_status":"open","ping_status":"closed","template":"","meta":[],"product_brand":[],"product_cat":[39],"product_tag":[20,43,21,22,23,24,44,41],"class_list":{"0":"post-683","1":"product","2":"type-product","3":"status-publish","4":"has-post-thumbnail","6":"product_cat-paris-saint-germain","7":"product_tag-coole-fussballtrikots","8":"product_tag-fussballkleidung","9":"product_tag-fussballtrikot-fuer-herren","10":"product_tag-fussballtrikot-guenstig-kaufen","11":"product_tag-fussballtrikot-kurzarm","12":"product_tag-guenstiges-fussballtrikot","13":"product_tag-paris-saint-germain-auswaertstrikot","14":"product_tag-paris-saint-germain-trikots","16":"first","17":"instock","18":"shipping-taxable","19":"purchasable","20":"product-type-variable"},"_links":{"self":[{"href":"https:\/\/www.billigtrikotde.com\/hr\/wp-json\/wp\/v2\/product\/683","targetHints":{"allow":["GET"]}}],"collection":[{"href":"https:\/\/www.billigtrikotde.com\/hr\/wp-json\/wp\/v2\/product"}],"about":[{"href":"https:\/\/www.billigtrikotde.com\/hr\/wp-json\/wp\/v2\/types\/product"}],"replies":[{"embeddable":true,"href":"https:\/\/www.billigtrikotde.com\/hr\/wp-json\/wp\/v2\/comments?post=683"}],"wp:featuredmedia":[{"embeddable":true,"href":"https:\/\/www.billigtrikotde.com\/hr\/wp-json\/wp\/v2\/media\/714"}],"wp:attachment":[{"href":"https:\/\/www.billigtrikotde.com\/hr\/wp-json\/wp\/v2\/media?parent=683"}],"wp:term":[{"taxonomy":"product_brand","embeddable":true,"href":"https:\/\/www.billigtrikotde.com\/hr\/wp-json\/wp\/v2\/product_brand?post=683"},{"taxonomy":"product_cat","embeddable":true,"href":"https:\/\/www.billigtrikotde.com\/hr\/wp-json\/wp\/v2\/product_cat?post=683"},{"taxonomy":"product_tag","embeddable":true,"href":"https:\/\/www.billigtrikotde.com\/hr\/wp-json\/wp\/v2\/product_tag?post=683"}],"curies":[{"name":"wp","href":"https:\/\/api.w.org\/{rel}","templated":true}]}}