{"id":6750,"date":"2024-10-23T17:56:24","date_gmt":"2024-10-23T15:56:24","guid":{"rendered":"http:\/\/billigtrikots.com\/?post_type=product&#038;p=6750"},"modified":"2024-10-23T17:58:32","modified_gmt":"2024-10-23T15:58:32","slug":"paris-saint-germain-psg-fuer-die-saison-22-23-herren-heimtrikot-mit-aufdruck-sergio-ramos-4","status":"publish","type":"product","link":"https:\/\/www.billigtrikotde.com\/hr\/paris-saint-germain-psg-fuer-die-saison-22-23-herren-heimtrikot-mit-aufdruck-sergio-ramos-4\/","title":{"rendered":"Paris Saint Germain PSG za sezonu 22-23 mu\u0161karci doma\u0107i dres s natpisom SERGIO RAMOS 4"},"content":{"rendered":"<p>Nakon jednobojnog dresa iz 21-22, Nike PSG dres 2022-23 je plavi s bijelom srednjom prugom, okru\u017eenom tanjim crvenim prugama \u2013 obrnuti hechter, ako tako \u017eeli\u0161. Stra\u017enja strana je jednobojno plava. Logotipi na Paris Saint-Germain 22-23 dresu su smje\u0161teni u sredini, pri \u010demu je Swoosh ispod grba kluba.<\/p>\n<p>Savjeti za ispis: Ako ime i broj na slici to\u010dno odgovaraju va\u0161im \u017eeljama, ne morate ih ponovno unositi. Ako ne, unesite \u017eeljeno ime i broj.<\/p>\n<p>Savjeti za pranje: Preporu\u010duje se ru\u010dno pranje nogometnih dresova. Ako \u017eelite koristiti perilicu, sjetite se okrenuti dresove naopako prije pranja. Napunite perilicu hladnom vodom i koristite program za osjetljive tkanine kako biste bolje za\u0161titili boje.<\/p>","protected":false},"excerpt":{"rendered":"<p>Nakon jednobojnog dresa iz 21-22, Nike PSG dres 2022-23 je plavi s bijelom srednjom prugom, okru\u017eenom tanjim crvenim prugama \u2013 obrnuti hechter, ako tako \u017eeli\u0161. Stra\u017enja strana je jednobojno plava. Logotipi na Paris Saint-Germain 22-23 dresu su smje\u0161teni u sredini, pri \u010demu je Swoosh ispod grba kluba [...]<\/p>","protected":false},"featured_media":6786,"comment_status":"open","ping_status":"closed","template":"","meta":[],"product_brand":[],"product_cat":[39],"product_tag":[286,20,43,21,22,23,24,44,41,244,290],"class_list":{"0":"post-6750","1":"product","2":"type-product","3":"status-publish","4":"has-post-thumbnail","6":"product_cat-paris-saint-germain","7":"product_tag-alle-neuen-psg-trikots","8":"product_tag-coole-fussballtrikots","9":"product_tag-fussballkleidung","10":"product_tag-fussballtrikot-fuer-herren","11":"product_tag-fussballtrikot-guenstig-kaufen","12":"product_tag-fussballtrikot-kurzarm","13":"product_tag-guenstiges-fussballtrikot","14":"product_tag-paris-saint-germain-auswaertstrikot","15":"product_tag-paris-saint-germain-trikots","16":"product_tag-psg-trikot-2022-23","17":"product_tag-psg-trikot-2022-23-fussballtrikots","19":"first","20":"instock","21":"shipping-taxable","22":"purchasable","23":"product-type-variable"},"_links":{"self":[{"href":"https:\/\/www.billigtrikotde.com\/hr\/wp-json\/wp\/v2\/product\/6750","targetHints":{"allow":["GET"]}}],"collection":[{"href":"https:\/\/www.billigtrikotde.com\/hr\/wp-json\/wp\/v2\/product"}],"about":[{"href":"https:\/\/www.billigtrikotde.com\/hr\/wp-json\/wp\/v2\/types\/product"}],"replies":[{"embeddable":true,"href":"https:\/\/www.billigtrikotde.com\/hr\/wp-json\/wp\/v2\/comments?post=6750"}],"wp:featuredmedia":[{"embeddable":true,"href":"https:\/\/www.billigtrikotde.com\/hr\/wp-json\/wp\/v2\/media\/6786"}],"wp:attachment":[{"href":"https:\/\/www.billigtrikotde.com\/hr\/wp-json\/wp\/v2\/media?parent=6750"}],"wp:term":[{"taxonomy":"product_brand","embeddable":true,"href":"https:\/\/www.billigtrikotde.com\/hr\/wp-json\/wp\/v2\/product_brand?post=6750"},{"taxonomy":"product_cat","embeddable":true,"href":"https:\/\/www.billigtrikotde.com\/hr\/wp-json\/wp\/v2\/product_cat?post=6750"},{"taxonomy":"product_tag","embeddable":true,"href":"https:\/\/www.billigtrikotde.com\/hr\/wp-json\/wp\/v2\/product_tag?post=6750"}],"curies":[{"name":"wp","href":"https:\/\/api.w.org\/{rel}","templated":true}]}}