{"id":6738,"date":"2024-10-23T17:55:48","date_gmt":"2024-10-23T15:55:48","guid":{"rendered":"http:\/\/billigtrikots.com\/?post_type=product&#038;p=6738"},"modified":"2024-10-23T17:57:56","modified_gmt":"2024-10-23T15:57:56","slug":"neue-paris-saint-germain-psg-heimtrikot-fuer-die-saison-22-23-herren-fussballtrikots","status":"publish","type":"product","link":"https:\/\/www.billigtrikotde.com\/hr\/neue-paris-saint-germain-psg-heimtrikot-fuer-die-saison-22-23-herren-fussballtrikots\/","title":{"rendered":"Novi Paris Saint Germain PSG doma\u0107i dres za sezonu 22-23 mu\u0161karci nogometni dresovi"},"content":{"rendered":"<p>Nakon jednobojne majice iz 21-22, Nike PSG majica 2022-23 plava s bijelim srednjim trakom, okru\u017eenom tankim crvenim trakama \u2013 obrnuti hekter, ako ba\u0161 \u017eeli\u0161. Stra\u017enja strana je jednobojna plava. Logotipi na Paris Saint-Germain 22-23 majici su centrirani, Swoosh se vidi ispod kluba grba [...]<\/p>\n<p>Savjeti za ispis: Ako ime i broj na slici to\u010dno odgovaraju va\u0161im \u017eeljama, ne morate ih ponovno unositi. Ako ne, unesite \u017eeljeno ime i broj.<\/p>\n<p>Savjeti za pranje: Preporu\u010duje se ru\u010dno pranje nogometnih dresova. Ako \u017eelite koristiti perilicu, sjetite se okrenuti dresove naopako prije pranja. Napunite perilicu hladnom vodom i koristite program za osjetljive tkanine kako biste bolje za\u0161titili boje.<\/p>","protected":false},"excerpt":{"rendered":"<p>Nakon jednobojne majice iz 21-22, Nike PSG majica 2022-23 plava s bijelim srednjim trakom, okru\u017eenom tankim crvenim trakama \u2013 obrnuti hekter, ako ba\u0161 \u017eeli\u0161. Stra\u017enja strana je jednobojna plava. Logotipi na Paris Saint-Germain 22-23 majici su centrirani, Swoosh se vidi ispod kluba grba [...]<\/p>","protected":false},"featured_media":6774,"comment_status":"open","ping_status":"closed","template":"","meta":[],"product_brand":[],"product_cat":[39],"product_tag":[286,20,43,21,22,23,24,44,41,244,290],"class_list":{"0":"post-6738","1":"product","2":"type-product","3":"status-publish","4":"has-post-thumbnail","6":"product_cat-paris-saint-germain","7":"product_tag-alle-neuen-psg-trikots","8":"product_tag-coole-fussballtrikots","9":"product_tag-fussballkleidung","10":"product_tag-fussballtrikot-fuer-herren","11":"product_tag-fussballtrikot-guenstig-kaufen","12":"product_tag-fussballtrikot-kurzarm","13":"product_tag-guenstiges-fussballtrikot","14":"product_tag-paris-saint-germain-auswaertstrikot","15":"product_tag-paris-saint-germain-trikots","16":"product_tag-psg-trikot-2022-23","17":"product_tag-psg-trikot-2022-23-fussballtrikots","19":"first","20":"instock","21":"shipping-taxable","22":"purchasable","23":"product-type-variable"},"_links":{"self":[{"href":"https:\/\/www.billigtrikotde.com\/hr\/wp-json\/wp\/v2\/product\/6738","targetHints":{"allow":["GET"]}}],"collection":[{"href":"https:\/\/www.billigtrikotde.com\/hr\/wp-json\/wp\/v2\/product"}],"about":[{"href":"https:\/\/www.billigtrikotde.com\/hr\/wp-json\/wp\/v2\/types\/product"}],"replies":[{"embeddable":true,"href":"https:\/\/www.billigtrikotde.com\/hr\/wp-json\/wp\/v2\/comments?post=6738"}],"wp:featuredmedia":[{"embeddable":true,"href":"https:\/\/www.billigtrikotde.com\/hr\/wp-json\/wp\/v2\/media\/6774"}],"wp:attachment":[{"href":"https:\/\/www.billigtrikotde.com\/hr\/wp-json\/wp\/v2\/media?parent=6738"}],"wp:term":[{"taxonomy":"product_brand","embeddable":true,"href":"https:\/\/www.billigtrikotde.com\/hr\/wp-json\/wp\/v2\/product_brand?post=6738"},{"taxonomy":"product_cat","embeddable":true,"href":"https:\/\/www.billigtrikotde.com\/hr\/wp-json\/wp\/v2\/product_cat?post=6738"},{"taxonomy":"product_tag","embeddable":true,"href":"https:\/\/www.billigtrikotde.com\/hr\/wp-json\/wp\/v2\/product_tag?post=6738"}],"curies":[{"name":"wp","href":"https:\/\/api.w.org\/{rel}","templated":true}]}}