{"id":67,"date":"2024-10-23T12:04:03","date_gmt":"2024-10-23T10:04:03","guid":{"rendered":"http:\/\/billigtrikots.com\/?post_type=product&#038;p=67"},"modified":"2024-10-23T12:05:13","modified_gmt":"2024-10-23T10:05:13","slug":"auswaertstrikot-ac-mailand-2021-22-beige-rot-kurzarm-kurze-hosen-mit-aufdruck-brahim-21","status":"publish","type":"product","link":"https:\/\/www.billigtrikotde.com\/hr\/auswaertstrikot-ac-mailand-2021-22-beige-rot-kurzarm-kurze-hosen-mit-aufdruck-brahim-21\/","title":{"rendered":"Gostuju\u0107i dres AC Milan 2021\/22 be\u017e-crveni s kratkim rukavima + kratke hla\u010de s natpisom BRAHIM 21"},"content":{"rendered":"<p>Ovaj dres AC Milana nije samo hommage jednom od najboljih timova Italije, ve\u0107 i jednom od najboljih timova na svijetu.<\/p>\n<p>Tako\u0111er slavi program pod nazivom Sport for Change, koji podr\u017eava projekte koji koriste sport i sportske vrijednosti za pomo\u0107 mladima u nevolji. Osim toga, to je jednostavno sjajan nogometni dres. Ima tehnologiju za odvod vlage dryCELL, zanimljive kontrastne boje i, naravno, ikoni\u010dni logo AC Milana i Puma Cat logo na prsima.<\/p>\n<p>Savjeti za ispis: Ako ime i broj na slici to\u010dno odgovaraju va\u0161im \u017eeljama, ne morate ih ponovno unositi. Ako ne, unesite \u017eeljeno ime i broj.<\/p>\n<p>Savjeti za pranje: Preporu\u010duje se ru\u010dno pranje nogometnih dresova. Ako \u017eelite koristiti perilicu, sjetite se okrenuti dresove naopako prije pranja. Napunite perilicu hladnom vodom i koristite program za osjetljive tkanine kako biste bolje za\u0161titili boje.<\/p>","protected":false},"excerpt":{"rendered":"<p>Ovaj dres AC Milana nije samo hommage jednom od najboljih timova Italije, ve\u0107 i jednom od najboljih timova svijeta. Tako\u0111er slavi program pod nazivom Sport for Change, koji podr\u017eava projekte koji koriste sport i sportske vrijednosti kako bi pomogli mladima u nevolji. Osim toga, to je jednostavno [\u2026]<\/p>","protected":false},"featured_media":101,"comment_status":"open","ping_status":"closed","template":"","meta":[],"product_brand":[],"product_cat":[15],"product_tag":[19,20,21,22,23,24],"class_list":{"0":"post-67","1":"product","2":"type-product","3":"status-publish","4":"has-post-thumbnail","6":"product_cat-unkategorisiert","7":"product_tag-ac-milan-auswaertstrikot","8":"product_tag-coole-fussballtrikots","9":"product_tag-fussballtrikot-fuer-herren","10":"product_tag-fussballtrikot-guenstig-kaufen","11":"product_tag-fussballtrikot-kurzarm","12":"product_tag-guenstiges-fussballtrikot","14":"first","15":"instock","16":"shipping-taxable","17":"purchasable","18":"product-type-variable"},"_links":{"self":[{"href":"https:\/\/www.billigtrikotde.com\/hr\/wp-json\/wp\/v2\/product\/67","targetHints":{"allow":["GET"]}}],"collection":[{"href":"https:\/\/www.billigtrikotde.com\/hr\/wp-json\/wp\/v2\/product"}],"about":[{"href":"https:\/\/www.billigtrikotde.com\/hr\/wp-json\/wp\/v2\/types\/product"}],"replies":[{"embeddable":true,"href":"https:\/\/www.billigtrikotde.com\/hr\/wp-json\/wp\/v2\/comments?post=67"}],"wp:featuredmedia":[{"embeddable":true,"href":"https:\/\/www.billigtrikotde.com\/hr\/wp-json\/wp\/v2\/media\/101"}],"wp:attachment":[{"href":"https:\/\/www.billigtrikotde.com\/hr\/wp-json\/wp\/v2\/media?parent=67"}],"wp:term":[{"taxonomy":"product_brand","embeddable":true,"href":"https:\/\/www.billigtrikotde.com\/hr\/wp-json\/wp\/v2\/product_brand?post=67"},{"taxonomy":"product_cat","embeddable":true,"href":"https:\/\/www.billigtrikotde.com\/hr\/wp-json\/wp\/v2\/product_cat?post=67"},{"taxonomy":"product_tag","embeddable":true,"href":"https:\/\/www.billigtrikotde.com\/hr\/wp-json\/wp\/v2\/product_tag?post=67"}],"curies":[{"name":"wp","href":"https:\/\/api.w.org\/{rel}","templated":true}]}}