{"id":6675,"date":"2024-10-23T17:52:27","date_gmt":"2024-10-23T15:52:27","guid":{"rendered":"http:\/\/billigtrikots.com\/?post_type=product&#038;p=6675"},"modified":"2024-10-23T17:55:06","modified_gmt":"2024-10-23T15:55:06","slug":"neues-herren-usa-heimtrikot-wm-2022-weiss-kurzarm-schwarz-kurze-hosen-ohara-5","status":"publish","type":"product","link":"https:\/\/www.billigtrikotde.com\/hr\/neues-herren-usa-heimtrikot-wm-2022-weiss-kurzarm-schwarz-kurze-hosen-ohara-5\/","title":{"rendered":"Neues Herren USA Heimtrikot WM 2022 Wei\u00df Kurzarm + Schwarz Kurze Hosen O&#8217;HARA 5"},"content":{"rendered":"<p>Nike Croatia 2022 majica kombinira najtradicionalnije boje nogometne reprezentacije Hrvatske \u2013 bijelu i mornarsko plavu. Slu\u017ebeno se nazivaju \u201eWhite \/ Loyal Blue\u201c.<\/p>\n<p>Posebnost Nike Croatia 2022 majice za Svjetsko prvenstvo je vjerojatno pozicioniranje Swoosha. Umjesto Nike logotipa na prednjoj strani, Swooshi \u0107e vjerojatno biti vidljivi na rukavima.<\/p>\n<p>Radi se o istom stilu logotipa koji poznajemo iz NFL-a. Nikada prije nije kori\u0161ten za Nike nogometnu majicu.<\/p>\n<p>Broj na prednjoj strani nalazio bi se na suprotnoj strani od grba nogometne reprezentacije Hrvatske.<\/p>\n<p>Savjeti za ispis: Ako ime i broj na slici to\u010dno odgovaraju va\u0161im \u017eeljama, ne morate ih ponovno unositi. Ako ne, unesite \u017eeljeno ime i broj.<\/p>\n<p>Savjeti za pranje: Preporu\u010duje se ru\u010dno pranje nogometnih dresova. Ako \u017eelite koristiti perilicu, sjetite se okrenuti dresove naopako prije pranja. Napunite perilicu hladnom vodom i koristite program za osjetljive tkanine kako biste bolje za\u0161titili boje.<\/p>","protected":false},"excerpt":{"rendered":"<p>Nike Croatia 2022 dres kombinira najtradicionalnije boje hrvatskog nogometnog tima \u2013 bijelu i mornarsko plavu. Slu\u017ebeno se boje nazivaju \u201eWhite \/ Loyal Blue\u201c. Posebnost Nike Croatia 2022 dresa za Svjetsko prvenstvo je vjerojatno pozicioniranje Swoosha. Umjesto Nike logotipa na prednjoj strani, Swooshi \u0107e vjerojatno biti na rukavima [...]<\/p>","protected":false},"featured_media":6710,"comment_status":"open","ping_status":"closed","template":"","meta":[],"product_brand":[],"product_cat":[245],"product_tag":[20,43,21,22,23,24,246,287,247,248,249,250,288],"class_list":{"0":"post-6675","1":"product","2":"type-product","3":"status-publish","4":"has-post-thumbnail","6":"product_cat-usa-trikots","7":"product_tag-coole-fussballtrikots","8":"product_tag-fussballkleidung","9":"product_tag-fussballtrikot-fuer-herren","10":"product_tag-fussballtrikot-guenstig-kaufen","11":"product_tag-fussballtrikot-kurzarm","12":"product_tag-guenstiges-fussballtrikot","13":"product_tag-united-states-2022-trikot","14":"product_tag-united-states-heimtrikot","15":"product_tag-usa-fussball-shop","16":"product_tag-usa-fussball-trikot","17":"product_tag-usa-nationalmannschaft","18":"product_tag-usa-trikot-herren","19":"product_tag-usa-trikots","21":"first","22":"instock","23":"shipping-taxable","24":"purchasable","25":"product-type-variable"},"_links":{"self":[{"href":"https:\/\/www.billigtrikotde.com\/hr\/wp-json\/wp\/v2\/product\/6675","targetHints":{"allow":["GET"]}}],"collection":[{"href":"https:\/\/www.billigtrikotde.com\/hr\/wp-json\/wp\/v2\/product"}],"about":[{"href":"https:\/\/www.billigtrikotde.com\/hr\/wp-json\/wp\/v2\/types\/product"}],"replies":[{"embeddable":true,"href":"https:\/\/www.billigtrikotde.com\/hr\/wp-json\/wp\/v2\/comments?post=6675"}],"wp:featuredmedia":[{"embeddable":true,"href":"https:\/\/www.billigtrikotde.com\/hr\/wp-json\/wp\/v2\/media\/6710"}],"wp:attachment":[{"href":"https:\/\/www.billigtrikotde.com\/hr\/wp-json\/wp\/v2\/media?parent=6675"}],"wp:term":[{"taxonomy":"product_brand","embeddable":true,"href":"https:\/\/www.billigtrikotde.com\/hr\/wp-json\/wp\/v2\/product_brand?post=6675"},{"taxonomy":"product_cat","embeddable":true,"href":"https:\/\/www.billigtrikotde.com\/hr\/wp-json\/wp\/v2\/product_cat?post=6675"},{"taxonomy":"product_tag","embeddable":true,"href":"https:\/\/www.billigtrikotde.com\/hr\/wp-json\/wp\/v2\/product_tag?post=6675"}],"curies":[{"name":"wp","href":"https:\/\/api.w.org\/{rel}","templated":true}]}}