{"id":6546,"date":"2024-10-23T17:46:08","date_gmt":"2024-10-23T15:46:08","guid":{"rendered":"http:\/\/billigtrikots.com\/?post_type=product&#038;p=6546"},"modified":"2024-10-23T17:48:15","modified_gmt":"2024-10-23T15:48:15","slug":"kinder-paris-saint-germain-psg-heimtrikots-2022-2023-blau-trikotsatz-kaufen-draxler-23","status":"publish","type":"product","link":"https:\/\/www.billigtrikotde.com\/hr\/kinder-paris-saint-germain-psg-heimtrikots-2022-2023-blau-trikotsatz-kaufen-draxler-23\/","title":{"rendered":"Dje\u010dji Paris Saint Germain PSG Doma\u0107i dresovi 2022-2023 Plavi set dresova Kupiti Draxler 23"},"content":{"rendered":"<p>Nakon jednobojnog dresa iz 21-22, Nike PSG dres 2022-23 je plav s bijelim srednjim prugom, okru\u017eenom tanjim crvenim prugama \u2013 obrnuti hekter, ako tako \u017eeli\u0161. Stra\u017enja strana je jednobojno plava.<\/p>\n<p>Savjeti za ispis: Ako ime i broj na slici to\u010dno odgovaraju va\u0161im \u017eeljama, ne morate ih ponovno unositi. Ako ne, unesite \u017eeljeno ime i broj.<\/p>\n<p>Savjeti za pranje: Preporu\u010duje se ru\u010dno pranje nogometnih dresova. Ako \u017eelite koristiti perilicu, sjetite se okrenuti dresove naopako prije pranja. Napunite perilicu hladnom vodom i koristite program za osjetljive tkanine kako biste bolje za\u0161titili boje.<\/p>","protected":false},"excerpt":{"rendered":"<p>Nakon jednobojnog dresa iz 21-22, Nike PSG dres 2022-23 plav je s bijelim srednjim trakama, koje su okru\u017eene tankima crvenim trakama \u2013 obrnuti he\u010der, ako smije\u0161 tako re\u0107i. Stra\u017enja strana je jednobojno plava. Savjeti za tiskanje: Ako ime i broj na slici potpuno odgovaraju va\u0161im \u017eeljama, morate [\u2026]<\/p>","protected":false},"featured_media":6584,"comment_status":"open","ping_status":"closed","template":"","meta":[],"product_brand":[],"product_cat":[160],"product_tag":[20,43,21,22,23,24,284,285,41],"class_list":{"0":"post-6546","1":"product","2":"type-product","3":"status-publish","4":"has-post-thumbnail","6":"product_cat-paris-saint-germain-kindertrikot","7":"product_tag-coole-fussballtrikots","8":"product_tag-fussballkleidung","9":"product_tag-fussballtrikot-fuer-herren","10":"product_tag-fussballtrikot-guenstig-kaufen","11":"product_tag-fussballtrikot-kurzarm","12":"product_tag-guenstiges-fussballtrikot","13":"product_tag-neuen-fussballtrikots","14":"product_tag-paris-saint-germain-heimtrikots-2022-2023","15":"product_tag-paris-saint-germain-trikots","17":"first","18":"instock","19":"shipping-taxable","20":"purchasable","21":"product-type-variable"},"_links":{"self":[{"href":"https:\/\/www.billigtrikotde.com\/hr\/wp-json\/wp\/v2\/product\/6546","targetHints":{"allow":["GET"]}}],"collection":[{"href":"https:\/\/www.billigtrikotde.com\/hr\/wp-json\/wp\/v2\/product"}],"about":[{"href":"https:\/\/www.billigtrikotde.com\/hr\/wp-json\/wp\/v2\/types\/product"}],"replies":[{"embeddable":true,"href":"https:\/\/www.billigtrikotde.com\/hr\/wp-json\/wp\/v2\/comments?post=6546"}],"wp:featuredmedia":[{"embeddable":true,"href":"https:\/\/www.billigtrikotde.com\/hr\/wp-json\/wp\/v2\/media\/6584"}],"wp:attachment":[{"href":"https:\/\/www.billigtrikotde.com\/hr\/wp-json\/wp\/v2\/media?parent=6546"}],"wp:term":[{"taxonomy":"product_brand","embeddable":true,"href":"https:\/\/www.billigtrikotde.com\/hr\/wp-json\/wp\/v2\/product_brand?post=6546"},{"taxonomy":"product_cat","embeddable":true,"href":"https:\/\/www.billigtrikotde.com\/hr\/wp-json\/wp\/v2\/product_cat?post=6546"},{"taxonomy":"product_tag","embeddable":true,"href":"https:\/\/www.billigtrikotde.com\/hr\/wp-json\/wp\/v2\/product_tag?post=6546"}],"curies":[{"name":"wp","href":"https:\/\/api.w.org\/{rel}","templated":true}]}}