{"id":6486,"date":"2024-10-23T17:43:19","date_gmt":"2024-10-23T15:43:19","guid":{"rendered":"http:\/\/billigtrikots.com\/?post_type=product&#038;p=6486"},"modified":"2024-10-23T17:45:24","modified_gmt":"2024-10-23T15:45:24","slug":"messi-10-fc-barcelona-2022-23-home-kit-heimtrikot-kurzarm-fuer-herren","status":"publish","type":"product","link":"https:\/\/www.billigtrikotde.com\/hr\/messi-10-fc-barcelona-2022-23-home-kit-heimtrikot-kurzarm-fuer-herren\/","title":{"rendered":"MESSI 10 FC Barcelona 2022\/23 Doma\u0107i dres za doma\u0107e potrebe Kratki rukavi za mu\u0161karce"},"content":{"rendered":"<p>Doma\u0107i dres FC Barcelona 2022-23 uvodi moderan izgled i dodaje tradicionalne plavo-crvene pruge tamnoplavom bojom. Rukavi i ovratnik dresa Barcelona 22-23 su jednobojni tamnoplav, dok je prednja strana prili\u010dno \u0161irokih pruga tamnoplave, kraljevsko plave i crvene boje. Slu\u017ebeno ime kori\u0161tene tamnoplave boje na dresu je \u201eObsidian\u201c, \u0161to je tako\u0111er boja logotipa na zlatnom gostuju\u0107em dresu.<br \/>\nDoma\u0107i dres FC Barcelona 2022\/23 dodaje dvije tamnoplav\u0435 vertikalne pruge ikoni\u010dnim kraljevsko plavim i crvenim prugama kluba. Boje katalonske zastave su smje\u0161tene na njegovom vratu. Po prvi put za biv\u0161eg europskog prvaka koristi se mornarskoplava blok boje za gornji dio prsa, ramena i rukave.<\/p>\n<p>Savjeti za ispis: Ako ime i broj na slici to\u010dno odgovaraju va\u0161im \u017eeljama, ne morate ih ponovno unositi. Ako ne, unesite \u017eeljeno ime i broj.<\/p>\n<p>Savjeti za pranje: Preporu\u010duje se ru\u010dno pranje nogometnih dresova. Ako \u017eelite koristiti perilicu, sjetite se okrenuti dresove naopako prije pranja. Napunite perilicu hladnom vodom i koristite program za osjetljive tkanine kako biste bolje za\u0161titili boje.<\/p>","protected":false},"excerpt":{"rendered":"<p>FC Barcelona 2022-23 ku\u0107ni dres uvodi moderan izgled i dodaje tradicionalne plavo-crvene pruge tamnoplavom. Rukavi i ovratnik dresa Barcelona 22-23 su jednobojni tamnoplav, dok je prednja strana prili\u010dno \u0161irokih pruga tamnoplave, kraljevsko plave i crvene boje. Slu\u017ebeno ime tamnoplave boje kori\u0161tene na dresu je \u201eObsidian\u201c, \u0161to tako\u0111er ozna\u010dava [...]<\/p>","protected":false},"featured_media":6524,"comment_status":"open","ping_status":"closed","template":"","meta":[],"product_brand":[],"product_cat":[31],"product_tag":[20,282,283,33,21,22,23,24],"class_list":{"0":"post-6486","1":"product","2":"type-product","3":"status-publish","4":"has-post-thumbnail","6":"product_cat-fc-barcelona","7":"product_tag-coole-fussballtrikots","8":"product_tag-fc-barcelona-2022-23-trikots","9":"product_tag-fc-barcelona-22-23-auswaertstrikot","10":"product_tag-fc-barcelona-trikots","11":"product_tag-fussballtrikot-fuer-herren","12":"product_tag-fussballtrikot-guenstig-kaufen","13":"product_tag-fussballtrikot-kurzarm","14":"product_tag-guenstiges-fussballtrikot","16":"first","17":"instock","18":"shipping-taxable","19":"purchasable","20":"product-type-variable"},"_links":{"self":[{"href":"https:\/\/www.billigtrikotde.com\/hr\/wp-json\/wp\/v2\/product\/6486","targetHints":{"allow":["GET"]}}],"collection":[{"href":"https:\/\/www.billigtrikotde.com\/hr\/wp-json\/wp\/v2\/product"}],"about":[{"href":"https:\/\/www.billigtrikotde.com\/hr\/wp-json\/wp\/v2\/types\/product"}],"replies":[{"embeddable":true,"href":"https:\/\/www.billigtrikotde.com\/hr\/wp-json\/wp\/v2\/comments?post=6486"}],"wp:featuredmedia":[{"embeddable":true,"href":"https:\/\/www.billigtrikotde.com\/hr\/wp-json\/wp\/v2\/media\/6524"}],"wp:attachment":[{"href":"https:\/\/www.billigtrikotde.com\/hr\/wp-json\/wp\/v2\/media?parent=6486"}],"wp:term":[{"taxonomy":"product_brand","embeddable":true,"href":"https:\/\/www.billigtrikotde.com\/hr\/wp-json\/wp\/v2\/product_brand?post=6486"},{"taxonomy":"product_cat","embeddable":true,"href":"https:\/\/www.billigtrikotde.com\/hr\/wp-json\/wp\/v2\/product_cat?post=6486"},{"taxonomy":"product_tag","embeddable":true,"href":"https:\/\/www.billigtrikotde.com\/hr\/wp-json\/wp\/v2\/product_tag?post=6486"}],"curies":[{"name":"wp","href":"https:\/\/api.w.org\/{rel}","templated":true}]}}