{"id":6390,"date":"2024-10-23T17:38:53","date_gmt":"2024-10-23T15:38:53","guid":{"rendered":"http:\/\/billigtrikots.com\/?post_type=product&#038;p=6390"},"modified":"2024-10-23T17:40:56","modified_gmt":"2024-10-23T15:40:56","slug":"herren-fc-barcelona-2022-23-auswaertstrikots-goldene-kurzarm-mit-aufdruck-sergio-5","status":"publish","type":"product","link":"https:\/\/www.billigtrikotde.com\/hr\/herren-fc-barcelona-2022-23-auswaertstrikots-goldene-kurzarm-mit-aufdruck-sergio-5\/","title":{"rendered":"Gospoda FC Barcelona 2022\/23 Gostuju\u0107i dresovi Zlatni kratki rukavi s otisakom SERGIO 5"},"content":{"rendered":"<p>FC Barcelona je u ponedjeljak predstavio svoju novu gostuju\u0107u majicu za sezonu 2022\/23 javnosti. Kroz nekoliko curenja bilo je ve\u0107 mjesecima jasno kako \u0107e ova odje\u0107a uglavnom izgledati, sada su stigle prve slu\u017ebene slike. Druga majica Katalonaca potpuno je u zlatnoj boji, kao hommage Olimpijskim igrama, koje su se 1992. godine \u2013 prije 30 godina \u2013 odr\u017eale u Barceloni i trajno su pozitivno utjecale na gradski izgled i me\u0111unarodnu percepciju sredozemnog grada. Jo\u0161 jedna aluzija na ovo sportsko veliko doga\u0111anje su ukrasi na rukavima i potplaticama u bojama Olimpijskih prstenova. Osim toga, majica krasi izgled grada Barcelone.<\/p>\n<p>Savjeti za ispis: Ako ime i broj na slici to\u010dno odgovaraju va\u0161im \u017eeljama, ne morate ih ponovno unositi. Ako ne, unesite \u017eeljeno ime i broj.<\/p>\n<p>Savjeti za pranje: Preporu\u010duje se ru\u010dno pranje nogometnih dresova. Ako \u017eelite koristiti perilicu, sjetite se okrenuti dresove naopako prije pranja. Napunite perilicu hladnom vodom i koristite program za osjetljive tkanine kako biste bolje za\u0161titili boje.<\/p>","protected":false},"excerpt":{"rendered":"<p>FC Barcelona je u ponedjeljak predstavila svoj novi gostuju\u0107i dres za sezonu 2022\/23 javnosti. Zahvaljuju\u0107i nekoliko curenja informacija ve\u0107 mjesecima je bilo jasno kako \u0107e ovaj dres uglavnom izgledati, a sada su objavljene prve slu\u017ebene slike. Drugi dres Katalonaca potpuno je u zlatnoj boji, hommage na Olimpijske [\u2026]<\/p>","protected":false},"featured_media":6428,"comment_status":"open","ping_status":"closed","template":"","meta":[],"product_brand":[],"product_cat":[31],"product_tag":[20,282,283,33,21,22,23,24],"class_list":{"0":"post-6390","1":"product","2":"type-product","3":"status-publish","4":"has-post-thumbnail","6":"product_cat-fc-barcelona","7":"product_tag-coole-fussballtrikots","8":"product_tag-fc-barcelona-2022-23-trikots","9":"product_tag-fc-barcelona-22-23-auswaertstrikot","10":"product_tag-fc-barcelona-trikots","11":"product_tag-fussballtrikot-fuer-herren","12":"product_tag-fussballtrikot-guenstig-kaufen","13":"product_tag-fussballtrikot-kurzarm","14":"product_tag-guenstiges-fussballtrikot","16":"first","17":"instock","18":"shipping-taxable","19":"purchasable","20":"product-type-variable"},"_links":{"self":[{"href":"https:\/\/www.billigtrikotde.com\/hr\/wp-json\/wp\/v2\/product\/6390","targetHints":{"allow":["GET"]}}],"collection":[{"href":"https:\/\/www.billigtrikotde.com\/hr\/wp-json\/wp\/v2\/product"}],"about":[{"href":"https:\/\/www.billigtrikotde.com\/hr\/wp-json\/wp\/v2\/types\/product"}],"replies":[{"embeddable":true,"href":"https:\/\/www.billigtrikotde.com\/hr\/wp-json\/wp\/v2\/comments?post=6390"}],"wp:featuredmedia":[{"embeddable":true,"href":"https:\/\/www.billigtrikotde.com\/hr\/wp-json\/wp\/v2\/media\/6428"}],"wp:attachment":[{"href":"https:\/\/www.billigtrikotde.com\/hr\/wp-json\/wp\/v2\/media?parent=6390"}],"wp:term":[{"taxonomy":"product_brand","embeddable":true,"href":"https:\/\/www.billigtrikotde.com\/hr\/wp-json\/wp\/v2\/product_brand?post=6390"},{"taxonomy":"product_cat","embeddable":true,"href":"https:\/\/www.billigtrikotde.com\/hr\/wp-json\/wp\/v2\/product_cat?post=6390"},{"taxonomy":"product_tag","embeddable":true,"href":"https:\/\/www.billigtrikotde.com\/hr\/wp-json\/wp\/v2\/product_tag?post=6390"}],"curies":[{"name":"wp","href":"https:\/\/api.w.org\/{rel}","templated":true}]}}