{"id":6314,"date":"2024-10-23T17:35:17","date_gmt":"2024-10-23T15:35:17","guid":{"rendered":"http:\/\/billigtrikots.com\/?post_type=product&#038;p=6314"},"modified":"2024-10-23T17:37:35","modified_gmt":"2024-10-23T15:37:35","slug":"kinder-fc-barcelona-22-23-auswaertstrikot-goldene-grundfarbe-trikotsatz-adama-11","status":"publish","type":"product","link":"https:\/\/www.billigtrikotde.com\/hr\/kinder-fc-barcelona-22-23-auswaertstrikot-goldene-grundfarbe-trikotsatz-adama-11\/","title":{"rendered":"Dje\u010dji FC Barcelona 22-23 gostuju\u0107i dres zlatna osnovna boja komplet dresova ADAMA 11"},"content":{"rendered":"<p>FC Barcelona 22-23 gostuju\u0107i dres ima zlatnu osnovnu boju koja priziva uspomene na rane 2000-te. Svi logotipi su u tamnoplavoj mornarskoj boji. Boja i dizajn rukava novog dresa su aluzija na zlatna odli\u010dja koja sporta\u0161i dobivaju na Olimpijskim igrama 30 godina nakon \u0161to su Igre 1992. u Barceloni odr\u017eane. Igre su otvorene 25. srpnja 1992. Tako\u0111er su boje pet kru\u017enica na man\u017eetama rukava i na golomotkama vidljive.<\/p>\n<p>Kao i ostali dresi iz na\u0161e Stadium kolekcije, i ovaj dres s detaljima replike dizajna i tehnologijom koja odvodi znoj omogu\u0107uje izgled spreman za igru, nadahnut tvojim omiljenim klubom.<\/p>\n<p>Savjeti za ispis: Ako ime i broj na slici to\u010dno odgovaraju va\u0161im \u017eeljama, ne morate ih ponovno unositi. Ako ne, unesite \u017eeljeno ime i broj.<\/p>\n<p>Savjeti za pranje: Preporu\u010duje se ru\u010dno pranje nogometnih dresova. Ako \u017eelite koristiti perilicu, sjetite se okrenuti dresove naopako prije pranja. Napunite perilicu hladnom vodom i koristite program za osjetljive tkanine kako biste bolje za\u0161titili boje.<\/p>","protected":false},"excerpt":{"rendered":"<p>Gostuju\u0107i dres FC Barcelona 22-23 ima zlatnu osnovnu boju koja priziva sje\u0107anja na rane 2000-e godine. Svi logotipi su u tamnoplavoj boji. Boja i dizajn rukava novog dresa aludiraju na zlatne medalje koje su sporta\u0161i dobili na Olimpijskim igrama, 30 godina nakon \u0161to su Olimpijske igre 1992. odr\u017eane u Barceloni. [...]<\/p>","protected":false},"featured_media":6346,"comment_status":"open","ping_status":"closed","template":"","meta":[],"product_brand":[],"product_cat":[146],"product_tag":[147,20,279,280,33,35,21,22,23,24,94],"class_list":{"0":"post-6314","1":"product","2":"type-product","3":"status-publish","4":"has-post-thumbnail","6":"product_cat-barcelona-kindertrikot","7":"product_tag-barcelona-trikotsatz-fuer-kinder","8":"product_tag-coole-fussballtrikots","9":"product_tag-fc-barcelona-2022-23-trikot-kaufen","10":"product_tag-fc-barcelona-2022-23-trikot-kinder","11":"product_tag-fc-barcelona-trikots","12":"product_tag-fussball-torwarttrikots","13":"product_tag-fussballtrikot-fuer-herren","14":"product_tag-fussballtrikot-guenstig-kaufen","15":"product_tag-fussballtrikot-kurzarm","16":"product_tag-guenstiges-fussballtrikot","17":"product_tag-kinder-fussball-trikotsatz","19":"first","20":"instock","21":"shipping-taxable","22":"purchasable","23":"product-type-variable"},"_links":{"self":[{"href":"https:\/\/www.billigtrikotde.com\/hr\/wp-json\/wp\/v2\/product\/6314","targetHints":{"allow":["GET"]}}],"collection":[{"href":"https:\/\/www.billigtrikotde.com\/hr\/wp-json\/wp\/v2\/product"}],"about":[{"href":"https:\/\/www.billigtrikotde.com\/hr\/wp-json\/wp\/v2\/types\/product"}],"replies":[{"embeddable":true,"href":"https:\/\/www.billigtrikotde.com\/hr\/wp-json\/wp\/v2\/comments?post=6314"}],"wp:featuredmedia":[{"embeddable":true,"href":"https:\/\/www.billigtrikotde.com\/hr\/wp-json\/wp\/v2\/media\/6346"}],"wp:attachment":[{"href":"https:\/\/www.billigtrikotde.com\/hr\/wp-json\/wp\/v2\/media?parent=6314"}],"wp:term":[{"taxonomy":"product_brand","embeddable":true,"href":"https:\/\/www.billigtrikotde.com\/hr\/wp-json\/wp\/v2\/product_brand?post=6314"},{"taxonomy":"product_cat","embeddable":true,"href":"https:\/\/www.billigtrikotde.com\/hr\/wp-json\/wp\/v2\/product_cat?post=6314"},{"taxonomy":"product_tag","embeddable":true,"href":"https:\/\/www.billigtrikotde.com\/hr\/wp-json\/wp\/v2\/product_tag?post=6314"}],"curies":[{"name":"wp","href":"https:\/\/api.w.org\/{rel}","templated":true}]}}