{"id":6249,"date":"2024-10-23T17:31:54","date_gmt":"2024-10-23T15:31:54","guid":{"rendered":"http:\/\/billigtrikots.com\/?post_type=product&#038;p=6249"},"modified":"2024-10-23T17:34:00","modified_gmt":"2024-10-23T15:34:00","slug":"fc-barcelona-kinderheim-trikot-2022-23-navy-blau-kurzarm-kurze-hosen-adama-11","status":"publish","type":"product","link":"https:\/\/www.billigtrikotde.com\/hr\/fc-barcelona-kinderheim-trikot-2022-23-navy-blau-kurzarm-kurze-hosen-adama-11\/","title":{"rendered":"FC Barcelona dje\u010dji doma\u0107i dres 2022\/23 Navy plava kratki rukav + kratke hla\u010de ADAMA 11"},"content":{"rendered":"<p>Trening FC Barcelona za djecu 2022\/23 ima prepoznatljive pruge Blaugrana u zakrivljenom rasporedu. Nadopunjuje tamnoplavo temu na vrhu, pri \u010demu je u sredini prikazan novi sponzor Barcelone, Spotify. Kao \u0161to su procurile informacije, Spotify logo ima zlatni izgled koji se besprijekorno uklapa u boje dresa i daje mu vintage izgled. Ve\u0107ina navija\u010da Barcelone sigurno bi pozdravila tu promjenu, osobito nakon reakcije na pro\u0161logodi\u0161nji doma\u0107i dres. Kupovni dres za Barcelonu mo\u017eda ne\u0107e ispuniti o\u010dekivanja pro\u0161le sezone. No, mogao bi imati plavi kri\u017e Svetog Jurja, koji nadopunjuje bijelu ko\u0161ulju i daje mu jednostavan, klasi\u010dan izgled.<\/p>\n<p>Savjeti za ispis: Ako ime i broj na slici to\u010dno odgovaraju va\u0161im \u017eeljama, ne morate ih ponovno unositi. Ako ne, unesite \u017eeljeno ime i broj.<\/p>\n<p>Savjeti za pranje: Preporu\u010duje se ru\u010dno pranje nogometnih dresova. Ako \u017eelite koristiti perilicu, sjetite se okrenuti dresove naopako prije pranja. Napunite perilicu hladnom vodom i koristite program za osjetljive tkanine kako biste bolje za\u0161titili boje.<\/p>","protected":false},"excerpt":{"rendered":"<p>Das FC Barcelona Kinderheim 2022\/23 Trikot weist die ikonischen Blaugrana-Streifen in einer geschwungenen Ausrichtung auf. Es erg\u00e4nzt ein dunkelblaues Thema oben, wobei Barcelonas neuer Sponsor Spotify in der Mitte zu sehen ist.Wie von den Leaks vorhergesagt, hat das Spotify-Logo einen goldenen Look, der nahtlos zu den Trikotfarben passt und ihm einen Vintage-Look verleiht. Eine Mehrheit [&hellip;]<\/p>","protected":false},"featured_media":6286,"comment_status":"open","ping_status":"closed","template":"","meta":[],"product_brand":[],"product_cat":[146],"product_tag":[147,20,279,280,33,35,21,22,23,24,94],"class_list":{"0":"post-6249","1":"product","2":"type-product","3":"status-publish","4":"has-post-thumbnail","6":"product_cat-barcelona-kindertrikot","7":"product_tag-barcelona-trikotsatz-fuer-kinder","8":"product_tag-coole-fussballtrikots","9":"product_tag-fc-barcelona-2022-23-trikot-kaufen","10":"product_tag-fc-barcelona-2022-23-trikot-kinder","11":"product_tag-fc-barcelona-trikots","12":"product_tag-fussball-torwarttrikots","13":"product_tag-fussballtrikot-fuer-herren","14":"product_tag-fussballtrikot-guenstig-kaufen","15":"product_tag-fussballtrikot-kurzarm","16":"product_tag-guenstiges-fussballtrikot","17":"product_tag-kinder-fussball-trikotsatz","19":"first","20":"instock","21":"shipping-taxable","22":"purchasable","23":"product-type-variable"},"_links":{"self":[{"href":"https:\/\/www.billigtrikotde.com\/hr\/wp-json\/wp\/v2\/product\/6249","targetHints":{"allow":["GET"]}}],"collection":[{"href":"https:\/\/www.billigtrikotde.com\/hr\/wp-json\/wp\/v2\/product"}],"about":[{"href":"https:\/\/www.billigtrikotde.com\/hr\/wp-json\/wp\/v2\/types\/product"}],"replies":[{"embeddable":true,"href":"https:\/\/www.billigtrikotde.com\/hr\/wp-json\/wp\/v2\/comments?post=6249"}],"wp:featuredmedia":[{"embeddable":true,"href":"https:\/\/www.billigtrikotde.com\/hr\/wp-json\/wp\/v2\/media\/6286"}],"wp:attachment":[{"href":"https:\/\/www.billigtrikotde.com\/hr\/wp-json\/wp\/v2\/media?parent=6249"}],"wp:term":[{"taxonomy":"product_brand","embeddable":true,"href":"https:\/\/www.billigtrikotde.com\/hr\/wp-json\/wp\/v2\/product_brand?post=6249"},{"taxonomy":"product_cat","embeddable":true,"href":"https:\/\/www.billigtrikotde.com\/hr\/wp-json\/wp\/v2\/product_cat?post=6249"},{"taxonomy":"product_tag","embeddable":true,"href":"https:\/\/www.billigtrikotde.com\/hr\/wp-json\/wp\/v2\/product_tag?post=6249"}],"curies":[{"name":"wp","href":"https:\/\/api.w.org\/{rel}","templated":true}]}}