{"id":623,"date":"2024-10-23T12:57:08","date_gmt":"2024-10-23T10:57:08","guid":{"rendered":"http:\/\/billigtrikots.com\/?post_type=product&#038;p=623"},"modified":"2024-10-23T12:59:07","modified_gmt":"2024-10-23T10:59:07","slug":"personalisierbar-trikotsatz-paris-saint-germain-ausweichtrikot-2021-22-schwarz-grau","status":"publish","type":"product","link":"https:\/\/www.billigtrikotde.com\/hr\/personalisierbar-trikotsatz-paris-saint-germain-ausweichtrikot-2021-22-schwarz-grau\/","title":{"rendered":"Personalizirani komplet dresova Paris Saint Germain zamjenski dres 2021\/22 crno-sivi"},"content":{"rendered":"<p>Das Paris Saint-Germain Stadium Ausweichtrikot besticht mit Teamdetails und sorgt mit h\u00f6chst atmungsaktivem Material f\u00fcr k\u00fchlen, trockenen Tragekomfort auf dem Spielfeld oder der Trib\u00fcne beim Anfeuern deines Teams.<\/p>\n<p>Prozra\u010dna Nike Dri-FIT tehnologija osigurava hladan, suh nositi.<br \/>\nAutohton dizajn temelji se na dresovima profesionalaca.<\/p>\n<p>Savjeti za ispis: Ako ime i broj na slici to\u010dno odgovaraju va\u0161im \u017eeljama, ne morate ih ponovno unositi. Ako ne, unesite \u017eeljeno ime i broj.<\/p>\n<p>Savjeti za pranje: Preporu\u010duje se ru\u010dno pranje nogometnih dresova. Ako \u017eelite koristiti perilicu, sjetite se okrenuti dresove naopako prije pranja. Napunite perilicu hladnom vodom i koristite program za osjetljive tkanine kako biste bolje za\u0161titili boje.<\/p>","protected":false},"excerpt":{"rendered":"<p>Das Paris Saint-Germain Stadium Ausweichtrikot besticht mit Teamdetails und sorgt mit h\u00f6chst atmungsaktivem Material f\u00fcr k\u00fchlen, trockenen Tragekomfort auf dem Spielfeld oder der Trib\u00fcne beim Anfeuern deines Teams. Die atmungsaktive Nike Dri-FIT-Technologie gew\u00e4hrleistet k\u00fchlen, trockenen Tragekomfort. Das authentische Design basiert auf den Spieltrikots der Profis. Tipps zum Drucken: Wenn der Name und die Nummer auf [\u2026]<\/p>","protected":false},"featured_media":653,"comment_status":"open","ping_status":"closed","template":"","meta":[],"product_brand":[],"product_cat":[39],"product_tag":[20,21,22,23,24,42,41],"class_list":{"0":"post-623","1":"product","2":"type-product","3":"status-publish","4":"has-post-thumbnail","6":"product_cat-paris-saint-germain","7":"product_tag-coole-fussballtrikots","8":"product_tag-fussballtrikot-fuer-herren","9":"product_tag-fussballtrikot-guenstig-kaufen","10":"product_tag-fussballtrikot-kurzarm","11":"product_tag-guenstiges-fussballtrikot","12":"product_tag-paris-saint-germain-ausweichtrikot","13":"product_tag-paris-saint-germain-trikots","15":"first","16":"instock","17":"shipping-taxable","18":"purchasable","19":"product-type-variable"},"_links":{"self":[{"href":"https:\/\/www.billigtrikotde.com\/hr\/wp-json\/wp\/v2\/product\/623","targetHints":{"allow":["GET"]}}],"collection":[{"href":"https:\/\/www.billigtrikotde.com\/hr\/wp-json\/wp\/v2\/product"}],"about":[{"href":"https:\/\/www.billigtrikotde.com\/hr\/wp-json\/wp\/v2\/types\/product"}],"replies":[{"embeddable":true,"href":"https:\/\/www.billigtrikotde.com\/hr\/wp-json\/wp\/v2\/comments?post=623"}],"wp:featuredmedia":[{"embeddable":true,"href":"https:\/\/www.billigtrikotde.com\/hr\/wp-json\/wp\/v2\/media\/653"}],"wp:attachment":[{"href":"https:\/\/www.billigtrikotde.com\/hr\/wp-json\/wp\/v2\/media?parent=623"}],"wp:term":[{"taxonomy":"product_brand","embeddable":true,"href":"https:\/\/www.billigtrikotde.com\/hr\/wp-json\/wp\/v2\/product_brand?post=623"},{"taxonomy":"product_cat","embeddable":true,"href":"https:\/\/www.billigtrikotde.com\/hr\/wp-json\/wp\/v2\/product_cat?post=623"},{"taxonomy":"product_tag","embeddable":true,"href":"https:\/\/www.billigtrikotde.com\/hr\/wp-json\/wp\/v2\/product_tag?post=623"}],"curies":[{"name":"wp","href":"https:\/\/api.w.org\/{rel}","templated":true}]}}