{"id":6183,"date":"2024-10-23T17:28:58","date_gmt":"2024-10-23T15:28:58","guid":{"rendered":"http:\/\/billigtrikots.com\/?post_type=product&#038;p=6183"},"modified":"2024-10-23T17:30:33","modified_gmt":"2024-10-23T15:30:33","slug":"kinder-fussballtrikots-liverpool-heimtrikot-2022-23-rot-kurzarm-kurze-hosen-a-becker-1","status":"publish","type":"product","link":"https:\/\/www.billigtrikotde.com\/hr\/kinder-fussballtrikots-liverpool-heimtrikot-2022-23-rot-kurzarm-kurze-hosen-a-becker-1\/","title":{"rendered":"Dje\u010dji nogometni dres Liverpool doma\u0107i dres 2022\/23 Crvena kratke rukave + kratke hla\u010de A.BECKER 1"},"content":{"rendered":"<p>Meko i lagano majica s Nike Dri-FIT tehnologijom, odje\u0107a koja sprje\u010dava ki\u0161u od natjecanja tijekom va\u0161eg me\u010da ili treninga. Ostanite suhi nakon ubrzanja. Liverpool ima neke od najstrastvenijih navija\u010da na svijetu i posebno je iskustvo kada navija\u010di Reds na The Kopu i ostatku Anfieldovog stadiona, gdje je klub dom, zapo\u010dnu svjetski poznatu \u201eYou\u2019ll Never Walk Alone\u201c. Liverpool do sada je osvojio 19 prvenstava, ali i dalje je gladan daljnjih uspjeha i trofeja.<\/p>\n<p>Savjeti za ispis: Ako ime i broj na slici to\u010dno odgovaraju va\u0161im \u017eeljama, ne morate ih ponovno unositi. Ako ne, unesite \u017eeljeno ime i broj.<\/p>\n<p>Savjeti za pranje: Preporu\u010duje se ru\u010dno pranje nogometnih dresova. Ako \u017eelite koristiti perilicu, sjetite se okrenuti dresove naopako prije pranja. Napunite perilicu hladnom vodom i koristite program za osjetljive tkanine kako biste bolje za\u0161titili boje.<\/p>","protected":false},"excerpt":{"rendered":"<p>mekana i lagana majica opremljena Nike Dri Fit tehnologijom, odjevni predmet koji sprje\u010dava znojenje tijekom utakmice ili treninga. Ostani suh nakon ubrzanja. Liverpool ima neke od najstrastvenijih navija\u010da na svijetu i to je posebno iskustvo kada navija\u010di Redsova na The Kopu i [\u2026]<\/p>","protected":false},"featured_media":6216,"comment_status":"open","ping_status":"closed","template":"","meta":[],"product_brand":[],"product_cat":[151],"product_tag":[20,21,22,23,24,94,152,277,153,154],"class_list":{"0":"post-6183","1":"product","2":"type-product","3":"status-publish","4":"has-post-thumbnail","6":"product_cat-liverpool-kindertrikot","7":"product_tag-coole-fussballtrikots","8":"product_tag-fussballtrikot-fuer-herren","9":"product_tag-fussballtrikot-guenstig-kaufen","10":"product_tag-fussballtrikot-kurzarm","11":"product_tag-guenstiges-fussballtrikot","12":"product_tag-kinder-fussball-trikotsatz","13":"product_tag-liverpool-heimtrikot","14":"product_tag-liverpool-kinder-trikot-set","15":"product_tag-liverpool-trikots","16":"product_tag-liverpool-trikotsatz-fuer-kinder","18":"first","19":"instock","20":"shipping-taxable","21":"purchasable","22":"product-type-variable"},"_links":{"self":[{"href":"https:\/\/www.billigtrikotde.com\/hr\/wp-json\/wp\/v2\/product\/6183","targetHints":{"allow":["GET"]}}],"collection":[{"href":"https:\/\/www.billigtrikotde.com\/hr\/wp-json\/wp\/v2\/product"}],"about":[{"href":"https:\/\/www.billigtrikotde.com\/hr\/wp-json\/wp\/v2\/types\/product"}],"replies":[{"embeddable":true,"href":"https:\/\/www.billigtrikotde.com\/hr\/wp-json\/wp\/v2\/comments?post=6183"}],"wp:featuredmedia":[{"embeddable":true,"href":"https:\/\/www.billigtrikotde.com\/hr\/wp-json\/wp\/v2\/media\/6216"}],"wp:attachment":[{"href":"https:\/\/www.billigtrikotde.com\/hr\/wp-json\/wp\/v2\/media?parent=6183"}],"wp:term":[{"taxonomy":"product_brand","embeddable":true,"href":"https:\/\/www.billigtrikotde.com\/hr\/wp-json\/wp\/v2\/product_brand?post=6183"},{"taxonomy":"product_cat","embeddable":true,"href":"https:\/\/www.billigtrikotde.com\/hr\/wp-json\/wp\/v2\/product_cat?post=6183"},{"taxonomy":"product_tag","embeddable":true,"href":"https:\/\/www.billigtrikotde.com\/hr\/wp-json\/wp\/v2\/product_tag?post=6183"}],"curies":[{"name":"wp","href":"https:\/\/api.w.org\/{rel}","templated":true}]}}