{"id":6161,"date":"2024-10-23T17:27:57","date_gmt":"2024-10-23T15:27:57","guid":{"rendered":"http:\/\/billigtrikots.com\/?post_type=product&#038;p=6161"},"modified":"2025-06-16T16:03:31","modified_gmt":"2025-06-16T14:03:31","slug":"kinder-juventus-fc-2022-23-heimtrikot-schwarz-weiss-kurzarm-kurze-hosen-bonucci-19","status":"publish","type":"product","link":"https:\/\/www.billigtrikotde.com\/hr\/kinder-juventus-fc-2022-23-heimtrikot-schwarz-weiss-kurzarm-kurze-hosen-bonucci-19\/","title":{"rendered":"Djeca Juventus FC 2022-23 doma\u0107i dres crno-bijeli kratki rukav + kratke hla\u010de BONUCCI 19"},"content":{"rendered":"<p>Premijera bi se mogla odr\u017eati u jednoj od preostalih utakmica Serie A ili \u010dak u finalu Coppa Italia protiv Intera \u2013 kao i pro\u0161le godine. Juventusova majica 2022-23 dostupna je od danas kod odabranih trgovaca, a od 27. svibnja svugdje, te \u0107e prvi put biti predstavljena na utakmici Serie A protiv Lazija 16. svibnja.<\/p>\n<p>Adidasova ku\u0107na majica Juventus 2022-23 ima vrlo jedinstven pristup klupskim klasi\u010dnim bijelim i crnim prugama. Pruge su sastavljene od malih trokuta. Adidas za Juventusovu majicu 22-23 koristi jednostavan okrugli ovratnik i crne tri pruge. Nakon \u0161to su Juventusove majice 21-22 bile opremljene logom Jeep 4xe, majica 22-23 dolazi s \u201eelektrificiranim\u201c Jeep brendiranjem. Sadr\u017ei munje.<\/p>\n<p>Savjeti za ispis: Ako ime i broj na slici to\u010dno odgovaraju va\u0161im \u017eeljama, ne morate ih ponovno unositi. Ako ne, unesite \u017eeljeno ime i broj.<\/p>\n<p>Savjeti za pranje: Preporu\u010duje se ru\u010dno pranje nogometnih dresova. Ako \u017eelite koristiti perilicu, sjetite se okrenuti dresove naopako prije pranja. Napunite perilicu hladnom vodom i koristite program za osjetljive tkanine kako biste bolje za\u0161titili boje.<\/p>","protected":false},"excerpt":{"rendered":"<p>Premijera bi se mogla odr\u017eati u jednoj od preostalih utakmica Serie A ili \u010dak u finalu Coppa Italia protiv Intera \u2013 kao i pro\u0161le godine. Juventusova majica 2022-23 dostupna je od danas kod odabranih trgovaca, a od 27. svibnja svugdje, te \u0107e prvi put biti predstavljena na utakmici Serie A protiv Lazija 16. svibnja.<\/p>","protected":false},"featured_media":6193,"comment_status":"open","ping_status":"closed","template":"","meta":[],"product_brand":[],"product_cat":[148],"product_tag":[20,38,24,276,149,94],"class_list":{"0":"post-6161","1":"product","2":"type-product","3":"status-publish","4":"has-post-thumbnail","6":"product_cat-juventus-kindertrikot","7":"product_tag-coole-fussballtrikots","8":"product_tag-fussball-trikot-langarm","9":"product_tag-guenstiges-fussballtrikot","10":"product_tag-juventus-2022-23-trikot","11":"product_tag-juventus-trikotsatz-fuer-kinder","12":"product_tag-kinder-fussball-trikotsatz","14":"first","15":"instock","16":"shipping-taxable","17":"purchasable","18":"product-type-variable"},"_links":{"self":[{"href":"https:\/\/www.billigtrikotde.com\/hr\/wp-json\/wp\/v2\/product\/6161","targetHints":{"allow":["GET"]}}],"collection":[{"href":"https:\/\/www.billigtrikotde.com\/hr\/wp-json\/wp\/v2\/product"}],"about":[{"href":"https:\/\/www.billigtrikotde.com\/hr\/wp-json\/wp\/v2\/types\/product"}],"replies":[{"embeddable":true,"href":"https:\/\/www.billigtrikotde.com\/hr\/wp-json\/wp\/v2\/comments?post=6161"}],"wp:featuredmedia":[{"embeddable":true,"href":"https:\/\/www.billigtrikotde.com\/hr\/wp-json\/wp\/v2\/media\/6193"}],"wp:attachment":[{"href":"https:\/\/www.billigtrikotde.com\/hr\/wp-json\/wp\/v2\/media?parent=6161"}],"wp:term":[{"taxonomy":"product_brand","embeddable":true,"href":"https:\/\/www.billigtrikotde.com\/hr\/wp-json\/wp\/v2\/product_brand?post=6161"},{"taxonomy":"product_cat","embeddable":true,"href":"https:\/\/www.billigtrikotde.com\/hr\/wp-json\/wp\/v2\/product_cat?post=6161"},{"taxonomy":"product_tag","embeddable":true,"href":"https:\/\/www.billigtrikotde.com\/hr\/wp-json\/wp\/v2\/product_tag?post=6161"}],"curies":[{"name":"wp","href":"https:\/\/api.w.org\/{rel}","templated":true}]}}