{"id":6123,"date":"2024-10-23T17:26:17","date_gmt":"2024-10-23T15:26:17","guid":{"rendered":"http:\/\/billigtrikots.com\/?post_type=product&#038;p=6123"},"modified":"2024-10-23T17:27:51","modified_gmt":"2024-10-23T15:27:51","slug":"kinder-manchester-city-fc-2022-23-heimtrikots-blau-weiss-trikotsatz-mit-aufdruck-bernardo-20","status":"publish","type":"product","link":"https:\/\/www.billigtrikotde.com\/hr\/kinder-manchester-city-fc-2022-23-heimtrikots-blau-weiss-trikotsatz-mit-aufdruck-bernardo-20\/","title":{"rendered":"Djeca Manchester City FC 2022\/23 Doma\u0107i dresovi plavo-bijeli komplet s otiskom BERNARDO 20"},"content":{"rendered":"<p>Ove kratke hla\u010de s normalnim krojem u bijeloj boji izra\u0111ene su od laganog, prozrajnog poliesterskog materijala za svje\u017eu udobnost. Imaju elasti\u010dni pojas i podesivu vrpcu za opu\u0161teni kroj te su opremljene tehnologijom odvodnje znoja dryCELL, koja vas dr\u017ei suhim i svje\u017eim. Zaokru\u017eene su logotipom PUMA i grbom grada na nogavici. Perivo u perilici.<\/p>\n<p>Savjeti za ispis: Ako ime i broj na slici to\u010dno odgovaraju va\u0161im \u017eeljama, ne morate ih ponovno unositi. Ako ne, unesite \u017eeljeno ime i broj.<\/p>\n<p>Savjeti za pranje: Preporu\u010duje se ru\u010dno pranje nogometnih dresova. Ako \u017eelite koristiti perilicu, sjetite se okrenuti dresove naopako prije pranja. Napunite perilicu hladnom vodom i koristite program za osjetljive tkanine kako biste bolje za\u0161titili boje.<\/p>","protected":false},"excerpt":{"rendered":"<p>Ove kratke hla\u010de s normalnim krojem u bijeloj boji izra\u0111ene su od laganog, prozrajnog poliesterskog materijala za svje\u017eu udobnost. Imaju elasti\u010dni pojas i podesivu vrpcu za opu\u0161teni kroj te su opremljene tehnologijom odvodnje znoja dryCELL, koja vas dr\u017ei suhim i svje\u017eim. Zaokru\u017eene su logotipom PUMA i grbom grada na nogavici. Perivo u perilici.<\/p>","protected":false},"featured_media":6156,"comment_status":"open","ping_status":"closed","template":"","meta":[],"product_brand":[],"product_cat":[144],"product_tag":[20,94,275,203,84,145],"class_list":{"0":"post-6123","1":"product","2":"type-product","3":"status-publish","4":"has-post-thumbnail","6":"product_cat-manchester-city-kindertrikot","7":"product_tag-coole-fussballtrikots","8":"product_tag-kinder-fussball-trikotsatz","9":"product_tag-kinder-trikot-manchester-city","10":"product_tag-manchester-city-ausweichtrikot","11":"product_tag-manchester-city-trikots","12":"product_tag-manchester-city-trikotsatz-fuer-kinder","14":"first","15":"instock","16":"shipping-taxable","17":"purchasable","18":"product-type-variable"},"_links":{"self":[{"href":"https:\/\/www.billigtrikotde.com\/hr\/wp-json\/wp\/v2\/product\/6123","targetHints":{"allow":["GET"]}}],"collection":[{"href":"https:\/\/www.billigtrikotde.com\/hr\/wp-json\/wp\/v2\/product"}],"about":[{"href":"https:\/\/www.billigtrikotde.com\/hr\/wp-json\/wp\/v2\/types\/product"}],"replies":[{"embeddable":true,"href":"https:\/\/www.billigtrikotde.com\/hr\/wp-json\/wp\/v2\/comments?post=6123"}],"wp:featuredmedia":[{"embeddable":true,"href":"https:\/\/www.billigtrikotde.com\/hr\/wp-json\/wp\/v2\/media\/6156"}],"wp:attachment":[{"href":"https:\/\/www.billigtrikotde.com\/hr\/wp-json\/wp\/v2\/media?parent=6123"}],"wp:term":[{"taxonomy":"product_brand","embeddable":true,"href":"https:\/\/www.billigtrikotde.com\/hr\/wp-json\/wp\/v2\/product_brand?post=6123"},{"taxonomy":"product_cat","embeddable":true,"href":"https:\/\/www.billigtrikotde.com\/hr\/wp-json\/wp\/v2\/product_cat?post=6123"},{"taxonomy":"product_tag","embeddable":true,"href":"https:\/\/www.billigtrikotde.com\/hr\/wp-json\/wp\/v2\/product_tag?post=6123"}],"curies":[{"name":"wp","href":"https:\/\/api.w.org\/{rel}","templated":true}]}}