{"id":601,"date":"2024-10-23T12:56:06","date_gmt":"2024-10-23T10:56:06","guid":{"rendered":"http:\/\/billigtrikots.com\/?post_type=product&#038;p=601"},"modified":"2024-10-23T12:58:02","modified_gmt":"2024-10-23T10:58:02","slug":"fussball-trikotsatz-psg-ausweichtrikot-2021-2022-schwarz-grau-mit-aufdruck-kurzawa-20","status":"publish","type":"product","link":"https:\/\/www.billigtrikotde.com\/hr\/fussball-trikotsatz-psg-ausweichtrikot-2021-2022-schwarz-grau-mit-aufdruck-kurzawa-20\/","title":{"rendered":"Fudbalski komplet dresova PSG zamjensko dres 2021\/2022 crno-sivo s natpisom Kurzawa 20"},"content":{"rendered":"<p>Dres tvrtke Nike u crnoj boji prikazuje va\u0161u bezuvjetnu ljubav i pripadnost va\u0161em klubu. U nijednoj kolekciji navija\u010da ne smije nedostajati ovaj Paris Saint-Germain zamjenski dres, kakav nose igra\u010di u Ligue 1. Preporu\u010dujemo ovaj udoban, prozra\u010dan, upijaju\u0107i znoj i lagan model s ugodnim osje\u0107ajem pri no\u0161enju. Ovaj dres je savr\u0161en pratitelj za va\u0161e sportske aktivnosti. Vizualno se isti\u010de s grbom kluba na prsima.<\/p>\n<p>Savjeti za ispis: Ako ime i broj na slici to\u010dno odgovaraju va\u0161im \u017eeljama, ne morate ih ponovno unositi. Ako ne, unesite \u017eeljeno ime i broj.<\/p>\n<p>Savjeti za pranje: Preporu\u010duje se ru\u010dno pranje nogometnih dresova. Ako \u017eelite koristiti perilicu, sjetite se okrenuti dresove naopako prije pranja. Napunite perilicu hladnom vodom i koristite program za osjetljive tkanine kako biste bolje za\u0161titili boje.<\/p>","protected":false},"excerpt":{"rendered":"<p>Nike dres u crnoj boji prikazuje va\u0161u bezuvjetnu ljubav i pripadnost va\u0161em klubu. U nijednoj kolekciji navija\u010da ne smije nedostajati ovaj Paris Saint-Germain zamjenski dres, kakav nose igra\u010di u Ligue 1. Preporu\u010dujemo ovaj udoban, prozra\u010dan, upijaju\u0107i znoj i lagan model s ugodnim osje\u0107ajem pri no\u0161enju. Ovaj dres je savr\u0161en pratitelj za va\u0161e sportske aktivnosti. [...]<\/p>","protected":false},"featured_media":638,"comment_status":"open","ping_status":"closed","template":"","meta":[],"product_brand":[],"product_cat":[39],"product_tag":[20,21,22,23,24,42,41],"class_list":{"0":"post-601","1":"product","2":"type-product","3":"status-publish","4":"has-post-thumbnail","6":"product_cat-paris-saint-germain","7":"product_tag-coole-fussballtrikots","8":"product_tag-fussballtrikot-fuer-herren","9":"product_tag-fussballtrikot-guenstig-kaufen","10":"product_tag-fussballtrikot-kurzarm","11":"product_tag-guenstiges-fussballtrikot","12":"product_tag-paris-saint-germain-ausweichtrikot","13":"product_tag-paris-saint-germain-trikots","15":"first","16":"instock","17":"shipping-taxable","18":"purchasable","19":"product-type-variable"},"_links":{"self":[{"href":"https:\/\/www.billigtrikotde.com\/hr\/wp-json\/wp\/v2\/product\/601","targetHints":{"allow":["GET"]}}],"collection":[{"href":"https:\/\/www.billigtrikotde.com\/hr\/wp-json\/wp\/v2\/product"}],"about":[{"href":"https:\/\/www.billigtrikotde.com\/hr\/wp-json\/wp\/v2\/types\/product"}],"replies":[{"embeddable":true,"href":"https:\/\/www.billigtrikotde.com\/hr\/wp-json\/wp\/v2\/comments?post=601"}],"wp:featuredmedia":[{"embeddable":true,"href":"https:\/\/www.billigtrikotde.com\/hr\/wp-json\/wp\/v2\/media\/638"}],"wp:attachment":[{"href":"https:\/\/www.billigtrikotde.com\/hr\/wp-json\/wp\/v2\/media?parent=601"}],"wp:term":[{"taxonomy":"product_brand","embeddable":true,"href":"https:\/\/www.billigtrikotde.com\/hr\/wp-json\/wp\/v2\/product_brand?post=601"},{"taxonomy":"product_cat","embeddable":true,"href":"https:\/\/www.billigtrikotde.com\/hr\/wp-json\/wp\/v2\/product_cat?post=601"},{"taxonomy":"product_tag","embeddable":true,"href":"https:\/\/www.billigtrikotde.com\/hr\/wp-json\/wp\/v2\/product_tag?post=601"}],"curies":[{"name":"wp","href":"https:\/\/api.w.org\/{rel}","templated":true}]}}