{"id":5995,"date":"2024-10-23T17:20:12","date_gmt":"2024-10-23T15:20:12","guid":{"rendered":"http:\/\/billigtrikots.com\/?post_type=product&#038;p=5995"},"modified":"2024-10-23T17:22:19","modified_gmt":"2024-10-23T15:22:19","slug":"walker-2-manchester-city-heimtrikot-2022-2023-blau-kurzarm-weiss-kurze-hosen","status":"publish","type":"product","link":"https:\/\/www.billigtrikotde.com\/hr\/walker-2-manchester-city-heimtrikot-2022-2023-blau-kurzarm-weiss-kurze-hosen\/","title":{"rendered":"WALKER 2 Manchester City doma\u0107i dres 2022\/2023 plavo kratki rukav + bijele kratke hla\u010de"},"content":{"rendered":"<p>Otkrijte Manchester City 2022\/2023 doma\u0107i dres. Ponosno nosite boje svog omiljenog kluba na terenu ili van njega. Fleksibilan i lagan dres s Puma DryCELL tehnologijom, odjevni predmet koji sprje\u010dava znojenje tijekom igre ili treninga. Ostanite suhi nakon ubrzanja.<\/p>\n<p>Savjeti za ispis: Ako ime i broj na slici to\u010dno odgovaraju va\u0161im \u017eeljama, ne morate ih ponovno unositi. Ako ne, unesite \u017eeljeno ime i broj.<\/p>\n<p>Savjeti za pranje: Preporu\u010duje se ru\u010dno pranje nogometnih dresova. Ako \u017eelite koristiti perilicu, sjetite se okrenuti dresove naopako prije pranja. Napunite perilicu hladnom vodom i koristite program za osjetljive tkanine kako biste bolje za\u0161titili boje.<\/p>","protected":false},"excerpt":{"rendered":"<p>Otkrijte Manchester City 2022\/2023 doma\u0107i dres. Ponosno nosite boje svog omiljenog kluba na terenu ili vani. Fleksibilan i lagan dres s Puma DryCELL tehnologijom, odjevni predmet koji sprje\u010dava znojenje tijekom igre ili treninga. Ostanite suhi nakon ubrzanja. Savjeti za tiskanje: Kada je ime i broj na slici [...]<\/p>","protected":false},"featured_media":6034,"comment_status":"open","ping_status":"closed","template":"","meta":[],"product_brand":[],"product_cat":[82],"product_tag":[20,21,22,23,24,272,273,84],"class_list":{"0":"post-5995","1":"product","2":"type-product","3":"status-publish","4":"has-post-thumbnail","6":"product_cat-manchester-city","7":"product_tag-coole-fussballtrikots","8":"product_tag-fussballtrikot-fuer-herren","9":"product_tag-fussballtrikot-guenstig-kaufen","10":"product_tag-fussballtrikot-kurzarm","11":"product_tag-guenstiges-fussballtrikot","12":"product_tag-manchester-city-heimtrikot","13":"product_tag-manchester-city-trikot-22-23","14":"product_tag-manchester-city-trikots","16":"first","17":"instock","18":"shipping-taxable","19":"purchasable","20":"product-type-variable"},"_links":{"self":[{"href":"https:\/\/www.billigtrikotde.com\/hr\/wp-json\/wp\/v2\/product\/5995","targetHints":{"allow":["GET"]}}],"collection":[{"href":"https:\/\/www.billigtrikotde.com\/hr\/wp-json\/wp\/v2\/product"}],"about":[{"href":"https:\/\/www.billigtrikotde.com\/hr\/wp-json\/wp\/v2\/types\/product"}],"replies":[{"embeddable":true,"href":"https:\/\/www.billigtrikotde.com\/hr\/wp-json\/wp\/v2\/comments?post=5995"}],"wp:featuredmedia":[{"embeddable":true,"href":"https:\/\/www.billigtrikotde.com\/hr\/wp-json\/wp\/v2\/media\/6034"}],"wp:attachment":[{"href":"https:\/\/www.billigtrikotde.com\/hr\/wp-json\/wp\/v2\/media?parent=5995"}],"wp:term":[{"taxonomy":"product_brand","embeddable":true,"href":"https:\/\/www.billigtrikotde.com\/hr\/wp-json\/wp\/v2\/product_brand?post=5995"},{"taxonomy":"product_cat","embeddable":true,"href":"https:\/\/www.billigtrikotde.com\/hr\/wp-json\/wp\/v2\/product_cat?post=5995"},{"taxonomy":"product_tag","embeddable":true,"href":"https:\/\/www.billigtrikotde.com\/hr\/wp-json\/wp\/v2\/product_tag?post=5995"}],"curies":[{"name":"wp","href":"https:\/\/api.w.org\/{rel}","templated":true}]}}