{"id":5967,"date":"2024-10-23T17:19:03","date_gmt":"2024-10-23T15:19:03","guid":{"rendered":"http:\/\/billigtrikots.com\/?post_type=product&#038;p=5967"},"modified":"2025-10-16T16:04:10","modified_gmt":"2025-10-16T14:04:10","slug":"herren-real-madrid-trikots-2022-23-heimtrikot-weiss-fussballtrikots-set-lunin-13","status":"publish","type":"product","link":"https:\/\/www.billigtrikotde.com\/hr\/herren-real-madrid-trikots-2022-23-heimtrikot-weiss-fussballtrikots-set-lunin-13\/","title":{"rendered":"Gospoda Real Madrid dresovi 2022-23 doma\u0107i dres bijeli nogometni dres set LUNIN 13"},"content":{"rendered":"<p>Jednostavan, klasi\u010dan i osmi\u0161ljen za postavljanje novog standarda. Bezvremenski izgled ovog adidas dugih rukava Real Madrid dresa isti\u010de se svijetloru\u017ei\u010dastim detaljima i ponovljenim, na bijelom materijalu utisnutim grbom kluba. Ova verzija dresa pru\u017ea igra\u010dima ugodan osje\u0107aj no\u0161enja zahvaljuju\u0107i tehnologiji odvodnje vlage AEROREADY i dugim rukavima. Savjeti za tiskanje: Kada se [\u2026]<\/p>\n<p>Savjeti za ispis: Ako ime i broj na slici to\u010dno odgovaraju va\u0161im \u017eeljama, ne morate ih ponovno unositi. Ako ne, unesite \u017eeljeno ime i broj.<\/p>\n<p>Savjeti za pranje: Preporu\u010duje se ru\u010dno pranje nogometnih dresova. Ako \u017eelite koristiti perilicu, sjetite se okrenuti dresove naopako prije pranja. Napunite perilicu hladnom vodom i koristite program za osjetljive tkanine kako biste bolje za\u0161titili boje.<\/p>","protected":false},"excerpt":{"rendered":"<p>Jednostavan, klasi\u010dan i osmi\u0161ljen za postavljanje novog standarda. Bezvremenski izgled ovog adidas dugih rukava Real Madrid dresa isti\u010de se svijetloru\u017ei\u010dastim detaljima i ponovljenim, na bijelom materijalu utisnutim grbom kluba. Ova verzija dresa pru\u017ea igra\u010dima ugodan osje\u0107aj no\u0161enja zahvaljuju\u0107i tehnologiji odvodnje vlage AEROREADY i dugim rukavima. Savjeti za tiskanje: Kada se [\u2026]<\/p>","protected":false},"featured_media":6000,"comment_status":"open","ping_status":"closed","template":"","meta":[],"product_brand":[],"product_cat":[45],"product_tag":[20,38,21,228,24,270,267,47,268],"class_list":{"0":"post-5967","1":"product","2":"type-product","3":"status-publish","4":"has-post-thumbnail","6":"product_cat-real-madrid","7":"product_tag-coole-fussballtrikots","8":"product_tag-fussball-trikot-langarm","9":"product_tag-fussballtrikot-fuer-herren","10":"product_tag-guenstige-fussballtrikot","11":"product_tag-guenstiges-fussballtrikot","12":"product_tag-real-madrid-trikot-deutschland","13":"product_tag-real-madrid-trikot-langarm-herren","14":"product_tag-real-madrid-trikots","15":"product_tag-real-madrid-trikots-22-23","17":"first","18":"instock","19":"shipping-taxable","20":"purchasable","21":"product-type-variable"},"_links":{"self":[{"href":"https:\/\/www.billigtrikotde.com\/hr\/wp-json\/wp\/v2\/product\/5967","targetHints":{"allow":["GET"]}}],"collection":[{"href":"https:\/\/www.billigtrikotde.com\/hr\/wp-json\/wp\/v2\/product"}],"about":[{"href":"https:\/\/www.billigtrikotde.com\/hr\/wp-json\/wp\/v2\/types\/product"}],"replies":[{"embeddable":true,"href":"https:\/\/www.billigtrikotde.com\/hr\/wp-json\/wp\/v2\/comments?post=5967"}],"wp:featuredmedia":[{"embeddable":true,"href":"https:\/\/www.billigtrikotde.com\/hr\/wp-json\/wp\/v2\/media\/6000"}],"wp:attachment":[{"href":"https:\/\/www.billigtrikotde.com\/hr\/wp-json\/wp\/v2\/media?parent=5967"}],"wp:term":[{"taxonomy":"product_brand","embeddable":true,"href":"https:\/\/www.billigtrikotde.com\/hr\/wp-json\/wp\/v2\/product_brand?post=5967"},{"taxonomy":"product_cat","embeddable":true,"href":"https:\/\/www.billigtrikotde.com\/hr\/wp-json\/wp\/v2\/product_cat?post=5967"},{"taxonomy":"product_tag","embeddable":true,"href":"https:\/\/www.billigtrikotde.com\/hr\/wp-json\/wp\/v2\/product_tag?post=5967"}],"curies":[{"name":"wp","href":"https:\/\/api.w.org\/{rel}","templated":true}]}}