{"id":5859,"date":"2024-10-23T17:14:03","date_gmt":"2024-10-23T15:14:03","guid":{"rendered":"http:\/\/billigtrikots.com\/?post_type=product&#038;p=5859"},"modified":"2025-06-16T16:03:49","modified_gmt":"2025-06-16T14:03:49","slug":"herren-juventus-2022-23-heimtrikot-schwarz-weiss-kaufen-mit-aufdruck-dybala-10","status":"publish","type":"product","link":"https:\/\/www.billigtrikotde.com\/hr\/herren-juventus-2022-23-heimtrikot-schwarz-weiss-kaufen-mit-aufdruck-dybala-10\/","title":{"rendered":"Mu\u0161ki Juventus 2022-23 doma\u0107i dres crno-bijeli s natpisom DYBALA 10"},"content":{"rendered":"<p>Adidas Juventus 2022-23 dres ima potpuno svoju interpretaciju klasi\u010dnih bijelih i crnih pruga kluba. Pruge se sastoje od malih trokuta. Adidas za Juventus dres 22-23 koristi jednostavan okrugli ovratnik i crne tri pruge. Nakon \u0161to su Juventus dresovi 21-22 bili opremljeni logom Jeep 4xe, Juventus dres 22-23 dolazi s 'elektrificiranim' Jeep brendiranjem. Sadr\u017ei munje.<\/p>\n<p>Savjeti za ispis: Ako ime i broj na slici to\u010dno odgovaraju va\u0161im \u017eeljama, ne morate ih ponovno unositi. Ako ne, unesite \u017eeljeno ime i broj.<\/p>\n<p>Savjeti za pranje: Preporu\u010duje se ru\u010dno pranje nogometnih dresova. Ako \u017eelite koristiti perilicu, sjetite se okrenuti dresove naopako prije pranja. Napunite perilicu hladnom vodom i koristite program za osjetljive tkanine kako biste bolje za\u0161titili boje.<\/p>","protected":false},"excerpt":{"rendered":"<p>Adidas Juventus 2022-23 dres ima potpuno svoju interpretaciju klasi\u010dnih bijelih i crnih pruga kluba. Pruge se sastoje od malih trokuta. Adidas za Juventus dres 22-23 koristi jednostavan okrugli ovratnik i crne tri pruge. Nakon \u0161to su Juventus dresovi 21-22 bili opremljeni logom Jeep 4xe, dolazi Juventus dres [\u2026]<\/p>","protected":false},"featured_media":5892,"comment_status":"open","ping_status":"closed","template":"","meta":[],"product_brand":[],"product_cat":[59],"product_tag":[20,38,43,21,22,24,265,266],"class_list":{"0":"post-5859","1":"product","2":"type-product","3":"status-publish","4":"has-post-thumbnail","6":"product_cat-juventus","7":"product_tag-coole-fussballtrikots","8":"product_tag-fussball-trikot-langarm","9":"product_tag-fussballkleidung","10":"product_tag-fussballtrikot-fuer-herren","11":"product_tag-fussballtrikot-guenstig-kaufen","12":"product_tag-guenstiges-fussballtrikot","13":"product_tag-juventus-2022-23-heimtrikot","14":"product_tag-juventus-trikots-set","16":"first","17":"instock","18":"shipping-taxable","19":"purchasable","20":"product-type-variable"},"_links":{"self":[{"href":"https:\/\/www.billigtrikotde.com\/hr\/wp-json\/wp\/v2\/product\/5859","targetHints":{"allow":["GET"]}}],"collection":[{"href":"https:\/\/www.billigtrikotde.com\/hr\/wp-json\/wp\/v2\/product"}],"about":[{"href":"https:\/\/www.billigtrikotde.com\/hr\/wp-json\/wp\/v2\/types\/product"}],"replies":[{"embeddable":true,"href":"https:\/\/www.billigtrikotde.com\/hr\/wp-json\/wp\/v2\/comments?post=5859"}],"wp:featuredmedia":[{"embeddable":true,"href":"https:\/\/www.billigtrikotde.com\/hr\/wp-json\/wp\/v2\/media\/5892"}],"wp:attachment":[{"href":"https:\/\/www.billigtrikotde.com\/hr\/wp-json\/wp\/v2\/media?parent=5859"}],"wp:term":[{"taxonomy":"product_brand","embeddable":true,"href":"https:\/\/www.billigtrikotde.com\/hr\/wp-json\/wp\/v2\/product_brand?post=5859"},{"taxonomy":"product_cat","embeddable":true,"href":"https:\/\/www.billigtrikotde.com\/hr\/wp-json\/wp\/v2\/product_cat?post=5859"},{"taxonomy":"product_tag","embeddable":true,"href":"https:\/\/www.billigtrikotde.com\/hr\/wp-json\/wp\/v2\/product_tag?post=5859"}],"curies":[{"name":"wp","href":"https:\/\/api.w.org\/{rel}","templated":true}]}}