{"id":5827,"date":"2024-10-23T17:12:25","date_gmt":"2024-10-23T15:12:25","guid":{"rendered":"http:\/\/billigtrikots.com\/?post_type=product&#038;p=5827"},"modified":"2024-10-23T17:14:32","modified_gmt":"2024-10-23T15:14:32","slug":"herren-kroatien-heimtrikot-wm-2022-weiss-rot-kaufen-kurzarm-kurze-hosen-anpassbare-name","status":"publish","type":"product","link":"https:\/\/www.billigtrikotde.com\/hr\/herren-kroatien-heimtrikot-wm-2022-weiss-rot-kaufen-kurzarm-kurze-hosen-anpassbare-name\/","title":{"rendered":"Mu\u0161ki hrvatski doma\u0107i dres za Svjetsko prvenstvo 2022. bijelo-crveni, kupiti kratki rukav + kratke hla\u010de, prilagodljivo ime"},"content":{"rendered":"<p>Dobili smo nove informacije o dresu Hrvatske za Svjetsko prvenstvo 2022. Boja Swoosh \u201eBattle Blue\u201c je zapravo kraljevsko plava. Napravili smo maketu mogu\u0107eg kompletnog izgleda, koja se temelji na Nike predlo\u0161ku za Svjetsko prvenstvo 2022 i inspirirana je procurjelim dresovima za 22-23 sezonu.<\/p>\n<p>Nike Hrvatska 2022 dres kombinira samo dvije glavne boje u internetskim podacima Nike \u2013 bijelu i Battle Blue. Nedostaje crvena, koja se koristi za poznati karirani uzorak. Barcelona 22-23 dres tako\u0111er nema crvenu u podacima Nike \u2013 samo je \u201eObsidian \/ Sesame\u201c. Kona\u010dni Barcelona 22-23 dres je crven, mornarsko plav i plavi prugasti. Battle Blue je zapravo nov za Hrvatsku. To je malo svjetlija kraljevsko plava od boje dosada\u0161njih doma\u0107ih dresova.<br \/>\n\u010cini se sigurnim da \u0107e glavna boja biti bijela, a Battle Blue \u0107e se koristiti za logotipe. Sli\u010dno kao kod dresa Barcelone, rukavi bi mogli biti jednobojni (bijeli).<\/p>\n<p>Savjeti za ispis: Ako ime i broj na slici to\u010dno odgovaraju va\u0161im \u017eeljama, ne morate ih ponovno unositi. Ako ne, unesite \u017eeljeno ime i broj.<\/p>\n<p>Savjeti za pranje: Preporu\u010duje se ru\u010dno pranje nogometnih dresova. Ako \u017eelite koristiti perilicu, sjetite se okrenuti dresove naopako prije pranja. Napunite perilicu hladnom vodom i koristite program za osjetljive tkanine kako biste bolje za\u0161titili boje.<\/p>","protected":false},"excerpt":{"rendered":"<p>Dobili smo nove informacije o dresu Hrvatske za Svjetsko prvenstvo 2022. Boja Swoosh \u201eBattle Blue\u201c je zapravo kraljevsko plava. Napravili smo maketu mogu\u0107eg kompletnog izgleda, koja se temelji na Nike predlo\u0161ku za Svjetsko prvenstvo 2022 i inspirirana je procurjelim dresovima za 22-23. Nike dres Hrvatske 2022 kombinira samo [\u2026]<\/p>","protected":false},"featured_media":5866,"comment_status":"open","ping_status":"closed","template":"","meta":[],"product_brand":[],"product_cat":[261],"product_tag":[20,35,21,22,23,24,262,263,264],"class_list":{"0":"post-5827","1":"product","2":"type-product","3":"status-publish","4":"has-post-thumbnail","6":"product_cat-kroatien-trikots","7":"product_tag-coole-fussballtrikots","8":"product_tag-fussball-torwarttrikots","9":"product_tag-fussballtrikot-fuer-herren","10":"product_tag-fussballtrikot-guenstig-kaufen","11":"product_tag-fussballtrikot-kurzarm","12":"product_tag-guenstiges-fussballtrikot","13":"product_tag-kroatien-heimtrikot","14":"product_tag-kroatien-trikot-herren","15":"product_tag-kroatien-trikots","17":"first","18":"instock","19":"shipping-taxable","20":"purchasable","21":"product-type-variable"},"_links":{"self":[{"href":"https:\/\/www.billigtrikotde.com\/hr\/wp-json\/wp\/v2\/product\/5827","targetHints":{"allow":["GET"]}}],"collection":[{"href":"https:\/\/www.billigtrikotde.com\/hr\/wp-json\/wp\/v2\/product"}],"about":[{"href":"https:\/\/www.billigtrikotde.com\/hr\/wp-json\/wp\/v2\/types\/product"}],"replies":[{"embeddable":true,"href":"https:\/\/www.billigtrikotde.com\/hr\/wp-json\/wp\/v2\/comments?post=5827"}],"wp:featuredmedia":[{"embeddable":true,"href":"https:\/\/www.billigtrikotde.com\/hr\/wp-json\/wp\/v2\/media\/5866"}],"wp:attachment":[{"href":"https:\/\/www.billigtrikotde.com\/hr\/wp-json\/wp\/v2\/media?parent=5827"}],"wp:term":[{"taxonomy":"product_brand","embeddable":true,"href":"https:\/\/www.billigtrikotde.com\/hr\/wp-json\/wp\/v2\/product_brand?post=5827"},{"taxonomy":"product_cat","embeddable":true,"href":"https:\/\/www.billigtrikotde.com\/hr\/wp-json\/wp\/v2\/product_cat?post=5827"},{"taxonomy":"product_tag","embeddable":true,"href":"https:\/\/www.billigtrikotde.com\/hr\/wp-json\/wp\/v2\/product_tag?post=5827"}],"curies":[{"name":"wp","href":"https:\/\/api.w.org\/{rel}","templated":true}]}}