{"id":5777,"date":"2024-10-23T17:10:10","date_gmt":"2024-10-23T15:10:10","guid":{"rendered":"http:\/\/billigtrikots.com\/?post_type=product&#038;p=5777"},"modified":"2024-10-23T17:12:15","modified_gmt":"2024-10-23T15:12:15","slug":"sergio-5-fc-barcelona-2020-2021-ausweichtrikot-set-rosa-kurzarm-schwarz-kurze-hosen","status":"publish","type":"product","link":"https:\/\/www.billigtrikotde.com\/hr\/sergio-5-fc-barcelona-2020-2021-ausweichtrikot-set-rosa-kurzarm-schwarz-kurze-hosen\/","title":{"rendered":"SERGIO 5 FC Barcelona 2020-2021 zamjenski dres set ru\u017ei\u010dasti kratki rukav + crne kratke hla\u010de"},"content":{"rendered":"<p>Novi dres Barcelone 2020-21 kombinira ru\u017enu podlogu (slu\u017ebeno \u201ePink Beam\u201c) s crnom i plavozelenom za logotipe i ukrase, \u0161to je inspirirano morem i pla\u017eom grada. Dok je Barcelona tijekom godina imala mnogo ru\u017ei\u010dastih dresova (kao npr. Third 2018\/19), bili su uglavnom mje\u0161avina ru\u017ei\u010daste i naran\u010daste, dok \u0107e FC Barcelona 2020-21 nogometni dres biti prvi stvarno ru\u017ei\u010dasti za klub.<br \/>\nI ovratnik i rukavni man\u017eeti su polu crni i polu plavozeleni. Swoosh na desnoj strani prsa novog Barca gostuju\u0107eg dresa je crn, \u010dime je dotjeran jednostavan, a ipak neobi\u010dan izgled. Na suprotnoj strani nalazi se crno-plavo verzija grba kluba. Detalj katalonske zastave nalazi se na gornjem stra\u017enjem dijelu.<\/p>\n<p>Savjeti za ispis: Ako ime i broj na slici to\u010dno odgovaraju va\u0161im \u017eeljama, ne morate ih ponovno unositi. Ako ne, unesite \u017eeljeno ime i broj.<\/p>\n<p>Savjeti za pranje: Preporu\u010duje se ru\u010dno pranje nogometnih dresova. Ako \u017eelite koristiti perilicu, sjetite se okrenuti dresove naopako prije pranja. Napunite perilicu hladnom vodom i koristite program za osjetljive tkanine kako biste bolje za\u0161titili boje.<\/p>","protected":false},"excerpt":{"rendered":"<p>Das neue Barcelona 2020-21 Trikot kombiniert eine rosa (offiziell \u201ePink Beam\u201c) Grundlage mit Schwarz und Blaugr\u00fcn f\u00fcr Logos und Verzierungen, was von Meer und Strand der Stadt inspiriert ist.W\u00e4hrend Barcelona im Laufe der Jahre viele rosa Trikots hatte (wie z.B. das Third 2018\/19), waren sie meist eine Mischung aus rosa und orange, wobei das FC [&hellip;]<\/p>","protected":false},"featured_media":5809,"comment_status":"open","ping_status":"closed","template":"","meta":[],"product_brand":[],"product_cat":[146],"product_tag":[260,147,20,33,35,21,22,23,24,94],"class_list":{"0":"post-5777","1":"product","2":"type-product","3":"status-publish","4":"has-post-thumbnail","6":"product_cat-barcelona-kindertrikot","7":"product_tag-barcelona-ausweichtrikot","8":"product_tag-barcelona-trikotsatz-fuer-kinder","9":"product_tag-coole-fussballtrikots","10":"product_tag-fc-barcelona-trikots","11":"product_tag-fussball-torwarttrikots","12":"product_tag-fussballtrikot-fuer-herren","13":"product_tag-fussballtrikot-guenstig-kaufen","14":"product_tag-fussballtrikot-kurzarm","15":"product_tag-guenstiges-fussballtrikot","16":"product_tag-kinder-fussball-trikotsatz","18":"first","19":"instock","20":"shipping-taxable","21":"purchasable","22":"product-type-variable"},"_links":{"self":[{"href":"https:\/\/www.billigtrikotde.com\/hr\/wp-json\/wp\/v2\/product\/5777","targetHints":{"allow":["GET"]}}],"collection":[{"href":"https:\/\/www.billigtrikotde.com\/hr\/wp-json\/wp\/v2\/product"}],"about":[{"href":"https:\/\/www.billigtrikotde.com\/hr\/wp-json\/wp\/v2\/types\/product"}],"replies":[{"embeddable":true,"href":"https:\/\/www.billigtrikotde.com\/hr\/wp-json\/wp\/v2\/comments?post=5777"}],"wp:featuredmedia":[{"embeddable":true,"href":"https:\/\/www.billigtrikotde.com\/hr\/wp-json\/wp\/v2\/media\/5809"}],"wp:attachment":[{"href":"https:\/\/www.billigtrikotde.com\/hr\/wp-json\/wp\/v2\/media?parent=5777"}],"wp:term":[{"taxonomy":"product_brand","embeddable":true,"href":"https:\/\/www.billigtrikotde.com\/hr\/wp-json\/wp\/v2\/product_brand?post=5777"},{"taxonomy":"product_cat","embeddable":true,"href":"https:\/\/www.billigtrikotde.com\/hr\/wp-json\/wp\/v2\/product_cat?post=5777"},{"taxonomy":"product_tag","embeddable":true,"href":"https:\/\/www.billigtrikotde.com\/hr\/wp-json\/wp\/v2\/product_tag?post=5777"}],"curies":[{"name":"wp","href":"https:\/\/api.w.org\/{rel}","templated":true}]}}