{"id":5755,"date":"2024-10-23T17:09:07","date_gmt":"2024-10-23T15:09:07","guid":{"rendered":"http:\/\/billigtrikots.com\/?post_type=product&#038;p=5755"},"modified":"2024-10-23T17:11:09","modified_gmt":"2024-10-23T15:11:09","slug":"spanien-heimtrikot-wm-2022-rot-trikotsatz-kurzarm-kurze-hosen-mit-aufdruck-redri-16","status":"publish","type":"product","link":"https:\/\/www.billigtrikotde.com\/hr\/spanien-heimtrikot-wm-2022-rot-trikotsatz-kurzarm-kurze-hosen-mit-aufdruck-redri-16\/","title":{"rendered":"\u0160panjolski doma\u0107i dres za Svjetsko prvenstvo 2022 Crveni komplet dresova kratkih rukava + kratke hla\u010de s natpisom REDRI 16"},"content":{"rendered":"<p>Otprilike od ljeta 2022. \u0161panjolska nogometna reprezentacija \u0107e koristiti novi logo. Zamislili smo kako bi mogli izgledati dresovi \u0160panjolske s novim logom. Novi logotipi RFEF-a (\u0160panjolski nogometni savez) i \u0161panjolske nogometne reprezentacije objavljeni su u o\u017eujku 2021. godine. Oni \u0107e se prvi put pojaviti na dresovima \u0161panjolske nogometne reprezentacije za Svjetsko prvenstvo 2022. [...]<\/p>\n<p>Savjeti za ispis: Ako ime i broj na slici to\u010dno odgovaraju va\u0161im \u017eeljama, ne morate ih ponovno unositi. Ako ne, unesite \u017eeljeno ime i broj.<\/p>\n<p>Savjeti za pranje: Preporu\u010duje se ru\u010dno pranje nogometnih dresova. Ako \u017eelite koristiti perilicu, sjetite se okrenuti dresove naopako prije pranja. Napunite perilicu hladnom vodom i koristite program za osjetljive tkanine kako biste bolje za\u0161titili boje.<\/p>","protected":false},"excerpt":{"rendered":"<p>Otprilike od ljeta 2022. \u0161panjolska nogometna reprezentacija \u0107e koristiti novi logo. Zamislili smo kako bi mogli izgledati dresovi \u0160panjolske s novim logom. Novi logotipi RFEF-a (\u0160panjolski nogometni savez) i \u0161panjolske nogometne reprezentacije objavljeni su u o\u017eujku 2021. godine. Oni \u0107e se prvi put pojaviti na dresovima \u0161panjolske nogometne reprezentacije za Svjetsko prvenstvo 2022. [...]<\/p>","protected":false},"featured_media":5794,"comment_status":"open","ping_status":"closed","template":"","meta":[],"product_brand":[],"product_cat":[131],"product_tag":[20,21,22,23,24,258,259],"class_list":{"0":"post-5755","1":"product","2":"type-product","3":"status-publish","4":"has-post-thumbnail","6":"product_cat-spanien-trikots","7":"product_tag-coole-fussballtrikots","8":"product_tag-fussballtrikot-fuer-herren","9":"product_tag-fussballtrikot-guenstig-kaufen","10":"product_tag-fussballtrikot-kurzarm","11":"product_tag-guenstiges-fussballtrikot","12":"product_tag-spanien-heimtrikot-wm-2022","13":"product_tag-spanien-heimtrikot-spanien-trikot-schwarz","15":"first","16":"instock","17":"shipping-taxable","18":"purchasable","19":"product-type-variable"},"_links":{"self":[{"href":"https:\/\/www.billigtrikotde.com\/hr\/wp-json\/wp\/v2\/product\/5755","targetHints":{"allow":["GET"]}}],"collection":[{"href":"https:\/\/www.billigtrikotde.com\/hr\/wp-json\/wp\/v2\/product"}],"about":[{"href":"https:\/\/www.billigtrikotde.com\/hr\/wp-json\/wp\/v2\/types\/product"}],"replies":[{"embeddable":true,"href":"https:\/\/www.billigtrikotde.com\/hr\/wp-json\/wp\/v2\/comments?post=5755"}],"wp:featuredmedia":[{"embeddable":true,"href":"https:\/\/www.billigtrikotde.com\/hr\/wp-json\/wp\/v2\/media\/5794"}],"wp:attachment":[{"href":"https:\/\/www.billigtrikotde.com\/hr\/wp-json\/wp\/v2\/media?parent=5755"}],"wp:term":[{"taxonomy":"product_brand","embeddable":true,"href":"https:\/\/www.billigtrikotde.com\/hr\/wp-json\/wp\/v2\/product_brand?post=5755"},{"taxonomy":"product_cat","embeddable":true,"href":"https:\/\/www.billigtrikotde.com\/hr\/wp-json\/wp\/v2\/product_cat?post=5755"},{"taxonomy":"product_tag","embeddable":true,"href":"https:\/\/www.billigtrikotde.com\/hr\/wp-json\/wp\/v2\/product_tag?post=5755"}],"curies":[{"name":"wp","href":"https:\/\/api.w.org\/{rel}","templated":true}]}}