{"id":5705,"date":"2024-10-23T17:06:55","date_gmt":"2024-10-23T15:06:55","guid":{"rendered":"http:\/\/billigtrikots.com\/?post_type=product&#038;p=5705"},"modified":"2024-10-23T17:08:57","modified_gmt":"2024-10-23T15:08:57","slug":"anpassbare-name-und-nummer-wales-heimtrikots-2022-rot-trikotsatz-kurzarm-kurze-hosen","status":"publish","type":"product","link":"https:\/\/www.billigtrikotde.com\/hr\/anpassbare-name-und-nummer-wales-heimtrikots-2022-rot-trikotsatz-kurzarm-kurze-hosen\/","title":{"rendered":"Prilagodljivo ime i broj Wales doma\u0107i dresovi 2022 crveni komplet dresova kratkih rukava + kratke hla\u010de"},"content":{"rendered":"<p>Wales je propustio kvalifikacije za UEFA-\u017eensko Europsko prvenstvo 2022., nakon \u0161to je zauzeo tre\u0107e mjesto u svojoj skupini iza Norve\u0161ke i Sjeverne Irske. Ipak, dres Walesa za \u017eene 2022. daje nam dojam o tome \u0161to mo\u017eemo o\u010dekivati od Adidas dresova za turnir. Adidas Wales 2022. doma\u0107i dres za \u017eene ima jasan dizajn u crvenoj boji s bijelim i zelenim zavr\u0161ecima na ovratniku i rukavima. Logotipi Adidas i Wales smje\u0161teni su u sredini.<\/p>\n<p>Savjeti za ispis: Ako ime i broj na slici to\u010dno odgovaraju va\u0161im \u017eeljama, ne morate ih ponovno unositi. Ako ne, unesite \u017eeljeno ime i broj.<\/p>\n<p>Savjeti za pranje: Preporu\u010duje se ru\u010dno pranje nogometnih dresova. Ako \u017eelite koristiti perilicu, sjetite se okrenuti dresove naopako prije pranja. Napunite perilicu hladnom vodom i koristite program za osjetljive tkanine kako biste bolje za\u0161titili boje.<\/p>","protected":false},"excerpt":{"rendered":"<p>Wales verpasste die Qualifikation f\u00fcr die UEFA-Frauen-Europameisterschaft 2022, nachdem es in seiner Gruppe hinter Norwegen und Nordirland Dritter wurde. Trotzdem gibt uns das Trikot der Frauen von Wales 2022 einen Eindruck davon, was wir von den Adidas-Trikots f\u00fcr das Turnier erwarten k\u00f6nnen.Das Adidas Wales 2022 Heim trikot f\u00fcr Frauen hat ein klares Design in Rot [&hellip;]<\/p>","protected":false},"featured_media":5737,"comment_status":"open","ping_status":"closed","template":"","meta":[],"product_brand":[],"product_cat":[255],"product_tag":[20,21,22,23,24,256,257],"class_list":{"0":"post-5705","1":"product","2":"type-product","3":"status-publish","4":"has-post-thumbnail","6":"product_cat-wales-trikots","7":"product_tag-coole-fussballtrikots","8":"product_tag-fussballtrikot-fuer-herren","9":"product_tag-fussballtrikot-guenstig-kaufen","10":"product_tag-fussballtrikot-kurzarm","11":"product_tag-guenstiges-fussballtrikot","12":"product_tag-wales-2022-trikot","13":"product_tag-wales-trikots","15":"first","16":"instock","17":"shipping-taxable","18":"purchasable","19":"product-type-variable"},"_links":{"self":[{"href":"https:\/\/www.billigtrikotde.com\/hr\/wp-json\/wp\/v2\/product\/5705","targetHints":{"allow":["GET"]}}],"collection":[{"href":"https:\/\/www.billigtrikotde.com\/hr\/wp-json\/wp\/v2\/product"}],"about":[{"href":"https:\/\/www.billigtrikotde.com\/hr\/wp-json\/wp\/v2\/types\/product"}],"replies":[{"embeddable":true,"href":"https:\/\/www.billigtrikotde.com\/hr\/wp-json\/wp\/v2\/comments?post=5705"}],"wp:featuredmedia":[{"embeddable":true,"href":"https:\/\/www.billigtrikotde.com\/hr\/wp-json\/wp\/v2\/media\/5737"}],"wp:attachment":[{"href":"https:\/\/www.billigtrikotde.com\/hr\/wp-json\/wp\/v2\/media?parent=5705"}],"wp:term":[{"taxonomy":"product_brand","embeddable":true,"href":"https:\/\/www.billigtrikotde.com\/hr\/wp-json\/wp\/v2\/product_brand?post=5705"},{"taxonomy":"product_cat","embeddable":true,"href":"https:\/\/www.billigtrikotde.com\/hr\/wp-json\/wp\/v2\/product_cat?post=5705"},{"taxonomy":"product_tag","embeddable":true,"href":"https:\/\/www.billigtrikotde.com\/hr\/wp-json\/wp\/v2\/product_tag?post=5705"}],"curies":[{"name":"wp","href":"https:\/\/api.w.org\/{rel}","templated":true}]}}