{"id":557,"date":"2024-10-23T12:54:26","date_gmt":"2024-10-23T10:54:26","guid":{"rendered":"http:\/\/billigtrikots.com\/?post_type=product&#038;p=557"},"modified":"2024-10-23T12:55:58","modified_gmt":"2024-10-23T10:55:58","slug":"herren-fussballtrikot-fc-barcelona-junior-firpo-24-home-trikotsatz-langarm-kurze-hosen","status":"publish","type":"product","link":"https:\/\/www.billigtrikotde.com\/hr\/herren-fussballtrikot-fc-barcelona-junior-firpo-24-home-trikotsatz-langarm-kurze-hosen\/","title":{"rendered":"Mu\u0161ki nogometni dres FC Barcelona Junior Firpo 24# doma\u0107i komplet s dugim rukavima + kratke hla\u010de"},"content":{"rendered":"<p>Zeige deine Zugeh\u00f6rigkeit zu deinem Team durch das leichte Modell in Blau. Das Nike Shirt ist die richtige Wahl. F\u00fcr wahre FC Barcelona-Fans ein Must-Have: das Heim-Shirt im Originaldesign, wie es die Spieler in der Primera Division tragen. Das bequeme, leichte, atmungsaktive und schwei\u00dfableitende Modell \u00fcberzeugt auf ganzer Linie. Egal, wie hart das Training oder das Spiel ist, mit diesem Modell bist du immer bestens gekleidet. Die tolle Optik dieses Trikots wird unterst\u00fctzt durch ein Vereinswappen auf der Brust. In diesem blauen Modell mit gestreifter Optik wirst du zu einem echten Eye-Catcher.<\/p>\n<p>Savjeti za ispis: Ako ime i broj na slici to\u010dno odgovaraju va\u0161im \u017eeljama, ne morate ih ponovno unositi. Ako ne, unesite \u017eeljeno ime i broj.<\/p>\n<p>Savjeti za pranje: Preporu\u010duje se ru\u010dno pranje nogometnih dresova. Ako \u017eelite koristiti perilicu, sjetite se okrenuti dresove naopako prije pranja. Napunite perilicu hladnom vodom i koristite program za osjetljive tkanine kako biste bolje za\u0161titili boje.<\/p>","protected":false},"excerpt":{"rendered":"<p>Poka\u017ei svoju pripadnost svom timu putem laganog modela u plavoj boji. Nike majica je pravi izbor. Za prave navija\u010de FC Barcelone, must-have: ku\u0107na majica u originalnom dizajnu, kakvu nose igra\u010di u La Ligi. Udoban, lagan, prozra\u010dan i odvode\u0107i znoj model uvjerljivo impresionira. Bez obzira koliko je trening naporan ili [...]<\/p>","protected":false},"featured_media":589,"comment_status":"open","ping_status":"closed","template":"","meta":[],"product_brand":[],"product_cat":[31],"product_tag":[20,33,38,21,24],"class_list":{"0":"post-557","1":"product","2":"type-product","3":"status-publish","4":"has-post-thumbnail","6":"product_cat-fc-barcelona","7":"product_tag-coole-fussballtrikots","8":"product_tag-fc-barcelona-trikots","9":"product_tag-fussball-trikot-langarm","10":"product_tag-fussballtrikot-fuer-herren","11":"product_tag-guenstiges-fussballtrikot","13":"first","14":"instock","15":"shipping-taxable","16":"purchasable","17":"product-type-variable"},"_links":{"self":[{"href":"https:\/\/www.billigtrikotde.com\/hr\/wp-json\/wp\/v2\/product\/557","targetHints":{"allow":["GET"]}}],"collection":[{"href":"https:\/\/www.billigtrikotde.com\/hr\/wp-json\/wp\/v2\/product"}],"about":[{"href":"https:\/\/www.billigtrikotde.com\/hr\/wp-json\/wp\/v2\/types\/product"}],"replies":[{"embeddable":true,"href":"https:\/\/www.billigtrikotde.com\/hr\/wp-json\/wp\/v2\/comments?post=557"}],"wp:featuredmedia":[{"embeddable":true,"href":"https:\/\/www.billigtrikotde.com\/hr\/wp-json\/wp\/v2\/media\/589"}],"wp:attachment":[{"href":"https:\/\/www.billigtrikotde.com\/hr\/wp-json\/wp\/v2\/media?parent=557"}],"wp:term":[{"taxonomy":"product_brand","embeddable":true,"href":"https:\/\/www.billigtrikotde.com\/hr\/wp-json\/wp\/v2\/product_brand?post=557"},{"taxonomy":"product_cat","embeddable":true,"href":"https:\/\/www.billigtrikotde.com\/hr\/wp-json\/wp\/v2\/product_cat?post=557"},{"taxonomy":"product_tag","embeddable":true,"href":"https:\/\/www.billigtrikotde.com\/hr\/wp-json\/wp\/v2\/product_tag?post=557"}],"curies":[{"name":"wp","href":"https:\/\/api.w.org\/{rel}","templated":true}]}}