{"id":5544,"date":"2024-10-23T16:59:50","date_gmt":"2024-10-23T14:59:50","guid":{"rendered":"http:\/\/billigtrikots.com\/?post_type=product&#038;p=5544"},"modified":"2024-10-23T17:01:59","modified_gmt":"2024-10-23T15:01:59","slug":"neue-fussballtrikots-der-usa-fuer-die-wm-2022-heimtrikot-marineblau-trikotsatz-sullivan-6","status":"publish","type":"product","link":"https:\/\/www.billigtrikotde.com\/hr\/neue-fussballtrikots-der-usa-fuer-die-wm-2022-heimtrikot-marineblau-trikotsatz-sullivan-6\/","title":{"rendered":"Nove nogometne majice za Hrvatsku za Svjetsko prvenstvo 2022 doma\u0107a majica mornarsko plava komplet SULLIVAN #6"},"content":{"rendered":"<p>Mo\u017eemo objaviti prve informacije o novom dresu 2022 Hrvatske od Nikea. Hvala Gol de Sergio. Hrvatska je trenutno druga u posljednjem krugu kvalifikacija za Svjetsko prvenstvo u nogometu 2022. godine. Prve tri mom\u010dadi se izravno kvalificiraju, \u010detvrtoplasirana mom\u010dad igra u doigravanju izme\u0111u saveznih dr\u017eava. Ova slika prikazuje boje novog Nike doma\u0107eg dresa za Hrvatsku za Svjetsko prvenstvo 2022.<br \/>\nNike Hrvatska 2022 dres kombinira najtradicionalnije boje hrvatskog nogometnog saveza \u2013 bijelu i mornarsko plavu. Slu\u017ebeno se nazivaju \u201eWhite \/ Loyal Blue\u201c. Loyal Blue je ista boja koja se koristi i za gostuju\u0107i dres 2020. godine. Ono \u0161to je posebno kod Nike Hrvatska 2022 dresa za Svjetsko prvenstvo jest vjerojatno pozicioniranje Swoosha. Umjesto Nike logotipa na prednjoj strani, Swooshi \u0107e vjerojatno biti na rukavima. To je isti stil logotipa koji poznajemo iz NFL-a. Nikada prije nije kori\u0161ten na Nike nogometnoj majici. Broj na prednjoj strani bit \u0107e na suprotnoj strani od grba hrvatskog nogometnog saveza.<\/p>\n<p>Savjeti za ispis: Ako ime i broj na slici to\u010dno odgovaraju va\u0161im \u017eeljama, ne morate ih ponovno unositi. Ako ne, unesite \u017eeljeno ime i broj.<\/p>\n<p>Savjeti za pranje: Preporu\u010duje se ru\u010dno pranje nogometnih dresova. Ako \u017eelite koristiti perilicu, sjetite se okrenuti dresove naopako prije pranja. Napunite perilicu hladnom vodom i koristite program za osjetljive tkanine kako biste bolje za\u0161titili boje.<\/p>","protected":false},"excerpt":{"rendered":"<p>Mo\u017eemo objaviti prve informacije o novom dresu 2022 Hrvatske od Nikea. Hvala Gol de Sergio. Hrvatska je trenutno druga u posljednjem krugu kvalifikacija za FIFA Svjetsko prvenstvo 2022. Prve tri mom\u010dadi se izravno kvalificiraju, \u010detvrtoplasirana mom\u010dad \u0107e se plasirati u doigravanje izme\u0111u reprezentacija. Ovaj [\u2026]<\/p>","protected":false},"featured_media":5576,"comment_status":"open","ping_status":"closed","template":"","meta":[],"product_brand":[],"product_cat":[245],"product_tag":[20,43,21,22,23,24,246,247,248,249,250],"class_list":{"0":"post-5544","1":"product","2":"type-product","3":"status-publish","4":"has-post-thumbnail","6":"product_cat-usa-trikots","7":"product_tag-coole-fussballtrikots","8":"product_tag-fussballkleidung","9":"product_tag-fussballtrikot-fuer-herren","10":"product_tag-fussballtrikot-guenstig-kaufen","11":"product_tag-fussballtrikot-kurzarm","12":"product_tag-guenstiges-fussballtrikot","13":"product_tag-united-states-2022-trikot","14":"product_tag-usa-fussball-shop","15":"product_tag-usa-fussball-trikot","16":"product_tag-usa-nationalmannschaft","17":"product_tag-usa-trikot-herren","19":"first","20":"instock","21":"shipping-taxable","22":"purchasable","23":"product-type-variable"},"_links":{"self":[{"href":"https:\/\/www.billigtrikotde.com\/hr\/wp-json\/wp\/v2\/product\/5544","targetHints":{"allow":["GET"]}}],"collection":[{"href":"https:\/\/www.billigtrikotde.com\/hr\/wp-json\/wp\/v2\/product"}],"about":[{"href":"https:\/\/www.billigtrikotde.com\/hr\/wp-json\/wp\/v2\/types\/product"}],"replies":[{"embeddable":true,"href":"https:\/\/www.billigtrikotde.com\/hr\/wp-json\/wp\/v2\/comments?post=5544"}],"wp:featuredmedia":[{"embeddable":true,"href":"https:\/\/www.billigtrikotde.com\/hr\/wp-json\/wp\/v2\/media\/5576"}],"wp:attachment":[{"href":"https:\/\/www.billigtrikotde.com\/hr\/wp-json\/wp\/v2\/media?parent=5544"}],"wp:term":[{"taxonomy":"product_brand","embeddable":true,"href":"https:\/\/www.billigtrikotde.com\/hr\/wp-json\/wp\/v2\/product_brand?post=5544"},{"taxonomy":"product_cat","embeddable":true,"href":"https:\/\/www.billigtrikotde.com\/hr\/wp-json\/wp\/v2\/product_cat?post=5544"},{"taxonomy":"product_tag","embeddable":true,"href":"https:\/\/www.billigtrikotde.com\/hr\/wp-json\/wp\/v2\/product_tag?post=5544"}],"curies":[{"name":"wp","href":"https:\/\/api.w.org\/{rel}","templated":true}]}}