{"id":5500,"date":"2024-10-23T16:57:37","date_gmt":"2024-10-23T14:57:37","guid":{"rendered":"http:\/\/billigtrikots.com\/?post_type=product&#038;p=5500"},"modified":"2024-10-23T16:59:44","modified_gmt":"2024-10-23T14:59:44","slug":"paris-saint-germain-heimtrikot-2022-23-blau-fussballtrikot-kurzarm-florenzi-24","status":"publish","type":"product","link":"https:\/\/www.billigtrikotde.com\/hr\/paris-saint-germain-heimtrikot-2022-23-blau-fussballtrikot-kurzarm-florenzi-24\/","title":{"rendered":"Paris Saint Germain ku\u0107ni dres 2022\/23 plavi nogometni dres kratkih rukava FLORENZI #24"},"content":{"rendered":"<p>Dres PSG 22-23 ima izgled koji je inspiriran klasi\u010dnim Hechterom, ali su bijela i crvena zamijenjene. Novi PSG 22-23 dres posljednji je u dugoj listi od 22-23 dresova koji su nedavno procurili, ve\u0107ina vi\u0161e od cijele godine prije nego \u0161to su objavljeni. Pogledajte i provale Chelseaja, Liverpoola i Tottenhama. To je elegantan dizajn koji je prekinut samo jednim izrezom Hechtera... Dizajner nogometnih dresova Franco Carabajal zamislio je kako bi dres bez njega mogao izgledati. PSG 22-23 dres ima kontinuirani Hechterov prugast uzorak umjesto velikog reza u sredini. To \u010dini dizajn mnogo boljim.<br \/>\nFranco je tako\u0111er napravio dvije verzije s logom Accor Live Limitless. Posebno nam se svi\u0111a verzija s malim ACC unutar bijelog dresa. U stvarnosti, izrez bi trebao biti jo\u0161 ve\u0107i, jer logo ACC tako\u0111er sadr\u017ei tekst Accor Live Limitless ispod. Paris Saint-Germain mogao bi predstaviti novi dres 22-23 ve\u0107 u posljednjoj utakmici sezone protiv Metza 21. svibnja 2022. Ako je tako, sigurno \u0107e ga nositi s logom ACC. Logotipi na dresu Paris Saint-Germain 22-23 smje\u0161teni su u sredini, pri \u010demu je swoosh vidljiv ispod klupskog grba.<\/p>\n<p>Savjeti za ispis: Ako ime i broj na slici to\u010dno odgovaraju va\u0161im \u017eeljama, ne morate ih ponovno unositi. Ako ne, unesite \u017eeljeno ime i broj.<\/p>\n<p>Savjeti za pranje: Preporu\u010duje se ru\u010dno pranje nogometnih dresova. Ako \u017eelite koristiti perilicu, sjetite se okrenuti dresove naopako prije pranja. Napunite perilicu hladnom vodom i koristite program za osjetljive tkanine kako biste bolje za\u0161titili boje.<\/p>","protected":false},"excerpt":{"rendered":"<p>Dres PSG 22-23 ima izgled koji je inspiriran klasi\u010dnim Hechterom, ali su bijela i crvena zamijenjene. Novi dres PSG 22-23 posljednji je u dugom popisu dresova 22-23 koji su nedavno procurili, ve\u0107ina vi\u0161e od cijele godine prije nego \u0161to su objavljeni. Pogledaj [\u2026]<\/p>","protected":false},"featured_media":5538,"comment_status":"open","ping_status":"closed","template":"","meta":[],"product_brand":[],"product_cat":[39],"product_tag":[20,43,21,22,23,24,44,41,244],"class_list":{"0":"post-5500","1":"product","2":"type-product","3":"status-publish","4":"has-post-thumbnail","6":"product_cat-paris-saint-germain","7":"product_tag-coole-fussballtrikots","8":"product_tag-fussballkleidung","9":"product_tag-fussballtrikot-fuer-herren","10":"product_tag-fussballtrikot-guenstig-kaufen","11":"product_tag-fussballtrikot-kurzarm","12":"product_tag-guenstiges-fussballtrikot","13":"product_tag-paris-saint-germain-auswaertstrikot","14":"product_tag-paris-saint-germain-trikots","15":"product_tag-psg-trikot-2022-23","17":"first","18":"instock","19":"shipping-taxable","20":"purchasable","21":"product-type-variable"},"_links":{"self":[{"href":"https:\/\/www.billigtrikotde.com\/hr\/wp-json\/wp\/v2\/product\/5500","targetHints":{"allow":["GET"]}}],"collection":[{"href":"https:\/\/www.billigtrikotde.com\/hr\/wp-json\/wp\/v2\/product"}],"about":[{"href":"https:\/\/www.billigtrikotde.com\/hr\/wp-json\/wp\/v2\/types\/product"}],"replies":[{"embeddable":true,"href":"https:\/\/www.billigtrikotde.com\/hr\/wp-json\/wp\/v2\/comments?post=5500"}],"wp:featuredmedia":[{"embeddable":true,"href":"https:\/\/www.billigtrikotde.com\/hr\/wp-json\/wp\/v2\/media\/5538"}],"wp:attachment":[{"href":"https:\/\/www.billigtrikotde.com\/hr\/wp-json\/wp\/v2\/media?parent=5500"}],"wp:term":[{"taxonomy":"product_brand","embeddable":true,"href":"https:\/\/www.billigtrikotde.com\/hr\/wp-json\/wp\/v2\/product_brand?post=5500"},{"taxonomy":"product_cat","embeddable":true,"href":"https:\/\/www.billigtrikotde.com\/hr\/wp-json\/wp\/v2\/product_cat?post=5500"},{"taxonomy":"product_tag","embeddable":true,"href":"https:\/\/www.billigtrikotde.com\/hr\/wp-json\/wp\/v2\/product_tag?post=5500"}],"curies":[{"name":"wp","href":"https:\/\/api.w.org\/{rel}","templated":true}]}}